{"id":5034,"date":"2019-06-26T15:10:52","date_gmt":"2019-06-26T13:10:52","guid":{"rendered":"https:\/\/www.rd-as.com\/?page_id=5034"},"modified":"2026-03-04T10:41:57","modified_gmt":"2026-03-04T09:41:57","slug":"bolt-check","status":"publish","type":"page","link":"https:\/\/rdtestsystems.com\/de\/bolt-check\/","title":{"rendered":"Bolt-Check"},"content":{"rendered":"","protected":false},"excerpt":{"rendered":"","protected":false},"author":1,"featured_media":15635,"parent":0,"menu_order":2,"comment_status":"closed","ping_status":"closed","template":"views\/template-modules.blade.php","meta":{"footnotes":""},"class_list":["post-5034","page","type-page","status-publish","has-post-thumbnail","hentry"],"yoast_head":"<!-- This site is optimized with the Yoast SEO plugin v25.7 - https:\/\/yoast.com\/wordpress\/plugins\/seo\/ -->\n<title>Bolt-Check | R&amp;D Test Systems<\/title>\n<meta name=\"description\" content=\"Bolt-Check is a bolt measurement system, which can maximise the reliability of turbines, and reduce the need for maintenance and downtime.\" \/>\n<meta name=\"robots\" content=\"index, follow, max-snippet:-1, max-image-preview:large, max-video-preview:-1\" \/>\n<link rel=\"canonical\" href=\"https:\/\/rdtestsystems.com\/de\/bolt-check\/\" \/>\n<meta property=\"og:locale\" content=\"de_DE\" \/>\n<meta property=\"og:type\" content=\"article\" \/>\n<meta property=\"og:title\" content=\"Bolt-Check | R&amp;D Test Systems\" \/>\n<meta property=\"og:description\" content=\"Bolt-Check is a bolt measurement system, which can maximise the reliability of turbines, and reduce the need for maintenance and downtime.\" \/>\n<meta property=\"og:url\" content=\"https:\/\/rdtestsystems.com\/de\/bolt-check\/\" \/>\n<meta property=\"og:site_name\" content=\"R&amp;D Test Systems\" \/>\n<meta property=\"article:modified_time\" content=\"2026-03-04T09:41:57+00:00\" \/>\n<meta property=\"og:image\" content=\"https:\/\/rdtestsystems.com\/app\/uploads\/2023\/05\/DSC_0593-e1684328035804.jpg\" \/>\n\t<meta property=\"og:image:width\" content=\"3000\" \/>\n\t<meta property=\"og:image:height\" content=\"2000\" \/>\n\t<meta property=\"og:image:type\" content=\"image\/jpeg\" \/>\n<meta name=\"twitter:card\" content=\"summary_large_image\" \/>\n<meta name=\"twitter:label1\" content=\"Est. reading time\" \/>\n\t<meta name=\"twitter:data1\" content=\"1 minute\" \/>\n<script type=\"application\/ld+json\" class=\"yoast-schema-graph\">{\"@context\":\"https:\/\/schema.org\",\"@graph\":[{\"@type\":\"WebPage\",\"@id\":\"https:\/\/rdtestsystems.com\/de\/bolt-check\/\",\"url\":\"https:\/\/rdtestsystems.com\/de\/bolt-check\/\",\"name\":\"Bolt-Check | R&D Test Systems\",\"isPartOf\":{\"@id\":\"https:\/\/rdtestsystems.com\/#website\"},\"primaryImageOfPage\":{\"@id\":\"https:\/\/rdtestsystems.com\/de\/bolt-check\/#primaryimage\"},\"image\":{\"@id\":\"https:\/\/rdtestsystems.com\/de\/bolt-check\/#primaryimage\"},\"thumbnailUrl\":\"https:\/\/rdtestsystems.com\/app\/uploads\/2023\/05\/DSC_0593-e1684328035804.jpg\",\"datePublished\":\"2019-06-26T13:10:52+00:00\",\"dateModified\":\"2026-03-04T09:41:57+00:00\",\"description\":\"Bolt-Check is a bolt measurement system, which can maximise the reliability of turbines, and reduce the need for maintenance and downtime.\",\"breadcrumb\":{\"@id\":\"https:\/\/rdtestsystems.com\/de\/bolt-check\/#breadcrumb\"},\"inLanguage\":\"de-DE\",\"potentialAction\":[{\"@type\":\"ReadAction\",\"target\":[\"https:\/\/rdtestsystems.com\/de\/bolt-check\/\"]}]},{\"@type\":\"ImageObject\",\"inLanguage\":\"de-DE\",\"@id\":\"https:\/\/rdtestsystems.com\/de\/bolt-check\/#primaryimage\",\"url\":\"https:\/\/rdtestsystems.com\/app\/uploads\/2023\/05\/DSC_0593-e1684328035804.jpg\",\"contentUrl\":\"https:\/\/rdtestsystems.com\/app\/uploads\/2023\/05\/DSC_0593-e1684328035804.jpg\",\"width\":3000,\"height\":2000},{\"@type\":\"BreadcrumbList\",\"@id\":\"https:\/\/rdtestsystems.com\/de\/bolt-check\/#breadcrumb\",\"itemListElement\":[{\"@type\":\"ListItem\",\"position\":1,\"name\":\"Home\",\"item\":\"https:\/\/rdtestsystems.com\/de\/\"},{\"@type\":\"ListItem\",\"position\":2,\"name\":\"Bolt-Check\"}]},{\"@type\":\"WebSite\",\"@id\":\"https:\/\/rdtestsystems.com\/#website\",\"url\":\"https:\/\/rdtestsystems.com\/\",\"name\":\"R&amp;D Test Systems\",\"description\":\"Creating Value Through World-Class Engineering\",\"potentialAction\":[{\"@type\":\"SearchAction\",\"target\":{\"@type\":\"EntryPoint\",\"urlTemplate\":\"https:\/\/rdtestsystems.com\/?s={search_term_string}\"},\"query-input\":{\"@type\":\"PropertyValueSpecification\",\"valueRequired\":true,\"valueName\":\"search_term_string\"}}],\"inLanguage\":\"de-DE\"}]}<\/script>\n<!-- \/ Yoast SEO plugin. -->","yoast_head_json":{"title":"Bolt-Check | R&D Test Systems","description":"Bolt-Check is a bolt measurement system, which can maximise the reliability of turbines, and reduce the need for maintenance and downtime.","robots":{"index":"index","follow":"follow","max-snippet":"max-snippet:-1","max-image-preview":"max-image-preview:large","max-video-preview":"max-video-preview:-1"},"canonical":"https:\/\/rdtestsystems.com\/de\/bolt-check\/","og_locale":"de_DE","og_type":"article","og_title":"Bolt-Check | R&D Test Systems","og_description":"Bolt-Check is a bolt measurement system, which can maximise the reliability of turbines, and reduce the need for maintenance and downtime.","og_url":"https:\/\/rdtestsystems.com\/de\/bolt-check\/","og_site_name":"R&amp;D Test Systems","article_modified_time":"2026-03-04T09:41:57+00:00","og_image":[{"width":3000,"height":2000,"url":"https:\/\/rdtestsystems.com\/app\/uploads\/2023\/05\/DSC_0593-e1684328035804.jpg","type":"image\/jpeg"}],"twitter_card":"summary_large_image","twitter_misc":{"Est. reading time":"1 minute"},"schema":{"@context":"https:\/\/schema.org","@graph":[{"@type":"WebPage","@id":"https:\/\/rdtestsystems.com\/de\/bolt-check\/","url":"https:\/\/rdtestsystems.com\/de\/bolt-check\/","name":"Bolt-Check | R&D Test Systems","isPartOf":{"@id":"https:\/\/rdtestsystems.com\/#website"},"primaryImageOfPage":{"@id":"https:\/\/rdtestsystems.com\/de\/bolt-check\/#primaryimage"},"image":{"@id":"https:\/\/rdtestsystems.com\/de\/bolt-check\/#primaryimage"},"thumbnailUrl":"https:\/\/rdtestsystems.com\/app\/uploads\/2023\/05\/DSC_0593-e1684328035804.jpg","datePublished":"2019-06-26T13:10:52+00:00","dateModified":"2026-03-04T09:41:57+00:00","description":"Bolt-Check is a bolt measurement system, which can maximise the reliability of turbines, and reduce the need for maintenance and downtime.","breadcrumb":{"@id":"https:\/\/rdtestsystems.com\/de\/bolt-check\/#breadcrumb"},"inLanguage":"de-DE","potentialAction":[{"@type":"ReadAction","target":["https:\/\/rdtestsystems.com\/de\/bolt-check\/"]}]},{"@type":"ImageObject","inLanguage":"de-DE","@id":"https:\/\/rdtestsystems.com\/de\/bolt-check\/#primaryimage","url":"https:\/\/rdtestsystems.com\/app\/uploads\/2023\/05\/DSC_0593-e1684328035804.jpg","contentUrl":"https:\/\/rdtestsystems.com\/app\/uploads\/2023\/05\/DSC_0593-e1684328035804.jpg","width":3000,"height":2000},{"@type":"BreadcrumbList","@id":"https:\/\/rdtestsystems.com\/de\/bolt-check\/#breadcrumb","itemListElement":[{"@type":"ListItem","position":1,"name":"Home","item":"https:\/\/rdtestsystems.com\/de\/"},{"@type":"ListItem","position":2,"name":"Bolt-Check"}]},{"@type":"WebSite","@id":"https:\/\/rdtestsystems.com\/#website","url":"https:\/\/rdtestsystems.com\/","name":"R&amp;D Test Systems","description":"Creating Value Through World-Class Engineering","potentialAction":[{"@type":"SearchAction","target":{"@type":"EntryPoint","urlTemplate":"https:\/\/rdtestsystems.com\/?s={search_term_string}"},"query-input":{"@type":"PropertyValueSpecification","valueRequired":true,"valueName":"search_term_string"}}],"inLanguage":"de-DE"}]}},"app_templates_about_top_banner_image":"","app_templates_about_top_banner_video":"","app_templates_about_top_banner_subtitle":"","app_templates_about_top_banner_title":"","app_templates_about_modules_sections":[],"app_templates_about_clients_bg_color":"transparent","app_templates_about_clients_title":"","app_templates_about_clients_logos":[],"app_templates_about_clients_button":{"value":"","url":"","anchor":"","blank":0},"app_templates_contact_top_banner_image":"","app_templates_contact_top_banner_video":"","app_templates_contact_top_banner_subtitle":"","app_templates_contact_top_banner_title":"","app_templates_contact_legal_company_name":"","app_templates_contact_legal_street":"","app_templates_contact_legal_zip":"","app_templates_contact_legal_city":"","app_templates_contact_offices_title":"","app_templates_contact_offices_description":"","app_templates_contact_form_subjects":[],"app_templates_contact_modules_sections":[],"app_templates_homepage_top_slider_slides":[],"app_templates_homepage_modules_sections":[],"app_templates_modules_top_banner_image":"18845","app_templates_modules_top_banner_video":"","app_templates_modules_top_banner_subtitle":"Bolt-Check","app_templates_modules_top_banner_title":"Bolt-Check: Pr\u00e4zise \u00dcberpr\u00fcfung von Schraubverbindungen","app_templates_modules_modules_sections":[{"_type":"text_image","nav_title":"","bg_color":"transparent","title":"Einfache, schnelle und genaue Schraubenkontrolle","preface":"","image":"","video":"18911","autoplay":false,"position":"right","content":"<ul>\r\n \t<li>Pr\u00e4zise Ermittlung der Belastung<\/li>\r\n \t<li>\r\n<p data-start=\"219\" data-end=\"282\">Sicherung der vollst\u00e4ndigen <span style=\"font-size: 1rem; letter-spacing: 0.03em;\">R\u00fcckverfolgbarkeit mit RFID-markierten Schrauben<\/span><\/p>\r\n<\/li>\r\n \t<li>\r\n<p data-start=\"219\" data-end=\"282\">Fehlerminimierung durch automatisierte Datenerfassung und Berichtserstellung<\/p>\r\n<\/li>\r\n \t<li>\r\n<p data-start=\"219\" data-end=\"282\">Senkung der Wartungskosten durch optimierten, vorausschauenden Service<\/p>\r\n<\/li>\r\n \t<li>\r\n<p data-start=\"219\" data-end=\"282\">Weiterentwickeltes (tbd) Ger\u00e4tedesign verbessert Arbeitssicherheit und Gesundheitsschutz (HSE) und reduziert die k\u00f6rperliche Belastung<\/p>\r\n<\/li>\r\n<\/ul>","button":{"value":"","url":"","anchor":"","blank":"0"},"button_color":"btn-yellow","services":[]},{"_type":"text_image_number","nav_title":"","bg_color":"light","title":"W\u00e4hlen Sie Ihren Service","boxes":[{"_type":"_","image":"18666","title":"Service und Retrofit","body":"","number":"","unit":"","number_position":"flex-row","text_position":"center","link":{"value":"","url":"\/de\/bolt-check\/service-retrofit\/","anchor":"Mehr erfahren","blank":"0"},"button_color":"btn-yellow"},{"_type":"_","image":"18674","title":"Installation","body":"","number":"","unit":"","number_position":"flex-row","text_position":"center","link":{"value":"","url":"\/de\/bolt-check\/installation\/","anchor":"Mehr erfahren","blank":"0"},"button_color":"btn-yellow"},{"_type":"_","image":"18683","title":"Design und Engineering","body":"","number":"","unit":"","number_position":"flex-row","text_position":"center","link":{"value":"","url":"\/de\/bolt-check\/design-engineering\/","anchor":"Mehr erfahren","blank":"0"},"button_color":"btn-yellow"},{"_type":"_","image":"18678","title":"Schraubenhersteller","body":"","number":"","unit":"","number_position":"flex-row","text_position":"center","link":{"value":"","url":"\/de\/bolt-check\/bolt-manufacturer\/","anchor":"Bolt Manufacturer","blank":"0"},"button_color":"btn-yellow"}]},{"_type":"newsletter","nav_title":"","bg_color":"transparent","pretitle":"","title":"","description":"","shortcode":"[activecampaign form=55]","sub_description":"","full_width":true},{"_type":"text_image","nav_title":"","bg_color":"transparent","title":"Sicherung der Schraubenzuverl\u00e4ssigkeit durch Ultraschallpr\u00fcfung","preface":"","image":"18453","video":"","autoplay":false,"position":"left","content":"<p data-start=\"843\" data-end=\"1186\">Bolt-Check ist ein hochmodernes Ultraschall-Messger\u00e4t, das schnelle und pr\u00e4zise Inspektionen von Schraubverbindungen erm\u00f6glicht. Die intuitive Benutzeroberfl\u00e4che, die Ultraschalltechnologie und das R\u00fcckverfolgbarkeitssystem erlauben es, Schrauben in der Datenbank sofort zu lokalisieren und Service- sowie Wartungsarbeiten gezielt zu planen.<\/p>\r\n<p data-start=\"1188\" data-end=\"1550\">Bolt-Check ist f\u00fcr die meisten Schraubentypen geeignet und erfordert keine besondere Vorbehandlung. Es kann einen wesentlichen Beitrag dazu leisten, die Betriebszeit zu maximieren und Ausf\u00e4lle zu minimieren. Dar\u00fcber hinaus bietet Bolt-Check eine Cloud-L\u00f6sung mit einer benutzerfreundlichen Datenbank zum Speichern, Sortieren und Analysieren der Messergebnisse.<\/p>","button":{"value":"","url":"mailto:sales@bolt-check.com","anchor":"Vereinfachte Schraubenkontrolle und Dokumentation","blank":"0"},"button_color":"btn-yellow","services":[]},{"_type":"video-module","nav_title":"","bg_color":"light","title":"Schneller und einfacher Service von Windturbinen","description":"Erhalten Sie einen genaueren Einblick, wie Bolt-Check zusammen mit dem Panasonic TOUGHBOOK beim Service einer Windturbine eingesetzt wird.","video":"","embed":"https:\/\/www.youtube.com\/watch?v=u5DQY6QHhRw","video_size":"sm"},{"_type":"text_image","nav_title":"","bg_color":"transparent","title":"","preface":"<b>Ultraschallmessung erkl\u00e4rt<\/b>","image":"","video":"9751","autoplay":false,"position":"right","content":"<p data-start=\"1856\" data-end=\"2227\">Bolt-Check nutzt Ultraschalltechnologie, um die Schraubenverl\u00e4ngerung pr\u00e4zise zu messen \u2013 ein entscheidender Indikator daf\u00fcr, ob die richtige Klemmkraft erreicht wurde. Ein kleiner Wandler sendet eine Schallwelle durch die Schraube und misst die Zeit, die das Echo f\u00fcr die R\u00fcckkehr ben\u00f6tigt. Diese R\u00fccklaufzeit spiegelt die ultraschallbasierte L\u00e4nge der Schraube wider.<\/p>\r\n<p data-start=\"2229\" data-end=\"2532\">Durch den Vergleich der Ultraschalll\u00e4nge vor und nach dem Anziehen bestimmt Bolt-Check die Verl\u00e4ngerung der Schraube. Um die Genauigkeit sicherzustellen, kompensiert das System automatisch Temperatur\u00e4nderungen, die sowohl die Schraubenl\u00e4nge als auch die Schallgeschwindigkeit im Material beeinflussen.<\/p>\r\n<p data-start=\"2534\" data-end=\"2892\">Da sich die Ultraschalll\u00e4nge anders ver\u00e4ndert als die physikalische L\u00e4nge, verwendet Bolt-Check einen integrierten, materialspezifischen Spannungsfaktor, um die Daten in die tats\u00e4chliche physikalische Verl\u00e4ngerung umzuwandeln. Das Ergebnis ist eine zuverl\u00e4ssige, schnelle und zerst\u00f6rungsfreie Methode zur \u00dcberpr\u00fcfung der Vorspannung in Schraubverbindungen.<\/p>","button":{"value":"","url":"","anchor":"","blank":"0"},"button_color":"btn-primary","services":[]},{"_type":"text_image","nav_title":"","bg_color":"transparent","title":"","preface":"<b>R\u00fcckverfolgbarkeit und cloudbasierte Datenverwaltung<\/b>","image":"18874","video":"","autoplay":false,"position":"left","content":"<p data-start=\"2959\" data-end=\"3283\">Ein R\u00fcckverfolgbarkeits-Tag stattet jede Schraube mit einer eindeutigen ID aus, wodurch eine vollst\u00e4ndige Nachverfolgung \u00fcber den gesamten Lebenszyklus m\u00f6glich ist. Techniker k\u00f6nnen jedes Schrauben-Tag mithilfe von Bolt-Check und dem RFID-Stift scannen, um sofort auf die Messhistorie und Identifikationsdaten zuzugreifen.<\/p>\r\n<p data-start=\"3285\" data-end=\"3704\">Alle Messdaten werden automatisch mit der Web-App synchronisiert \u2013 einer cloudbasierten Plattform zum Verwalten von Schraubenprojekten, Speichern von Aufzeichnungen und Teilen von Daten. Sobald das Ger\u00e4t mit dem Internet verbunden ist, synchronisiert sich Bolt-Check kontinuierlich mit der Web-App, um sicherzustellen, dass s\u00e4mtliche Dokumentationen vollst\u00e4ndig, organisiert und jederzeit von \u00fcberall zug\u00e4nglich sind.<\/p>","button":{"value":"","url":"","anchor":"","blank":"0"},"button_color":"btn-primary","services":[]},{"_type":"info_banner","nav_title":"","bg_color":"transparent","image":"15214","video":"","pretitle":"Fallbeispiel","title":"Vestas verbessert das Anziehen von Schrauben durch Ultraschallpr\u00fcfung","preface":"","content":"\u201eDurch die Nutzung von Bolt-Check als Dokumentationswerkzeug sind wir in der Lage zu untersuchen, wie sich Realit\u00e4t und Berechnungen im Installationsprozess decken. R&amp;D Test Systems kann mit dem Bolt-Check-Tool eine L\u00f6sung bereitstellen, die \u00fcber theoretische Berechnungen hinausgeht, indem tats\u00e4chliche Daten von der Baustelle erfasst werden,\u201c erkl\u00e4rt Peter B\u00e6kh\u00f8j Schandel, Blade Bearing Engineer bei Vestas.","button":{"value":"","url":"\/cases\/vestas-achieves-efficiency-and-accuracy-of-its-bolted-joints\/","anchor":"Sehen Sie, wie Vestas es umgesetzt hat","blank":"0"},"button_color":"btn-yellow","services":[],"position":"left","background_color":"semi-white"},{"_type":"logos","nav_title":"","bg_color":"light","title":"Weitere Bolt-Check-Dienstleistungen","values":[{"_type":"_","icon":"","title":"Service und Beratung","text":"Unser Spezialistenteam f\u00fchrt Vor-Ort-Messungen durch und erstellt Berichte \u00fcber den Zustand Ihrer Verbindungen.\r\n\r\n<b>Kontaktieren Sie uns f\u00fcr weitere Informationen.<\/b>"},{"_type":"_","icon":"","title":"Spezialisierte Schraubentests","text":"Testen Sie in unserem Pr\u00fcflabor den Zusammenhang zwischen dem aufgebrachten Drehmoment und der resultierenden Schraubenspannung.\r\n\r\n<b>Kontaktieren Sie uns f\u00fcr weitere Informationen.<\/b>"}]},{"_type":"contact","nav_title":"","bg_color":"transparent","title":"Lassen Sie uns Ihre Herausforderungen bei der Schraubenmontage l\u00f6sen","description":"Wir bieten tiefgehendes technisches Know-how, praxisnahe Beratung und ma\u00dfgeschneiderte L\u00f6sungen f\u00fcr Ihre spezifischen Anforderungen.","show_categories":false,"form_text":"Mit dem Absenden des Kontaktformulars best\u00e4tigen Sie, dass Sie unsere Datenschutzbestimmungen gelesen und akzeptiert haben.","subjects":[{"_type":"_","subject":"Angebot anfordern"},{"_type":"_","subject":"Vorf\u00fchrung buchen"},{"_type":"_","subject":"Schulung"},{"_type":"_","subject":"Kalibrierung"},{"_type":"_","subject":"Sonstiges"}],"employees":[{"value":"post:employees:18093","type":"post","subtype":"employees","id":"18093"}],"hide_responsibilities":false}],"app_templates_modules_custom_backlink_link":{"value":"","url":"","anchor":"","blank":"0"},"app_templates_privacy_policy_top_banner_image":"","app_templates_privacy_policy_top_banner_video":"","app_templates_privacy_policy_top_banner_subtitle":"","app_templates_privacy_policy_top_banner_title":"","_links":{"self":[{"href":"https:\/\/rdtestsystems.com\/de\/wp-json\/wp\/v2\/pages\/5034","targetHints":{"allow":["GET"]}}],"collection":[{"href":"https:\/\/rdtestsystems.com\/de\/wp-json\/wp\/v2\/pages"}],"about":[{"href":"https:\/\/rdtestsystems.com\/de\/wp-json\/wp\/v2\/types\/page"}],"author":[{"embeddable":true,"href":"https:\/\/rdtestsystems.com\/de\/wp-json\/wp\/v2\/users\/1"}],"replies":[{"embeddable":true,"href":"https:\/\/rdtestsystems.com\/de\/wp-json\/wp\/v2\/comments?post=5034"}],"version-history":[{"count":52,"href":"https:\/\/rdtestsystems.com\/de\/wp-json\/wp\/v2\/pages\/5034\/revisions"}],"predecessor-version":[{"id":18981,"href":"https:\/\/rdtestsystems.com\/de\/wp-json\/wp\/v2\/pages\/5034\/revisions\/18981"}],"wp:featuredmedia":[{"embeddable":true,"href":"https:\/\/rdtestsystems.com\/de\/wp-json\/wp\/v2\/media\/15635"}],"wp:attachment":[{"href":"https:\/\/rdtestsystems.com\/de\/wp-json\/wp\/v2\/media?parent=5034"}],"curies":[{"name":"wp","href":"https:\/\/api.w.org\/{rel}","templated":true}]}}