{"id":5032,"date":"2019-11-25T14:38:49","date_gmt":"2019-11-25T13:38:49","guid":{"rendered":"https:\/\/www.rd-as.com\/?page_id=5032"},"modified":"2019-12-03T14:56:45","modified_gmt":"2019-12-03T13:56:45","slug":"rotorblatt-pruefmittel","status":"publish","type":"page","link":"https:\/\/rdtestsystems.com\/de\/rotorblatt-pruefmittel\/","title":{"rendered":"Rotorblatt-Pr\u00fcfmittel"},"content":{"rendered":"","protected":false},"excerpt":{"rendered":"","protected":false},"author":14,"featured_media":0,"parent":0,"menu_order":8,"comment_status":"closed","ping_status":"closed","template":"views\/template-modules.blade.php","meta":{"footnotes":""},"class_list":["post-5032","page","type-page","status-publish","hentry"],"yoast_head":"<!-- This site is optimized with the Yoast SEO plugin v25.7 - https:\/\/yoast.com\/wordpress\/plugins\/seo\/ -->\n<title>Rotorblatt-Pr\u00fcfmittel - R&amp;D Test Systems<\/title>\n<meta name=\"robots\" content=\"index, follow, max-snippet:-1, max-image-preview:large, max-video-preview:-1\" \/>\n<link rel=\"canonical\" href=\"https:\/\/rdtestsystems.com\/de\/rotorblatt-pruefmittel\/\" \/>\n<meta property=\"og:locale\" content=\"de_DE\" \/>\n<meta property=\"og:type\" content=\"article\" \/>\n<meta property=\"og:title\" content=\"Rotorblatt-Pr\u00fcfmittel - R&amp;D Test Systems\" \/>\n<meta property=\"og:url\" content=\"https:\/\/rdtestsystems.com\/de\/rotorblatt-pruefmittel\/\" \/>\n<meta property=\"og:site_name\" content=\"R&amp;D Test Systems\" \/>\n<meta property=\"article:modified_time\" content=\"2019-12-03T13:56:45+00:00\" \/>\n<meta name=\"twitter:card\" content=\"summary_large_image\" \/>\n<script type=\"application\/ld+json\" class=\"yoast-schema-graph\">{\"@context\":\"https:\/\/schema.org\",\"@graph\":[{\"@type\":\"WebPage\",\"@id\":\"https:\/\/rdtestsystems.com\/de\/rotorblatt-pruefmittel\/\",\"url\":\"https:\/\/rdtestsystems.com\/de\/rotorblatt-pruefmittel\/\",\"name\":\"Rotorblatt-Pr\u00fcfmittel - R&amp;D Test Systems\",\"isPartOf\":{\"@id\":\"https:\/\/rdtestsystems.com\/#website\"},\"datePublished\":\"2019-11-25T13:38:49+00:00\",\"dateModified\":\"2019-12-03T13:56:45+00:00\",\"breadcrumb\":{\"@id\":\"https:\/\/rdtestsystems.com\/de\/rotorblatt-pruefmittel\/#breadcrumb\"},\"inLanguage\":\"de-DE\",\"potentialAction\":[{\"@type\":\"ReadAction\",\"target\":[\"https:\/\/rdtestsystems.com\/de\/rotorblatt-pruefmittel\/\"]}]},{\"@type\":\"BreadcrumbList\",\"@id\":\"https:\/\/rdtestsystems.com\/de\/rotorblatt-pruefmittel\/#breadcrumb\",\"itemListElement\":[{\"@type\":\"ListItem\",\"position\":1,\"name\":\"Home\",\"item\":\"https:\/\/rdtestsystems.com\/de\/\"},{\"@type\":\"ListItem\",\"position\":2,\"name\":\"Rotorblatt-Pr\u00fcfmittel\"}]},{\"@type\":\"WebSite\",\"@id\":\"https:\/\/rdtestsystems.com\/#website\",\"url\":\"https:\/\/rdtestsystems.com\/\",\"name\":\"R&amp;D Test Systems\",\"description\":\"Creating Value Through World-Class Engineering\",\"potentialAction\":[{\"@type\":\"SearchAction\",\"target\":{\"@type\":\"EntryPoint\",\"urlTemplate\":\"https:\/\/rdtestsystems.com\/?s={search_term_string}\"},\"query-input\":{\"@type\":\"PropertyValueSpecification\",\"valueRequired\":true,\"valueName\":\"search_term_string\"}}],\"inLanguage\":\"de-DE\"}]}<\/script>\n<!-- \/ Yoast SEO plugin. -->","yoast_head_json":{"title":"Rotorblatt-Pr\u00fcfmittel - R&amp;D Test Systems","robots":{"index":"index","follow":"follow","max-snippet":"max-snippet:-1","max-image-preview":"max-image-preview:large","max-video-preview":"max-video-preview:-1"},"canonical":"https:\/\/rdtestsystems.com\/de\/rotorblatt-pruefmittel\/","og_locale":"de_DE","og_type":"article","og_title":"Rotorblatt-Pr\u00fcfmittel - R&amp;D Test Systems","og_url":"https:\/\/rdtestsystems.com\/de\/rotorblatt-pruefmittel\/","og_site_name":"R&amp;D Test Systems","article_modified_time":"2019-12-03T13:56:45+00:00","twitter_card":"summary_large_image","schema":{"@context":"https:\/\/schema.org","@graph":[{"@type":"WebPage","@id":"https:\/\/rdtestsystems.com\/de\/rotorblatt-pruefmittel\/","url":"https:\/\/rdtestsystems.com\/de\/rotorblatt-pruefmittel\/","name":"Rotorblatt-Pr\u00fcfmittel - R&amp;D Test Systems","isPartOf":{"@id":"https:\/\/rdtestsystems.com\/#website"},"datePublished":"2019-11-25T13:38:49+00:00","dateModified":"2019-12-03T13:56:45+00:00","breadcrumb":{"@id":"https:\/\/rdtestsystems.com\/de\/rotorblatt-pruefmittel\/#breadcrumb"},"inLanguage":"de-DE","potentialAction":[{"@type":"ReadAction","target":["https:\/\/rdtestsystems.com\/de\/rotorblatt-pruefmittel\/"]}]},{"@type":"BreadcrumbList","@id":"https:\/\/rdtestsystems.com\/de\/rotorblatt-pruefmittel\/#breadcrumb","itemListElement":[{"@type":"ListItem","position":1,"name":"Home","item":"https:\/\/rdtestsystems.com\/de\/"},{"@type":"ListItem","position":2,"name":"Rotorblatt-Pr\u00fcfmittel"}]},{"@type":"WebSite","@id":"https:\/\/rdtestsystems.com\/#website","url":"https:\/\/rdtestsystems.com\/","name":"R&amp;D Test Systems","description":"Creating Value Through World-Class Engineering","potentialAction":[{"@type":"SearchAction","target":{"@type":"EntryPoint","urlTemplate":"https:\/\/rdtestsystems.com\/?s={search_term_string}"},"query-input":{"@type":"PropertyValueSpecification","valueRequired":true,"valueName":"search_term_string"}}],"inLanguage":"de-DE"}]}},"app_templates_about_top_banner_image":"","app_templates_about_top_banner_video":"","app_templates_about_top_banner_subtitle":"","app_templates_about_top_banner_title":"","app_templates_about_modules_sections":[],"app_templates_about_clients_bg_color":"transparent","app_templates_about_clients_title":"","app_templates_about_clients_logos":[],"app_templates_about_clients_button":{"value":"","url":"","anchor":"","blank":0},"app_templates_contact_top_banner_image":"","app_templates_contact_top_banner_video":"","app_templates_contact_top_banner_subtitle":"","app_templates_contact_top_banner_title":"","app_templates_contact_legal_company_name":"","app_templates_contact_legal_street":"","app_templates_contact_legal_zip":"","app_templates_contact_legal_city":"","app_templates_contact_offices_title":"","app_templates_contact_offices_description":"","app_templates_contact_form_subjects":[],"app_templates_contact_modules_sections":[],"app_templates_homepage_top_slider_slides":[],"app_templates_homepage_modules_sections":[],"app_templates_modules_top_banner_image":"4274","app_templates_modules_top_banner_video":"","app_templates_modules_top_banner_subtitle":"Test Systems","app_templates_modules_top_banner_title":"Was ben\u00f6tigen Sie f\u00fcr Ihre Pr\u00fcfanlagen f\u00fcr Rotorbl\u00e4tter?","app_templates_modules_modules_sections":[{"_type":"info_banner","nav_title":"Um","bg_color":"transparent","image":"4273","video":"","pretitle":"","title":"Der einzige Komplettanbieter von Pr\u00fcfanlagen f\u00fcr Rotorbl\u00e4tter weltweit","preface":"","content":"Rotorbl\u00e4tter sind sowohl aerodynamischen Belastungen als auch Tr\u00e4gheitsbelastungen ausgesetzt, die dazu f\u00fchren, dass sie sich in verschiedene Richtungen biegen und verdrehen. Da die Abmessungen und Proportionen der Bl\u00e4tter immer gr\u00f6\u00dfer werden, steigen auch die Anforderungen an Ihre Pr\u00fcfmittel. \r\n\r\nR&D Test Systems verf\u00fcgt \u00fcber besondere Erfahrung und Systemeinsichten in die Entwicklung anspruchsvoller Pr\u00fcfanlagen f\u00fcr die Windindustrie. Dank unserer langj\u00e4hrigen Erfahrung k\u00f6nnen wir Ihnen bei der Auswahl der f\u00fcr Ihr Rotorblatt am besten geeigneten Pr\u00fcfung behilflich sein. Von einer Standard-Pr\u00fcfanlage bis zur ma\u00dfgeschneiderten und an ihre individuellen Bed\u00fcrfnisse angepassten schl\u00fcsselfertigen Anlagenl\u00f6sung. \r\n\r\nMit den Pr\u00fcfl\u00f6sungen von R&D Test Systems sind Sie in der Lage, Ihre Rotorbl\u00e4tter nach der internationalen Norm IEC 61400-23 zu pr\u00fcfen.","button":{"value":"","url":"","anchor":"","blank":"0"},"button_color":"btn-wh","services":[],"position":"left","background_color":"semi-secondary"},{"_type":"image_hotspots","nav_title":"Pr\u00fcfanlagen","bg_color":"transparent","image":"4277","title":"","description":"","hotspots":[{"_type":"_","left":"25","top":"42","title":"FUNDAMENTE","subtitle":"","description":"Wir sind sehr versiert und erfahren in der Entwicklung von Fundamenten f\u00fcr industrielle Schwerlast-Pr\u00fcfanlagen. Wir sind in der Lage, kundenspezifische Fundamentkonstruktionen zu entwickeln und bereitzustellen, die den Anforderungen des Pr\u00fcfstandorts entsprechen.","link":{"value":"","url":"","anchor":"","blank":"0"},"button_color":"btn-primary","services":[]},{"_type":"_","left":"38","top":"58","title":"DOPPELACHSEN-ERREGER","subtitle":"","description":"Der elektrische Doppelachsen-Rotorblatterreger f\u00fcr umfassende Mehrachsen-Erm\u00fcdungspr\u00fcfungen an Rotorbl\u00e4ttern.\r\n\r\nDer Aufbau besteht aus einem bodengebundenen elektrischen Erreger, der gleichzeitig Klappen- und Kantenbelastungen aufbringt. Dieser Aufbau stellt nicht nur sicher, dass die Pr\u00fcfanlage solche Pr\u00fcfbelastungen anwendet, die den im Betrieb an der Turbine auftretenden Belastungen entsprechen, sondern reduziert auch die erforderliche Zeit f\u00fcr die Pr\u00fcfung der Rotorbl\u00e4tter.\r\n\r\nDie Pr\u00fcfanlage kann als Standard-Pr\u00fcfanlage entwickelt und geliefert oder an Ihre Anforderungen angepasst werden.\r\n","link":{"value":"","url":"","anchor":"","blank":"0"},"button_color":"btn-primary","services":[]},{"_type":"_","left":"47","top":"51","title":"KLAPPEN- UND KANTENERREGER","subtitle":"","description":"Der Aufbau f\u00fcr die Erm\u00fcdungspr\u00fcfung f\u00fcr beschleunigte Lebensdauerpr\u00fcfungen besteht aus dem Einzelachsen-Klappenerreger und\/oder einem Einzelachsen-Kantenerreger Sowohl der Einzelachsen-Klappenerreger als auch der Einzelachsen-Kantenerreger k\u00f6nnen als Drehmassenerreger und\/oder als bodengest\u00fctzte Erreger geliefert werden.","link":{"value":"","url":"","anchor":"","blank":"0"},"button_color":"btn-primary","services":[]},{"_type":"_","left":"59","top":"32","title":"STEUERUNG UND MMS","subtitle":"","description":"Unsere Standard-Pr\u00fcfmittel umfassen ein fortschrittliches Steuerungssystem, das weltweit bei unseren Kunden breite Anwendung findet.\r\n\r\nWir sind in der Lage, entweder ein Standard-Steuerungssystem in die Pr\u00fcfmittel zu integrieren oder ein eigenes, kundenspezifisches Steuerungssystem entsprechend Ihren Anforderungen zu entwickeln.","link":{"value":"","url":"","anchor":"","blank":"0"},"button_color":"btn-primary","services":[]},{"_type":"_","left":"64","top":"37","title":"DATENERFASSUNG","subtitle":"","description":"R&D Test Systems bietet ein Datenerfassungssystem zur Erfassung der Daten aus Ihren Rotorblattpr\u00fcfungen.","link":{"value":"","url":"","anchor":"","blank":"0"},"button_color":"btn-primary","services":[]},{"_type":"_","left":"59.5","top":"49","title":"KLAPPEN- UND KANTENERREGER","subtitle":"","description":"Der Aufbau f\u00fcr die Erm\u00fcdungspr\u00fcfung f\u00fcr beschleunigte Lebensdauerpr\u00fcfungen besteht aus dem Einzelachsen-Klappenerreger und\/oder einem Einzelachsen-Kantenerreger\r\nSowohl der Einzelachsen-Klappenerreger als auch der Einzelachsen-Kantenerreger k\u00f6nnen als Drehmassenerreger und\/oder als bodengest\u00fctzte Erreger geliefert werden.\r\n\r\nDer Einzelachsen-Klappenerreger und der Einzelachsen-Kantenerreger k\u00f6nnen als Standard-Aufbau entwickelt und geliefert oder individuell an Ihre Anforderungen angepasst werden.\r\n","link":{"value":"","url":"","anchor":"","blank":"0"},"button_color":"btn-primary","services":[]},{"_type":"_","left":"55","top":"68","title":"PR\u00dcFANLAGE","subtitle":"","description":"Dank unserer tiefgehenden Kenntnisse in Sachen Pr\u00fcfbetrieb k\u00f6nnen wir eine Pr\u00fcfanlage entwickeln und bereitstellen,  der Ihren Pr\u00fcfungsanforderungen gerecht wird.","link":{"value":"","url":"","anchor":"","blank":"0"},"button_color":"btn-primary","services":[]},{"_type":"_","left":"71","top":"57","title":"STATISCHER PR\u00dcFUNGSAUFBAU","subtitle":"","description":"Statische Pr\u00fcfmittel sind so ausgelegt, dass sie die erforderlichen extremen Belastungen in alle Richtungen aus\u00fcben k\u00f6nnen, d. h. in Richtung Vorderkante, Hinterkante, Saugseite und Druckseite, um die Konstruktion Ihrer Rotorbl\u00e4tter zu validieren.\r\n\r\nDie statische Pr\u00fcfanlage kann als Standard-Pr\u00fcfanlage entwickelt und geliefert oder an Ihre Anforderungen angepasst werden.","link":{"value":"","url":"","anchor":"","blank":"0"},"button_color":"btn-primary","services":[]}]},{"_type":"text_columns","nav_title":"Brosch\u00fcre herunterladen","bg_color":"transparent","title":"Laden Sie unsere Brosch\u00fcre herunter","text":"Laden Sie hier unsere Brosch\u00fcre <a href=\"https:\/\/rdtestsystems.com\/app\/uploads\/2019\/11\/Blade-Test-Equipment-and-facilities.pdf\">herunter<\/a> und erfahren Sie mehr \u00fcber unsere Pr\u00fcfmittel und Pr\u00fcfanlagen f\u00fcr Rotorbl\u00e4tter."},{"_type":"info_banner","nav_title":"","bg_color":"transparent","image":"4062","video":"","pretitle":"","title":"\u00dcber R&D Test Systems","preface":"","content":"R&D Test Systems besitzt eine Belegschaft aus technischen Experten, die sich \u00fcber Jahre hinweg spezialisierte Fachkompetenz bei der Entwicklung komplexer Schwerlast-Pr\u00fcfanlagen angeeignet haben. \r\nAufgrund unserer systemweiten Einblicke und unserer internen Spezialisten ist es uns m\u00f6glich, uns mit der Anlage als Ganzem zu befassen und die Ergebnisse zu liefern, die f\u00fcr den kompletten Lebenszyklus der Pr\u00fcfanlage erforderlich sind, einschlie\u00dflich Projektmanagement, Hydraulik, Mechanik, Hochspannungstechnik, Software, Elektrotechnik, Konstruktionen und Fundamenten. Dadurch, dass wir innerbetrieblich \u00fcber alle Kompetenzen verf\u00fcgen, sind wir in der Lage, die Risiken aber auch die Lieferzeiten der schl\u00fcsselfertigen L\u00f6sung reduzieren. \r\n\r\nR&D Test Systems\u2018 Portfolio von Schwerlast-Pr\u00fcfanlagen wurde f\u00fcr ein breites Spektrum aus gro\u00dfen und international anerkannten Unternehmen der Windindustrie entwickelt und geliefert. Wir verf\u00fcgen weltweit \u00fcber die meisten Referenzen als Lieferant von Pr\u00fcfanlagen f\u00fcr Antriebsstrangkomponenten und Turbinengondeln in der Windindustrie, was uns zu einem verl\u00e4sslichen Gesch\u00e4ftspartner macht.\r\n","button":{"value":"","url":"","anchor":"","blank":"0"},"button_color":"btn-wh","services":[],"position":"left","background_color":"semi-secondary"},{"_type":"contact","nav_title":"","bg_color":"transparent","title":"Wie k\u00f6nnen wir Ihnen behilflich sein?","description":"Kontaktieren Sie uns bitte, wenn Sie weitere Informationen ben\u00f6tigen sollten","show_categories":false,"form_text":"","subjects":[],"employees":[{"value":"post:employees:4333","type":"post","subtype":"employees","id":"4333"},{"value":"post:employees:4345","type":"post","subtype":"employees","id":"4345"}],"hide_responsibilities":false}],"app_templates_modules_custom_backlink_link":{"value":"","url":"","anchor":"","blank":"0"},"app_templates_privacy_policy_top_banner_image":"","app_templates_privacy_policy_top_banner_video":"","app_templates_privacy_policy_top_banner_subtitle":"","app_templates_privacy_policy_top_banner_title":"","_links":{"self":[{"href":"https:\/\/rdtestsystems.com\/de\/wp-json\/wp\/v2\/pages\/5032","targetHints":{"allow":["GET"]}}],"collection":[{"href":"https:\/\/rdtestsystems.com\/de\/wp-json\/wp\/v2\/pages"}],"about":[{"href":"https:\/\/rdtestsystems.com\/de\/wp-json\/wp\/v2\/types\/page"}],"author":[{"embeddable":true,"href":"https:\/\/rdtestsystems.com\/de\/wp-json\/wp\/v2\/users\/14"}],"replies":[{"embeddable":true,"href":"https:\/\/rdtestsystems.com\/de\/wp-json\/wp\/v2\/comments?post=5032"}],"version-history":[{"count":1,"href":"https:\/\/rdtestsystems.com\/de\/wp-json\/wp\/v2\/pages\/5032\/revisions"}],"predecessor-version":[{"id":5033,"href":"https:\/\/rdtestsystems.com\/de\/wp-json\/wp\/v2\/pages\/5032\/revisions\/5033"}],"wp:attachment":[{"href":"https:\/\/rdtestsystems.com\/de\/wp-json\/wp\/v2\/media?parent=5032"}],"curies":[{"name":"wp","href":"https:\/\/api.w.org\/{rel}","templated":true}]}}