{"id":4406,"date":"2019-07-22T08:13:49","date_gmt":"2019-07-22T06:13:49","guid":{"rendered":"https:\/\/www.rd-as.com\/?page_id=4406"},"modified":"2021-04-09T10:32:38","modified_gmt":"2021-04-09T08:32:38","slug":"datenschutzrichtlinie","status":"publish","type":"page","link":"https:\/\/rdtestsystems.com\/de\/datenschutzrichtlinie\/","title":{"rendered":"Cookie-Richtlinie"},"content":{"rendered":"","protected":false},"excerpt":{"rendered":"","protected":false},"author":14,"featured_media":0,"parent":0,"menu_order":19,"comment_status":"closed","ping_status":"closed","template":"views\/template-privacy-policy.blade.php","meta":{"footnotes":""},"class_list":["post-4406","page","type-page","status-publish","hentry"],"yoast_head":"<!-- This site is optimized with the Yoast SEO plugin v25.7 - https:\/\/yoast.com\/wordpress\/plugins\/seo\/ -->\n<title>Cookie-Richtlinie - R&amp;D Test Systems<\/title>\n<meta name=\"robots\" content=\"index, follow, max-snippet:-1, max-image-preview:large, max-video-preview:-1\" \/>\n<link rel=\"canonical\" href=\"https:\/\/rdtestsystems.com\/de\/datenschutzrichtlinie\/\" \/>\n<meta property=\"og:locale\" content=\"de_DE\" \/>\n<meta property=\"og:type\" content=\"article\" \/>\n<meta property=\"og:title\" content=\"Cookie-Richtlinie - R&amp;D Test Systems\" \/>\n<meta property=\"og:url\" content=\"https:\/\/rdtestsystems.com\/de\/datenschutzrichtlinie\/\" \/>\n<meta property=\"og:site_name\" content=\"R&amp;D Test Systems\" \/>\n<meta property=\"article:modified_time\" content=\"2021-04-09T08:32:38+00:00\" \/>\n<meta name=\"twitter:card\" content=\"summary_large_image\" \/>\n<script type=\"application\/ld+json\" class=\"yoast-schema-graph\">{\"@context\":\"https:\/\/schema.org\",\"@graph\":[{\"@type\":\"WebPage\",\"@id\":\"https:\/\/rdtestsystems.com\/de\/datenschutzrichtlinie\/\",\"url\":\"https:\/\/rdtestsystems.com\/de\/datenschutzrichtlinie\/\",\"name\":\"Cookie-Richtlinie - R&amp;D Test Systems\",\"isPartOf\":{\"@id\":\"https:\/\/rdtestsystems.com\/#website\"},\"datePublished\":\"2019-07-22T06:13:49+00:00\",\"dateModified\":\"2021-04-09T08:32:38+00:00\",\"breadcrumb\":{\"@id\":\"https:\/\/rdtestsystems.com\/de\/datenschutzrichtlinie\/#breadcrumb\"},\"inLanguage\":\"de-DE\",\"potentialAction\":[{\"@type\":\"ReadAction\",\"target\":[\"https:\/\/rdtestsystems.com\/de\/datenschutzrichtlinie\/\"]}]},{\"@type\":\"BreadcrumbList\",\"@id\":\"https:\/\/rdtestsystems.com\/de\/datenschutzrichtlinie\/#breadcrumb\",\"itemListElement\":[{\"@type\":\"ListItem\",\"position\":1,\"name\":\"Home\",\"item\":\"https:\/\/rdtestsystems.com\/de\/\"},{\"@type\":\"ListItem\",\"position\":2,\"name\":\"Cookie-Richtlinie\"}]},{\"@type\":\"WebSite\",\"@id\":\"https:\/\/rdtestsystems.com\/#website\",\"url\":\"https:\/\/rdtestsystems.com\/\",\"name\":\"R&amp;D Test Systems\",\"description\":\"Creating Value Through World-Class Engineering\",\"potentialAction\":[{\"@type\":\"SearchAction\",\"target\":{\"@type\":\"EntryPoint\",\"urlTemplate\":\"https:\/\/rdtestsystems.com\/?s={search_term_string}\"},\"query-input\":{\"@type\":\"PropertyValueSpecification\",\"valueRequired\":true,\"valueName\":\"search_term_string\"}}],\"inLanguage\":\"de-DE\"}]}<\/script>\n<!-- \/ Yoast SEO plugin. -->","yoast_head_json":{"title":"Cookie-Richtlinie - R&amp;D Test Systems","robots":{"index":"index","follow":"follow","max-snippet":"max-snippet:-1","max-image-preview":"max-image-preview:large","max-video-preview":"max-video-preview:-1"},"canonical":"https:\/\/rdtestsystems.com\/de\/datenschutzrichtlinie\/","og_locale":"de_DE","og_type":"article","og_title":"Cookie-Richtlinie - R&amp;D Test Systems","og_url":"https:\/\/rdtestsystems.com\/de\/datenschutzrichtlinie\/","og_site_name":"R&amp;D Test Systems","article_modified_time":"2021-04-09T08:32:38+00:00","twitter_card":"summary_large_image","schema":{"@context":"https:\/\/schema.org","@graph":[{"@type":"WebPage","@id":"https:\/\/rdtestsystems.com\/de\/datenschutzrichtlinie\/","url":"https:\/\/rdtestsystems.com\/de\/datenschutzrichtlinie\/","name":"Cookie-Richtlinie - R&amp;D Test Systems","isPartOf":{"@id":"https:\/\/rdtestsystems.com\/#website"},"datePublished":"2019-07-22T06:13:49+00:00","dateModified":"2021-04-09T08:32:38+00:00","breadcrumb":{"@id":"https:\/\/rdtestsystems.com\/de\/datenschutzrichtlinie\/#breadcrumb"},"inLanguage":"de-DE","potentialAction":[{"@type":"ReadAction","target":["https:\/\/rdtestsystems.com\/de\/datenschutzrichtlinie\/"]}]},{"@type":"BreadcrumbList","@id":"https:\/\/rdtestsystems.com\/de\/datenschutzrichtlinie\/#breadcrumb","itemListElement":[{"@type":"ListItem","position":1,"name":"Home","item":"https:\/\/rdtestsystems.com\/de\/"},{"@type":"ListItem","position":2,"name":"Cookie-Richtlinie"}]},{"@type":"WebSite","@id":"https:\/\/rdtestsystems.com\/#website","url":"https:\/\/rdtestsystems.com\/","name":"R&amp;D Test Systems","description":"Creating Value Through World-Class Engineering","potentialAction":[{"@type":"SearchAction","target":{"@type":"EntryPoint","urlTemplate":"https:\/\/rdtestsystems.com\/?s={search_term_string}"},"query-input":{"@type":"PropertyValueSpecification","valueRequired":true,"valueName":"search_term_string"}}],"inLanguage":"de-DE"}]}},"app_templates_about_top_banner_image":"","app_templates_about_top_banner_video":"","app_templates_about_top_banner_subtitle":"","app_templates_about_top_banner_title":"","app_templates_about_modules_sections":[],"app_templates_about_clients_bg_color":"transparent","app_templates_about_clients_title":"","app_templates_about_clients_logos":[],"app_templates_about_clients_button":{"value":"","url":"","anchor":"","blank":0},"app_templates_contact_top_banner_image":"","app_templates_contact_top_banner_video":"","app_templates_contact_top_banner_subtitle":"","app_templates_contact_top_banner_title":"","app_templates_contact_legal_company_name":"","app_templates_contact_legal_street":"","app_templates_contact_legal_zip":"","app_templates_contact_legal_city":"","app_templates_contact_offices_title":"","app_templates_contact_offices_description":"","app_templates_contact_form_subjects":[],"app_templates_contact_modules_sections":[],"app_templates_homepage_top_slider_slides":[],"app_templates_homepage_modules_sections":[],"app_templates_modules_top_banner_image":"4139","app_templates_modules_top_banner_video":"","app_templates_modules_top_banner_subtitle":"","app_templates_modules_top_banner_title":"Ihre Privatsph\u00e4re","app_templates_modules_modules_sections":[{"_type":"text_columns","nav_title":"","bg_color":"transparent","title":"","text":"Wir k\u00f6nnen Daten \u00fcber Ihre Nutzung unserer Website verarbeiten. Diese Nutzungsdaten k\u00f6nnen Ihre IP-Adresse, den geografischen Standort, Browser-Typ und -Version, Betriebssystem, zuvor besuchte Webadresse, Dauer des Besuchs, Seitenaufrufe und Website-Navigationspfade sowie Informationen \u00fcber Dauer, H\u00e4ufigkeit und Muster Ihrer Dienstleistungsnutzung umfassen. Die Quelle der Nutzungsdaten ist Google Analytics. Diese Nutzungsdaten k\u00f6nnen zur Analyse der Nutzung der Website verarbeitet werden.\r\nWir k\u00f6nnen Ihre Benutzerkonto-Daten verarbeiten. Die Benutzerkonto-Daten k\u00f6nnen Ihre E-Mail-Adresse beinhalten. Die Benutzerkonto-Daten k\u00f6nnen verarbeitet werden, um unsere Dienstleistungen zu erbringen und mit Ihnen zu kommunizieren.\r\n\r\n<strong>Aufbewahrung und L\u00f6schung personenbezogener Daten<\/strong>\r\nIn diesem Abschnitt werden unsere Datenaufbewahrungsrichtlinie und -verfahren dargelegt, die so gestaltet sind, dass sie unsere Einhaltung unserer gesetzlichen Verpflichtungen in Bezug auf die Aufbewahrung und L\u00f6schung personenbezogener Daten gew\u00e4hrleisten.\r\nPersonenbezogene Daten, die wir zu einem Zweck oder Zwecken verarbeiten, d\u00fcrfen nicht l\u00e4nger als es f\u00fcr diesen Zweck oder Zwecke erforderlich ist aufbewahrt werden.\r\n\r\n<strong>\u00c4nderungen\u00a0<\/strong>\r\nWir k\u00f6nnen diese Richtlinie jederzeit durch Ver\u00f6ffentlichung einer neuen Fassung auf unserer Website aktualisieren.\r\nSie sollten diese Seite gelegentlich pr\u00fcfen um sicherzustellen, dass Sie mit den \u00c4nderungen dieser Richtlinie einverstanden sind.\r\n\r\n<strong>Ihre Rechte<\/strong>\r\nSie haben das Recht zu wissen, welche personenbezogenen Daten wir \u00fcber Sie verarbeiten. Sie k\u00f6nnen dieser Datenverarbeitung jederzeit widersprechen. Sie k\u00f6nnen dar\u00fcber hinaus Ihre Zustimmung zur Verarbeitung der Daten \u00fcber Sie zur\u00fcckziehen. Bitte kontaktieren Sie mail@rdas.dk, wenn die \u00fcber Sie verarbeiteten Daten nicht korrekt sind.\r\n\r\n<strong>Herausgeber<\/strong>\r\nDie Website ist Eigentum und wird betrieben von\r\nR&amp;D A\/S\r\nSigma 3\r\n8382 Hinnerup\r\nTelefon: 81 10 32 00\r\nE-Mail: mail@rdas.dk"}],"app_templates_modules_custom_backlink_link":{"value":"","url":"","anchor":"","blank":"0"},"app_templates_privacy_policy_top_banner_image":"5462","app_templates_privacy_policy_top_banner_video":"","app_templates_privacy_policy_top_banner_subtitle":"","app_templates_privacy_policy_top_banner_title":"Cookie-Richtlinie","_links":{"self":[{"href":"https:\/\/rdtestsystems.com\/de\/wp-json\/wp\/v2\/pages\/4406","targetHints":{"allow":["GET"]}}],"collection":[{"href":"https:\/\/rdtestsystems.com\/de\/wp-json\/wp\/v2\/pages"}],"about":[{"href":"https:\/\/rdtestsystems.com\/de\/wp-json\/wp\/v2\/types\/page"}],"author":[{"embeddable":true,"href":"https:\/\/rdtestsystems.com\/de\/wp-json\/wp\/v2\/users\/14"}],"replies":[{"embeddable":true,"href":"https:\/\/rdtestsystems.com\/de\/wp-json\/wp\/v2\/comments?post=4406"}],"version-history":[{"count":4,"href":"https:\/\/rdtestsystems.com\/de\/wp-json\/wp\/v2\/pages\/4406\/revisions"}],"predecessor-version":[{"id":9203,"href":"https:\/\/rdtestsystems.com\/de\/wp-json\/wp\/v2\/pages\/4406\/revisions\/9203"}],"wp:attachment":[{"href":"https:\/\/rdtestsystems.com\/de\/wp-json\/wp\/v2\/media?parent=4406"}],"curies":[{"name":"wp","href":"https:\/\/api.w.org\/{rel}","templated":true}]}}