{"id":3689,"date":"2019-07-15T11:00:46","date_gmt":"2019-07-15T09:00:46","guid":{"rendered":"https:\/\/www.rd-as.com\/?page_id=3689"},"modified":"2025-08-18T14:08:43","modified_gmt":"2025-08-18T12:08:43","slug":"ueber","status":"publish","type":"page","link":"https:\/\/rdtestsystems.com\/de\/ueber\/","title":{"rendered":"\u00dcber"},"content":{"rendered":"","protected":false},"excerpt":{"rendered":"","protected":false},"author":14,"featured_media":0,"parent":0,"menu_order":14,"comment_status":"closed","ping_status":"closed","template":"views\/template-about.blade.php","meta":{"footnotes":""},"class_list":["post-3689","page","type-page","status-publish","hentry"],"yoast_head":"<!-- This site is optimized with the Yoast SEO plugin v25.7 - https:\/\/yoast.com\/wordpress\/plugins\/seo\/ -->\n<title>\u00dcber uns | R&amp;D Test Systems<\/title>\n<meta name=\"description\" content=\"R&amp;D Test Systems ist ein internationales Engineering-Unternehmen, das Wissen und Schl\u00fcsselfertige Schwerlast-Pr\u00fcfanlagen f\u00fcr Kunden aus einer Vielzahl von Branchen bereitstellt.\" \/>\n<meta name=\"robots\" content=\"index, follow, max-snippet:-1, max-image-preview:large, max-video-preview:-1\" \/>\n<link rel=\"canonical\" href=\"https:\/\/rdtestsystems.com\/de\/ueber\/\" \/>\n<meta property=\"og:locale\" content=\"de_DE\" \/>\n<meta property=\"og:type\" content=\"article\" \/>\n<meta property=\"og:title\" content=\"\u00dcber uns | R&amp;D Test Systems\" \/>\n<meta property=\"og:description\" content=\"R&amp;D Test Systems ist ein internationales Engineering-Unternehmen, das Wissen und Schl\u00fcsselfertige Schwerlast-Pr\u00fcfanlagen f\u00fcr Kunden aus einer Vielzahl von Branchen bereitstellt.\" \/>\n<meta property=\"og:url\" content=\"https:\/\/rdtestsystems.com\/de\/ueber\/\" \/>\n<meta property=\"og:site_name\" content=\"R&amp;D Test Systems\" \/>\n<meta property=\"article:modified_time\" content=\"2025-08-18T12:08:43+00:00\" \/>\n<meta name=\"twitter:card\" content=\"summary_large_image\" \/>\n<meta name=\"twitter:label1\" content=\"Est. reading time\" \/>\n\t<meta name=\"twitter:data1\" content=\"1 minute\" \/>\n<script type=\"application\/ld+json\" class=\"yoast-schema-graph\">{\"@context\":\"https:\/\/schema.org\",\"@graph\":[{\"@type\":\"WebPage\",\"@id\":\"https:\/\/rdtestsystems.com\/de\/ueber\/\",\"url\":\"https:\/\/rdtestsystems.com\/de\/ueber\/\",\"name\":\"\u00dcber uns | R&D Test Systems\",\"isPartOf\":{\"@id\":\"https:\/\/rdtestsystems.com\/#website\"},\"datePublished\":\"2019-07-15T09:00:46+00:00\",\"dateModified\":\"2025-08-18T12:08:43+00:00\",\"description\":\"R&D Test Systems ist ein internationales Engineering-Unternehmen, das Wissen und Schl\u00fcsselfertige Schwerlast-Pr\u00fcfanlagen f\u00fcr Kunden aus einer Vielzahl von Branchen bereitstellt.\",\"breadcrumb\":{\"@id\":\"https:\/\/rdtestsystems.com\/de\/ueber\/#breadcrumb\"},\"inLanguage\":\"de-DE\",\"potentialAction\":[{\"@type\":\"ReadAction\",\"target\":[\"https:\/\/rdtestsystems.com\/de\/ueber\/\"]}]},{\"@type\":\"BreadcrumbList\",\"@id\":\"https:\/\/rdtestsystems.com\/de\/ueber\/#breadcrumb\",\"itemListElement\":[{\"@type\":\"ListItem\",\"position\":1,\"name\":\"Home\",\"item\":\"https:\/\/rdtestsystems.com\/de\/\"},{\"@type\":\"ListItem\",\"position\":2,\"name\":\"\u00dcber\"}]},{\"@type\":\"WebSite\",\"@id\":\"https:\/\/rdtestsystems.com\/#website\",\"url\":\"https:\/\/rdtestsystems.com\/\",\"name\":\"R&amp;D Test Systems\",\"description\":\"Creating Value Through World-Class Engineering\",\"potentialAction\":[{\"@type\":\"SearchAction\",\"target\":{\"@type\":\"EntryPoint\",\"urlTemplate\":\"https:\/\/rdtestsystems.com\/?s={search_term_string}\"},\"query-input\":{\"@type\":\"PropertyValueSpecification\",\"valueRequired\":true,\"valueName\":\"search_term_string\"}}],\"inLanguage\":\"de-DE\"}]}<\/script>\n<!-- \/ Yoast SEO plugin. -->","yoast_head_json":{"title":"\u00dcber uns | R&D Test Systems","description":"R&D Test Systems ist ein internationales Engineering-Unternehmen, das Wissen und Schl\u00fcsselfertige Schwerlast-Pr\u00fcfanlagen f\u00fcr Kunden aus einer Vielzahl von Branchen bereitstellt.","robots":{"index":"index","follow":"follow","max-snippet":"max-snippet:-1","max-image-preview":"max-image-preview:large","max-video-preview":"max-video-preview:-1"},"canonical":"https:\/\/rdtestsystems.com\/de\/ueber\/","og_locale":"de_DE","og_type":"article","og_title":"\u00dcber uns | R&D Test Systems","og_description":"R&D Test Systems ist ein internationales Engineering-Unternehmen, das Wissen und Schl\u00fcsselfertige Schwerlast-Pr\u00fcfanlagen f\u00fcr Kunden aus einer Vielzahl von Branchen bereitstellt.","og_url":"https:\/\/rdtestsystems.com\/de\/ueber\/","og_site_name":"R&amp;D Test Systems","article_modified_time":"2025-08-18T12:08:43+00:00","twitter_card":"summary_large_image","twitter_misc":{"Est. reading time":"1 minute"},"schema":{"@context":"https:\/\/schema.org","@graph":[{"@type":"WebPage","@id":"https:\/\/rdtestsystems.com\/de\/ueber\/","url":"https:\/\/rdtestsystems.com\/de\/ueber\/","name":"\u00dcber uns | R&D Test Systems","isPartOf":{"@id":"https:\/\/rdtestsystems.com\/#website"},"datePublished":"2019-07-15T09:00:46+00:00","dateModified":"2025-08-18T12:08:43+00:00","description":"R&D Test Systems ist ein internationales Engineering-Unternehmen, das Wissen und Schl\u00fcsselfertige Schwerlast-Pr\u00fcfanlagen f\u00fcr Kunden aus einer Vielzahl von Branchen bereitstellt.","breadcrumb":{"@id":"https:\/\/rdtestsystems.com\/de\/ueber\/#breadcrumb"},"inLanguage":"de-DE","potentialAction":[{"@type":"ReadAction","target":["https:\/\/rdtestsystems.com\/de\/ueber\/"]}]},{"@type":"BreadcrumbList","@id":"https:\/\/rdtestsystems.com\/de\/ueber\/#breadcrumb","itemListElement":[{"@type":"ListItem","position":1,"name":"Home","item":"https:\/\/rdtestsystems.com\/de\/"},{"@type":"ListItem","position":2,"name":"\u00dcber"}]},{"@type":"WebSite","@id":"https:\/\/rdtestsystems.com\/#website","url":"https:\/\/rdtestsystems.com\/","name":"R&amp;D Test Systems","description":"Creating Value Through World-Class Engineering","potentialAction":[{"@type":"SearchAction","target":{"@type":"EntryPoint","urlTemplate":"https:\/\/rdtestsystems.com\/?s={search_term_string}"},"query-input":{"@type":"PropertyValueSpecification","valueRequired":true,"valueName":"search_term_string"}}],"inLanguage":"de-DE"}]}},"app_templates_about_top_banner_image":"15959","app_templates_about_top_banner_video":"","app_templates_about_top_banner_subtitle":"\u00dcBER R&D","app_templates_about_top_banner_title":"Ein Unternehmen spezialisierter Ingenieure","app_templates_about_modules_sections":[{"_type":"content","nav_title":"","bg_color":"transparent","title":"Leidenschaft f\u00fcr Engineering","body":"<p style=\"text-align: center;\" data-start=\"45\" data-end=\"418\">Wir helfen unseren Kunden, neue Spitzentechnologien auf den Markt zu bringen. Mit umfassendem Branchenwissen und hochspezialisierten Ingenieuren verf\u00fcgen wir \u00fcber die richtige Expertise, um unsere Kunden sowohl bei Entwicklungsprojekten als auch bei der Validierung neuer Technologien mit schl\u00fcsselfertigen Pr\u00fcfsystemen zu unterst\u00fctzen.<\/p>\r\n<p style=\"text-align: center;\" data-start=\"420\" data-end=\"456\">R&amp;D Test Systems ist Teil von ITW.<\/p>","text_align":"center"},{"_type":"image_banner","nav_title":"","bg_color":"transparent","image":"16648","pretitle":"","title":"Unsere Werte","description":"<p data-start=\"39\" data-end=\"212\">Unsere Werte beschreiben, wie wir unsere Kunden behandeln, wie wir an unseren Projekten arbeiten und wie wir uns als Kollegen und Mitarbeiter verhalten.<\/p>\r\n\r\n<ul>\r\n \t<li data-start=\"214\" data-end=\"281\">Integrit\u00e4t<\/li>\r\n \t<li data-start=\"214\" data-end=\"281\">Respekt<\/li>\r\n \t<li data-start=\"214\" data-end=\"281\">Vertrauen<\/li>\r\n \t<li data-start=\"214\" data-end=\"281\">Geteiltes Risiko<\/li>\r\n \t<li data-start=\"214\" data-end=\"281\">Einfachheit<\/li>\r\n<\/ul>","button":{"value":"","url":"","anchor":"","blank":"0"},"button_color":"btn-primary","services":[],"height":"short"},{"_type":"text_image","nav_title":"","bg_color":"transparent","title":"Qualit\u00e4tssicherung","preface":"","image":"15881","video":"","autoplay":false,"position":"left","content":"Wir wollen unser Qualit\u00e4tsdenken in unsere Wertsch\u00f6pfungskette einflie\u00dfen lassen und ein gemeinsames Ziel etablieren, das die Zusammenarbeit st\u00e4rkt, Fehler reduziert und die Wirtschaftlichkeit von Gesamtl\u00f6sungen erh\u00f6ht. Wir folgen internationalen Standards f\u00fcr Qualit\u00e4t und Sicherheit und besitzen entsprechende Zertifizierungen.","button":{"value":"","url":"\/de\/quality-assurance\/","anchor":"Erfahren Sie mehr \u00fcber unsere qualit\u00e4tssicherung","blank":"0"},"button_color":"btn-primary","services":[]}],"app_templates_about_clients_bg_color":"transparent","app_templates_about_clients_title":"Verweise","app_templates_about_clients_logos":[],"app_templates_about_clients_button":{"value":"","url":"http:\/\/rdtestsystems.com\/de\/cases","anchor":"Siehe die Ergebnisse","blank":"0"},"app_templates_contact_top_banner_image":"","app_templates_contact_top_banner_video":"","app_templates_contact_top_banner_subtitle":"","app_templates_contact_top_banner_title":"","app_templates_contact_legal_company_name":"","app_templates_contact_legal_street":"","app_templates_contact_legal_zip":"","app_templates_contact_legal_city":"","app_templates_contact_offices_title":"","app_templates_contact_offices_description":"","app_templates_contact_form_subjects":[],"app_templates_contact_modules_sections":[],"app_templates_homepage_top_slider_slides":[],"app_templates_homepage_modules_sections":[],"app_templates_modules_top_banner_image":"","app_templates_modules_top_banner_video":"","app_templates_modules_top_banner_subtitle":"\u00dcBER R&D","app_templates_modules_top_banner_title":"Ein Unternehmen spezialisierter Ingenieure","app_templates_modules_modules_sections":[{"_type":"info_banner","nav_title":"","bg_color":"transparent","image":"","video":"","pretitle":"","title":"","preface":"","content":"","button":{"value":"","url":"","anchor":"","blank":"0"},"button_color":"btn-wh","services":[],"position":"left","background_color":"semi-secondary"},{"_type":"video-module","nav_title":"","bg_color":"transparent","title":"","description":"","video":"","embed":"","video_size":"screen"},{"_type":"stats","nav_title":"","bg_color":"transparent","title":"","description":"","stats":[]},{"_type":"expanding_info","nav_title":"","bg_color":"transparent","title":"","description":"","image":"","items":[]},{"_type":"accordion","nav_title":"","bg_color":"transparent","title":"","description":"","items":[]},{"_type":"related_insights","nav_title":"","bg_color":"transparent","title":"","description":"","post_types":"insights","insights":[],"insights_posttype":[],"cases":[]}],"app_templates_modules_custom_backlink_link":{"value":"","url":"","anchor":"","blank":"0"},"app_templates_privacy_policy_top_banner_image":"","app_templates_privacy_policy_top_banner_video":"","app_templates_privacy_policy_top_banner_subtitle":"","app_templates_privacy_policy_top_banner_title":"","_links":{"self":[{"href":"https:\/\/rdtestsystems.com\/de\/wp-json\/wp\/v2\/pages\/3689","targetHints":{"allow":["GET"]}}],"collection":[{"href":"https:\/\/rdtestsystems.com\/de\/wp-json\/wp\/v2\/pages"}],"about":[{"href":"https:\/\/rdtestsystems.com\/de\/wp-json\/wp\/v2\/types\/page"}],"author":[{"embeddable":true,"href":"https:\/\/rdtestsystems.com\/de\/wp-json\/wp\/v2\/users\/14"}],"replies":[{"embeddable":true,"href":"https:\/\/rdtestsystems.com\/de\/wp-json\/wp\/v2\/comments?post=3689"}],"version-history":[{"count":38,"href":"https:\/\/rdtestsystems.com\/de\/wp-json\/wp\/v2\/pages\/3689\/revisions"}],"predecessor-version":[{"id":18583,"href":"https:\/\/rdtestsystems.com\/de\/wp-json\/wp\/v2\/pages\/3689\/revisions\/18583"}],"wp:attachment":[{"href":"https:\/\/rdtestsystems.com\/de\/wp-json\/wp\/v2\/media?parent=3689"}],"curies":[{"name":"wp","href":"https:\/\/api.w.org\/{rel}","templated":true}]}}