{"id":3623,"date":"2019-07-15T10:46:41","date_gmt":"2019-07-15T08:46:41","guid":{"rendered":"https:\/\/www.rd-as.com\/?page_id=3623"},"modified":"2025-10-23T10:29:18","modified_gmt":"2025-10-23T08:29:18","slug":"gruppe","status":"publish","type":"page","link":"https:\/\/rdtestsystems.com\/de\/","title":{"rendered":"Gruppe"},"content":{"rendered":"","protected":false},"excerpt":{"rendered":"","protected":false},"author":14,"featured_media":0,"parent":0,"menu_order":0,"comment_status":"closed","ping_status":"closed","template":"views\/template-homepage.blade.php","meta":{"footnotes":""},"class_list":["post-3623","page","type-page","status-publish","hentry"],"yoast_head":"<!-- This site is optimized with the Yoast SEO plugin v25.7 - https:\/\/yoast.com\/wordpress\/plugins\/seo\/ -->\n<title>R&amp;D Test Systems Test Systems | Erstklassige Ingenieurleistungen<\/title>\n<meta name=\"description\" content=\"Wir verwandeln Herausforderungen in erstklassige Ingenieursleistungen. R&amp;D Test Systems ist ein internationales Ingenieurunternehmen, das Wissen und schl\u00fcsselfertige L\u00f6sungen f\u00fcr Kunden aus unterschiedlichsten Branchen liefert.\" \/>\n<meta name=\"robots\" content=\"index, follow, max-snippet:-1, max-image-preview:large, max-video-preview:-1\" \/>\n<link rel=\"canonical\" href=\"https:\/\/rdtestsystems.com\/de\/\" \/>\n<meta property=\"og:locale\" content=\"de_DE\" \/>\n<meta property=\"og:type\" content=\"article\" \/>\n<meta property=\"og:title\" content=\"R&amp;D Test Systems Test Systems | Erstklassige Ingenieurleistungen\" \/>\n<meta property=\"og:description\" content=\"Wir verwandeln Herausforderungen in erstklassige Ingenieursleistungen. R&amp;D Test Systems ist ein internationales Ingenieurunternehmen, das Wissen und schl\u00fcsselfertige L\u00f6sungen f\u00fcr Kunden aus unterschiedlichsten Branchen liefert.\" \/>\n<meta property=\"og:url\" content=\"https:\/\/rdtestsystems.com\/de\/\" \/>\n<meta property=\"og:site_name\" content=\"R&amp;D Test Systems\" \/>\n<meta property=\"article:modified_time\" content=\"2025-10-23T08:29:18+00:00\" \/>\n<meta name=\"twitter:card\" content=\"summary_large_image\" \/>\n<script type=\"application\/ld+json\" class=\"yoast-schema-graph\">{\"@context\":\"https:\/\/schema.org\",\"@graph\":[{\"@type\":\"WebPage\",\"@id\":\"https:\/\/rdtestsystems.com\/de\/\",\"url\":\"https:\/\/rdtestsystems.com\/de\/\",\"name\":\"R&amp;D Test Systems Test Systems | Erstklassige Ingenieurleistungen\",\"isPartOf\":{\"@id\":\"https:\/\/rdtestsystems.com\/#website\"},\"datePublished\":\"2019-07-15T08:46:41+00:00\",\"dateModified\":\"2025-10-23T08:29:18+00:00\",\"description\":\"Wir verwandeln Herausforderungen in erstklassige Ingenieursleistungen. R&D Test Systems ist ein internationales Ingenieurunternehmen, das Wissen und schl\u00fcsselfertige L\u00f6sungen f\u00fcr Kunden aus unterschiedlichsten Branchen liefert.\",\"breadcrumb\":{\"@id\":\"https:\/\/rdtestsystems.com\/de\/#breadcrumb\"},\"inLanguage\":\"de-DE\",\"potentialAction\":[{\"@type\":\"ReadAction\",\"target\":[\"https:\/\/rdtestsystems.com\/de\/\"]}]},{\"@type\":\"BreadcrumbList\",\"@id\":\"https:\/\/rdtestsystems.com\/de\/#breadcrumb\",\"itemListElement\":[{\"@type\":\"ListItem\",\"position\":1,\"name\":\"Home\",\"item\":\"https:\/\/rdtestsystems.com\/de\/\"},{\"@type\":\"ListItem\",\"position\":2,\"name\":\"Gruppe\"}]},{\"@type\":\"WebSite\",\"@id\":\"https:\/\/rdtestsystems.com\/#website\",\"url\":\"https:\/\/rdtestsystems.com\/\",\"name\":\"R&amp;D Test Systems\",\"description\":\"Creating Value Through World-Class Engineering\",\"potentialAction\":[{\"@type\":\"SearchAction\",\"target\":{\"@type\":\"EntryPoint\",\"urlTemplate\":\"https:\/\/rdtestsystems.com\/?s={search_term_string}\"},\"query-input\":{\"@type\":\"PropertyValueSpecification\",\"valueRequired\":true,\"valueName\":\"search_term_string\"}}],\"inLanguage\":\"de-DE\"}]}<\/script>\n<!-- \/ Yoast SEO plugin. -->","yoast_head_json":{"title":"R&amp;D Test Systems Test Systems | Erstklassige Ingenieurleistungen","description":"Wir verwandeln Herausforderungen in erstklassige Ingenieursleistungen. R&D Test Systems ist ein internationales Ingenieurunternehmen, das Wissen und schl\u00fcsselfertige L\u00f6sungen f\u00fcr Kunden aus unterschiedlichsten Branchen liefert.","robots":{"index":"index","follow":"follow","max-snippet":"max-snippet:-1","max-image-preview":"max-image-preview:large","max-video-preview":"max-video-preview:-1"},"canonical":"https:\/\/rdtestsystems.com\/de\/","og_locale":"de_DE","og_type":"article","og_title":"R&amp;D Test Systems Test Systems | Erstklassige Ingenieurleistungen","og_description":"Wir verwandeln Herausforderungen in erstklassige Ingenieursleistungen. R&D Test Systems ist ein internationales Ingenieurunternehmen, das Wissen und schl\u00fcsselfertige L\u00f6sungen f\u00fcr Kunden aus unterschiedlichsten Branchen liefert.","og_url":"https:\/\/rdtestsystems.com\/de\/","og_site_name":"R&amp;D Test Systems","article_modified_time":"2025-10-23T08:29:18+00:00","twitter_card":"summary_large_image","schema":{"@context":"https:\/\/schema.org","@graph":[{"@type":"WebPage","@id":"https:\/\/rdtestsystems.com\/de\/","url":"https:\/\/rdtestsystems.com\/de\/","name":"R&amp;D Test Systems Test Systems | Erstklassige Ingenieurleistungen","isPartOf":{"@id":"https:\/\/rdtestsystems.com\/#website"},"datePublished":"2019-07-15T08:46:41+00:00","dateModified":"2025-10-23T08:29:18+00:00","description":"Wir verwandeln Herausforderungen in erstklassige Ingenieursleistungen. R&D Test Systems ist ein internationales Ingenieurunternehmen, das Wissen und schl\u00fcsselfertige L\u00f6sungen f\u00fcr Kunden aus unterschiedlichsten Branchen liefert.","breadcrumb":{"@id":"https:\/\/rdtestsystems.com\/de\/#breadcrumb"},"inLanguage":"de-DE","potentialAction":[{"@type":"ReadAction","target":["https:\/\/rdtestsystems.com\/de\/"]}]},{"@type":"BreadcrumbList","@id":"https:\/\/rdtestsystems.com\/de\/#breadcrumb","itemListElement":[{"@type":"ListItem","position":1,"name":"Home","item":"https:\/\/rdtestsystems.com\/de\/"},{"@type":"ListItem","position":2,"name":"Gruppe"}]},{"@type":"WebSite","@id":"https:\/\/rdtestsystems.com\/#website","url":"https:\/\/rdtestsystems.com\/","name":"R&amp;D Test Systems","description":"Creating Value Through World-Class Engineering","potentialAction":[{"@type":"SearchAction","target":{"@type":"EntryPoint","urlTemplate":"https:\/\/rdtestsystems.com\/?s={search_term_string}"},"query-input":{"@type":"PropertyValueSpecification","valueRequired":true,"valueName":"search_term_string"}}],"inLanguage":"de-DE"}]}},"app_templates_about_top_banner_image":"","app_templates_about_top_banner_video":"","app_templates_about_top_banner_subtitle":"","app_templates_about_top_banner_title":"","app_templates_about_modules_sections":[],"app_templates_about_clients_bg_color":"transparent","app_templates_about_clients_title":"","app_templates_about_clients_logos":[],"app_templates_about_clients_button":{"value":"","url":"","anchor":"","blank":0},"app_templates_contact_top_banner_image":"","app_templates_contact_top_banner_video":"","app_templates_contact_top_banner_subtitle":"","app_templates_contact_top_banner_title":"","app_templates_contact_legal_company_name":"","app_templates_contact_legal_street":"","app_templates_contact_legal_zip":"","app_templates_contact_legal_city":"","app_templates_contact_offices_title":"","app_templates_contact_offices_description":"","app_templates_contact_form_subjects":[],"app_templates_contact_modules_sections":[],"app_templates_homepage_top_slider_slides":[{"_type":"_","title":"Wir verwandeln Herausforderungen in erstklassige Ingenieursleistungen","subtitle":"","image":"16648","video":"","link":{"value":"","url":"","anchor":"","blank":"0"}}],"app_templates_homepage_modules_sections":[{"_type":"text_image_boxes","nav_title":"","bg_color":"transparent","boxes":[{"_type":"_","title":"Pr\u00fcfung von Windkraftanlagen","image":"17350","body":"","link":{"value":"","url":"\/services-products\/test-systems\/wind\/","anchor":"Test Systems Wind","blank":"0"}},{"_type":"_","title":"Bolt-Check","image":"18817","body":"","link":{"value":"","url":"\/de\/bolt-check\/","anchor":"Bolt-Check","blank":"0"}},{"_type":"_","title":"Rain Erosion Tester","image":"16350","body":"","link":{"value":"","url":"\/rain-erosion-tester\/","anchor":"Rain Erosion Tester","blank":"0"}}]},{"_type":"content","nav_title":"","bg_color":"light","title":"Wir haben \u00fcber 40 Pr\u00fcfst\u00e4nde in 11 L\u00e4ndern installiert","body":"&nbsp;\r\n\r\n<img class=\"aligncenter wp-image-18125\" src=\"https:\/\/rdtestsystems.com\/app\/uploads\/2025\/06\/World-map_11-test-benches_transparent.png\" alt=\"\" width=\"800\" height=\"406\" \/>","text_align":"center"},{"_type":"text_image","nav_title":"","bg_color":"transparent","title":"Wir ver\u00e4ndern, wie unsere Kunden entwickeln und pr\u00fcfen","preface":"Mit ma\u00dfgeschneiderten L\u00f6sungen, erf\u00fcllen wir die Anforderungen unserer Kunden und schaffen Mehrwert f\u00fcr sie, ob in der Produktentwicklung oder in Form eines neuen Pr\u00fcfsystems.","image":"10852","video":"","autoplay":false,"position":"right","content":"","button":{"value":"","url":"\/de\/cases\/","anchor":"Unsere Fallbeispiele","blank":"0"},"button_color":"btn-primary","services":[]}],"app_templates_modules_top_banner_image":"","app_templates_modules_top_banner_video":"","app_templates_modules_top_banner_subtitle":"","app_templates_modules_top_banner_title":"","app_templates_modules_modules_sections":[],"app_templates_modules_custom_backlink_link":{"value":"","url":"","anchor":"","blank":0},"app_templates_privacy_policy_top_banner_image":"","app_templates_privacy_policy_top_banner_video":"","app_templates_privacy_policy_top_banner_subtitle":"","app_templates_privacy_policy_top_banner_title":"","_links":{"self":[{"href":"https:\/\/rdtestsystems.com\/de\/wp-json\/wp\/v2\/pages\/3623","targetHints":{"allow":["GET"]}}],"collection":[{"href":"https:\/\/rdtestsystems.com\/de\/wp-json\/wp\/v2\/pages"}],"about":[{"href":"https:\/\/rdtestsystems.com\/de\/wp-json\/wp\/v2\/types\/page"}],"author":[{"embeddable":true,"href":"https:\/\/rdtestsystems.com\/de\/wp-json\/wp\/v2\/users\/14"}],"replies":[{"embeddable":true,"href":"https:\/\/rdtestsystems.com\/de\/wp-json\/wp\/v2\/comments?post=3623"}],"version-history":[{"count":48,"href":"https:\/\/rdtestsystems.com\/de\/wp-json\/wp\/v2\/pages\/3623\/revisions"}],"predecessor-version":[{"id":18923,"href":"https:\/\/rdtestsystems.com\/de\/wp-json\/wp\/v2\/pages\/3623\/revisions\/18923"}],"wp:attachment":[{"href":"https:\/\/rdtestsystems.com\/de\/wp-json\/wp\/v2\/media?parent=3623"}],"curies":[{"name":"wp","href":"https:\/\/api.w.org\/{rel}","templated":true}]}}