{"id":12815,"date":"2022-02-21T11:04:21","date_gmt":"2022-02-21T10:04:21","guid":{"rendered":"https:\/\/www.rd-as.com\/highly-accelerated-life-cycle-test\/"},"modified":"2022-03-21T08:54:31","modified_gmt":"2022-03-21T07:54:31","slug":"highly-accelerated-life-cycle-test","status":"publish","type":"page","link":"https:\/\/rdtestsystems.com\/de\/highly-accelerated-life-cycle-test\/","title":{"rendered":"Highly Accelerated Life-cycle Test"},"content":{"rendered":"","protected":false},"excerpt":{"rendered":"","protected":false},"author":23,"featured_media":0,"parent":0,"menu_order":4,"comment_status":"closed","ping_status":"closed","template":"views\/template-modules.blade.php","meta":{"footnotes":""},"class_list":["post-12815","page","type-page","status-publish","hentry"],"yoast_head":"<!-- This site is optimized with the Yoast SEO plugin v25.7 - https:\/\/yoast.com\/wordpress\/plugins\/seo\/ -->\n<title>Highly Accelerated Life-cycle Test - R&amp;D Test Systems<\/title>\n<meta name=\"description\" content=\"The test systems enable Highly Accelerated Life-time Testing (HALT) of nacelles as well as gearboxes and main bearings.\" \/>\n<meta name=\"robots\" content=\"index, follow, max-snippet:-1, max-image-preview:large, max-video-preview:-1\" \/>\n<link rel=\"canonical\" href=\"https:\/\/rdtestsystems.com\/de\/highly-accelerated-life-cycle-test\/\" \/>\n<meta property=\"og:locale\" content=\"de_DE\" \/>\n<meta property=\"og:type\" content=\"article\" \/>\n<meta property=\"og:title\" content=\"Highly Accelerated Life-cycle Test - R&amp;D Test Systems\" \/>\n<meta property=\"og:description\" content=\"The test systems enable Highly Accelerated Life-time Testing (HALT) of nacelles as well as gearboxes and main bearings.\" \/>\n<meta property=\"og:url\" content=\"https:\/\/rdtestsystems.com\/de\/highly-accelerated-life-cycle-test\/\" \/>\n<meta property=\"og:site_name\" content=\"R&amp;D Test Systems\" \/>\n<meta property=\"article:modified_time\" content=\"2022-03-21T07:54:31+00:00\" \/>\n<meta name=\"twitter:card\" content=\"summary_large_image\" \/>\n<script type=\"application\/ld+json\" class=\"yoast-schema-graph\">{\"@context\":\"https:\/\/schema.org\",\"@graph\":[{\"@type\":\"WebPage\",\"@id\":\"https:\/\/rdtestsystems.com\/de\/highly-accelerated-life-cycle-test\/\",\"url\":\"https:\/\/rdtestsystems.com\/de\/highly-accelerated-life-cycle-test\/\",\"name\":\"Highly Accelerated Life-cycle Test - R&amp;D Test Systems\",\"isPartOf\":{\"@id\":\"https:\/\/rdtestsystems.com\/#website\"},\"datePublished\":\"2022-02-21T10:04:21+00:00\",\"dateModified\":\"2022-03-21T07:54:31+00:00\",\"description\":\"The test systems enable Highly Accelerated Life-time Testing (HALT) of nacelles as well as gearboxes and main bearings.\",\"breadcrumb\":{\"@id\":\"https:\/\/rdtestsystems.com\/de\/highly-accelerated-life-cycle-test\/#breadcrumb\"},\"inLanguage\":\"de-DE\",\"potentialAction\":[{\"@type\":\"ReadAction\",\"target\":[\"https:\/\/rdtestsystems.com\/de\/highly-accelerated-life-cycle-test\/\"]}]},{\"@type\":\"BreadcrumbList\",\"@id\":\"https:\/\/rdtestsystems.com\/de\/highly-accelerated-life-cycle-test\/#breadcrumb\",\"itemListElement\":[{\"@type\":\"ListItem\",\"position\":1,\"name\":\"Home\",\"item\":\"https:\/\/rdtestsystems.com\/de\/\"},{\"@type\":\"ListItem\",\"position\":2,\"name\":\"Highly Accelerated Life-cycle Test\"}]},{\"@type\":\"WebSite\",\"@id\":\"https:\/\/rdtestsystems.com\/#website\",\"url\":\"https:\/\/rdtestsystems.com\/\",\"name\":\"R&amp;D Test Systems\",\"description\":\"Creating Value Through World-Class Engineering\",\"potentialAction\":[{\"@type\":\"SearchAction\",\"target\":{\"@type\":\"EntryPoint\",\"urlTemplate\":\"https:\/\/rdtestsystems.com\/?s={search_term_string}\"},\"query-input\":{\"@type\":\"PropertyValueSpecification\",\"valueRequired\":true,\"valueName\":\"search_term_string\"}}],\"inLanguage\":\"de-DE\"}]}<\/script>\n<!-- \/ Yoast SEO plugin. -->","yoast_head_json":{"title":"Highly Accelerated Life-cycle Test - R&amp;D Test Systems","description":"The test systems enable Highly Accelerated Life-time Testing (HALT) of nacelles as well as gearboxes and main bearings.","robots":{"index":"index","follow":"follow","max-snippet":"max-snippet:-1","max-image-preview":"max-image-preview:large","max-video-preview":"max-video-preview:-1"},"canonical":"https:\/\/rdtestsystems.com\/de\/highly-accelerated-life-cycle-test\/","og_locale":"de_DE","og_type":"article","og_title":"Highly Accelerated Life-cycle Test - R&amp;D Test Systems","og_description":"The test systems enable Highly Accelerated Life-time Testing (HALT) of nacelles as well as gearboxes and main bearings.","og_url":"https:\/\/rdtestsystems.com\/de\/highly-accelerated-life-cycle-test\/","og_site_name":"R&amp;D Test Systems","article_modified_time":"2022-03-21T07:54:31+00:00","twitter_card":"summary_large_image","schema":{"@context":"https:\/\/schema.org","@graph":[{"@type":"WebPage","@id":"https:\/\/rdtestsystems.com\/de\/highly-accelerated-life-cycle-test\/","url":"https:\/\/rdtestsystems.com\/de\/highly-accelerated-life-cycle-test\/","name":"Highly Accelerated Life-cycle Test - R&amp;D Test Systems","isPartOf":{"@id":"https:\/\/rdtestsystems.com\/#website"},"datePublished":"2022-02-21T10:04:21+00:00","dateModified":"2022-03-21T07:54:31+00:00","description":"The test systems enable Highly Accelerated Life-time Testing (HALT) of nacelles as well as gearboxes and main bearings.","breadcrumb":{"@id":"https:\/\/rdtestsystems.com\/de\/highly-accelerated-life-cycle-test\/#breadcrumb"},"inLanguage":"de-DE","potentialAction":[{"@type":"ReadAction","target":["https:\/\/rdtestsystems.com\/de\/highly-accelerated-life-cycle-test\/"]}]},{"@type":"BreadcrumbList","@id":"https:\/\/rdtestsystems.com\/de\/highly-accelerated-life-cycle-test\/#breadcrumb","itemListElement":[{"@type":"ListItem","position":1,"name":"Home","item":"https:\/\/rdtestsystems.com\/de\/"},{"@type":"ListItem","position":2,"name":"Highly Accelerated Life-cycle Test"}]},{"@type":"WebSite","@id":"https:\/\/rdtestsystems.com\/#website","url":"https:\/\/rdtestsystems.com\/","name":"R&amp;D Test Systems","description":"Creating Value Through World-Class Engineering","potentialAction":[{"@type":"SearchAction","target":{"@type":"EntryPoint","urlTemplate":"https:\/\/rdtestsystems.com\/?s={search_term_string}"},"query-input":{"@type":"PropertyValueSpecification","valueRequired":true,"valueName":"search_term_string"}}],"inLanguage":"de-DE"}]}},"app_templates_about_top_banner_image":"","app_templates_about_top_banner_video":"","app_templates_about_top_banner_subtitle":"","app_templates_about_top_banner_title":"","app_templates_about_modules_sections":[],"app_templates_about_clients_bg_color":"transparent","app_templates_about_clients_title":"","app_templates_about_clients_logos":[],"app_templates_about_clients_button":{"value":"","url":"","anchor":"","blank":0},"app_templates_contact_top_banner_image":"","app_templates_contact_top_banner_video":"","app_templates_contact_top_banner_subtitle":"","app_templates_contact_top_banner_title":"","app_templates_contact_legal_company_name":"","app_templates_contact_legal_street":"","app_templates_contact_legal_zip":"","app_templates_contact_legal_city":"","app_templates_contact_offices_title":"","app_templates_contact_offices_description":"","app_templates_contact_form_subjects":[],"app_templates_contact_modules_sections":[],"app_templates_homepage_top_slider_slides":[],"app_templates_homepage_modules_sections":[],"app_templates_modules_top_banner_image":"11681","app_templates_modules_top_banner_video":"","app_templates_modules_top_banner_subtitle":"Test Systems","app_templates_modules_top_banner_title":"Highly Accelerated Life-cycle Test | Nachhaltige L\u00f6sungen in gro\u00dfem Ma\u00dfstab","app_templates_modules_modules_sections":[{"_type":"text_columns","nav_title":"","bg_color":"transparent","title":"Designverifizierung und Lebensdauer-Validierung","text":"Dank HALT-Pr\u00fcftischen k\u00f6nnen Hersteller von Windturbinen die Funktionen sowie die Lebensdauer verschiedener Turbinen schneller und besser als je zuvor am <a href=\"https:\/\/www.lorc.dk\/test-facilities\">Lind\u00f8 Offshore Renewables Center<\/a> (LORC) pr\u00fcfen.\r\n\r\nDie HALT- und HALT-XL-Pr\u00fcftische pr\u00fcfen die n\u00e4chste Generation von Prototypen der weltweit gr\u00f6\u00dften Offshore-Windturbinen, um sicherzustellen, dass die riesigen Energiegiganten den Bedingungen auf dem offenen Meer standhalten k\u00f6nnen. Daf\u00fcr werden au\u00dfergew\u00f6hnliche Pr\u00fcftische ben\u00f6tigt.\r\n\r\nBeide Pr\u00fcftische werden zur Designverifizierung sowie f\u00fcr hochbeschleunigten Lebensdauertests (Highly Accelerated Lifetime Testing, HALT) von Gondeln und Antriebskomponenten wie Getrieben und Hauptlagern genutzt.\r\n\r\nR&amp;D Test Systems hat Pr\u00fcftische entwickelt, mit denen Prototypen \u00fcber eine Dauer von 6-8 Monaten der elementaren Belastung von bis zu 20 Jahren ausgesetzt werden k\u00f6nnen."},{"_type":"text_image_boxes","nav_title":"","bg_color":"light","boxes":[{"_type":"_","title":"16 MW: HALT PR\u00dcFTISCH","image":"11812","body":"R&D Test Systems hat einen der weltweit gr\u00f6\u00dften und fortschrittlichsten Pr\u00fcftische f\u00fcr die hochbeschleunigte Lebenszeitpr\u00fcfung (HALT) von Komponenten f\u00fcr Windturbinen von bis zu 10 MW gebaut. \r\n\r\nDer HALT Pr\u00fcftisch verf\u00fcgt \u00fcber eine hydraulische Pr\u00fcflasteinheit, die das Testsubjekt einem Biegemoment von bis zu 25 MNm aussetzen kann.\r\n\r\nDar\u00fcber hinaus k\u00f6nnen der Antriebsmotor sowie der Antriebsstrang mit einem Drehmoment von 14.5 MNm auf das Testsubjekt einwirken.","link":{"value":"","url":"\/de\/cases\/rd-liefert-einen-der-weltweit-groessten-und-fortschrittlichsten-pruefstaende-fuer-windkraftanlagen-an-lorc\/","anchor":"Erfahren Sie mehr \u00fcber die HALT ","blank":"0"}},{"_type":"_","title":"25 MW: HALT XL PR\u00dcFTISCH","image":"11802","body":"Der HALT XL Pr\u00fcftisch von R&D Test Systems hat ein Drehmoment von 32 MNm, wird auf einem 30 Meter langen Betonblock platziert und liefert ein dynamisches Biegemoment von 85 MNm. Der HALT XL ist der gr\u00f6\u00dfte und fortschrittlichste Pr\u00fcftisch in der Windenergiebranche.\r\n\r\nDas Pr\u00fcfsystem bietet ein Antriebsmoment im Bereich von 65 MNm, um die leistungsst\u00e4rksten Offshore-Gondeln und Antriebsstrangkomponenten im Bereich von 16-18 MW zu pr\u00fcfen und Funktionstest f\u00fcr Gondeln von bis zu 20 MW durchzuf\u00fchren.","link":{"value":"","url":"\/insights\/worlds-largest-test-bench-lorc\/","anchor":"Read more about the HALT XL test bench","blank":"0"}}]},{"_type":"quote","nav_title":"","bg_color":"transparent","quote":"R&D Test System hat zuvor f\u00fcr LORC Pr\u00fcftische entwickelt und gebaut, darunter einige der gr\u00f6\u00dften weltweit. Daher war es f\u00fcr uns naheliegend, auf die Kompetenzen, das Know-how und vor allem den innovativen Ansatz zur\u00fcckzugreifen, die uns R&D Test Systems bieten k\u00f6nnen.","source":"Torben Lorenzen","source_info":"Chief Executive Officer, LORC"},{"_type":"timeline","nav_title":"","bg_color":"light","title":"Das Projektstadium Ihres n\u00e4chsten Pr\u00fcfsystems","description":"Um industrielle Pr\u00fcfsysteme wie die HALT und HALT XL Pr\u00fcftische zu entwickeln, gehen wir nach dem folgenden Projektmodell vor. Dank unserer Expertise und unserem Fachwissen verstehen wir die Bed\u00fcrfnisse unserer Kunden und stellen ihre Wettbewerbsf\u00e4higkeit sicher.","items":[{"_type":"_","label":"Projektplanung","title":"Vorschlagspr\u00fcfung","description":"Nachdem der Vorschlag von Ihnen und von uns angenommen wurde, gehen wir zur Projektplanung samt technischer Abnahme und Feedback \u00fcber."},{"_type":"_","label":"Kick-off","title":"Pr\u00fcfung der Designbeschreibung","description":"Sobald das Projekt begonnen hat, arbeiten wir intensiv an der Konzeptvalidierung und der Ausf\u00fchrungsplanung. Die Pr\u00fcfung der Designbeschreibung beinhaltet, Konzepte auszuw\u00e4hlen und eine Ausf\u00fchrungsstrategie zu erstellen."},{"_type":"_","label":"Entwicklung des Pr\u00fcfsystems","title":"Subsystem","description":"Nach Abschluss der Designbeschreibung gehen wir gemeinsam zum Scoping \u00fcber. Dieser Schritt beinhaltet die Konzept-, Design- und Dokumentationspr\u00fcfung, die Auftragspr\u00fcfung und -inspektion. Daher bestimmen wir hierbei die Fertigungsbasis, Beschaffung und Dokumentation, um sicherzustellen, dass Ihr k\u00fcnftiges Pr\u00fcfsystem Ihren individuellen Anforderungen entspricht."},{"_type":"_","label":"Installation und Inbetriebnahme ","title":"Planung und Installation","description":"Jetzt sind wir zur Installation bereit, f\u00fcr die R&amp;D Test Systems ebenfalls verantwortlich ist. Herbei pr\u00fcfen wir die Bereitschaft zur Installation und Inbetriebnahme. Darunter f\u00e4llt auch die Einlaufzeit f\u00fcr ihr ma\u00dfgeschneidertes Pr\u00fcfsystem."},{"_type":"_","label":"SAT","title":"\u00dcbergabe","description":"R&amp;D Test Systems ist jetzt bereit, das Projekt an Sie zu \u00fcbergeben, f\u00fcr das wir ebenfalls Wartungspakete anbieten."}]},{"_type":"text_image","nav_title":"","bg_color":"transparent","title":"R&D Test Systems","preface":"Nachhaltige L\u00f6sungen in gro\u00dfem Ma\u00dfstab","image":"566","video":"","autoplay":true,"position":"left","content":"R&amp;D Test Systems verf\u00fcgt \u00fcber Top-Ingenieure, die im Laufe der Jahre spezialisierte Kompetenzen erworben haben, indem sie komplexe, gro\u00dfe und dynamische Pr\u00fcfsysteme entwickelt haben.\r\n\r\nUnsere hauseigenen Spezialisten erm\u00f6glichen uns, die f\u00fcr das vollst\u00e4ndige Ausma\u00df des Pr\u00fcfsystems erforderlichen Leistungen anzubieten, wie etwa Machbarkeitsstudien, Design, Fertigung, Installation und Inbetriebnahme.","button":{"value":"","url":"\/de\/services-products\/test-systems\/test-systems-wind\/","anchor":"Erfahren Sie mehr \u00fcber unsere industriellen Pr\u00fcfsysteme. ","blank":"0"},"button_color":"btn-primary","services":[]},{"_type":"contact","nav_title":"","bg_color":"light","title":"Wie k\u00f6nnen wir Ihnen helfen?","description":"","show_categories":false,"form_text":"","subjects":[],"employees":[{"value":"post:employees:1051","type":"post","subtype":"employees","id":"1051"},{"value":"post:employees:274","type":"post","subtype":"employees","id":"274"},{"value":"post:employees:4333","type":"post","subtype":"employees","id":"4333"}],"hide_responsibilities":false}],"app_templates_modules_custom_backlink_link":{"value":"","url":"","anchor":"","blank":"0"},"app_templates_privacy_policy_top_banner_image":"","app_templates_privacy_policy_top_banner_video":"","app_templates_privacy_policy_top_banner_subtitle":"","app_templates_privacy_policy_top_banner_title":"","_links":{"self":[{"href":"https:\/\/rdtestsystems.com\/de\/wp-json\/wp\/v2\/pages\/12815","targetHints":{"allow":["GET"]}}],"collection":[{"href":"https:\/\/rdtestsystems.com\/de\/wp-json\/wp\/v2\/pages"}],"about":[{"href":"https:\/\/rdtestsystems.com\/de\/wp-json\/wp\/v2\/types\/page"}],"author":[{"embeddable":true,"href":"https:\/\/rdtestsystems.com\/de\/wp-json\/wp\/v2\/users\/23"}],"replies":[{"embeddable":true,"href":"https:\/\/rdtestsystems.com\/de\/wp-json\/wp\/v2\/comments?post=12815"}],"version-history":[{"count":6,"href":"https:\/\/rdtestsystems.com\/de\/wp-json\/wp\/v2\/pages\/12815\/revisions"}],"predecessor-version":[{"id":12823,"href":"https:\/\/rdtestsystems.com\/de\/wp-json\/wp\/v2\/pages\/12815\/revisions\/12823"}],"wp:attachment":[{"href":"https:\/\/rdtestsystems.com\/de\/wp-json\/wp\/v2\/media?parent=12815"}],"curies":[{"name":"wp","href":"https:\/\/api.w.org\/{rel}","templated":true}]}}