{"id":12811,"date":"2021-01-29T11:57:42","date_gmt":"2021-01-29T10:57:42","guid":{"rendered":"https:\/\/www.rd-as.com\/quality-assurance\/"},"modified":"2025-08-18T14:07:19","modified_gmt":"2025-08-18T12:07:19","slug":"quality-assurance","status":"publish","type":"page","link":"https:\/\/rdtestsystems.com\/de\/quality-assurance\/","title":{"rendered":"Qualit\u00e4tssicherung"},"content":{"rendered":"","protected":false},"excerpt":{"rendered":"","protected":false},"author":23,"featured_media":0,"parent":0,"menu_order":7,"comment_status":"closed","ping_status":"closed","template":"views\/template-modules.blade.php","meta":{"footnotes":""},"class_list":["post-12811","page","type-page","status-publish","hentry"],"yoast_head":"<!-- This site is optimized with the Yoast SEO plugin v25.7 - https:\/\/yoast.com\/wordpress\/plugins\/seo\/ -->\n<title>Qualit\u00e4tssicherung | R&amp;D Test Systems Test Systems<\/title>\n<meta name=\"description\" content=\"R&amp;D Test Systems is certified according to several certifications and we have a clear quality policy that works across the organization.\" \/>\n<meta name=\"robots\" content=\"index, follow, max-snippet:-1, max-image-preview:large, max-video-preview:-1\" \/>\n<link rel=\"canonical\" href=\"https:\/\/rdtestsystems.com\/de\/quality-assurance\/\" \/>\n<meta property=\"og:locale\" content=\"de_DE\" \/>\n<meta property=\"og:type\" content=\"article\" \/>\n<meta property=\"og:title\" content=\"Qualit\u00e4tssicherung | R&amp;D Test Systems Test Systems\" \/>\n<meta property=\"og:description\" content=\"R&amp;D Test Systems is certified according to several certifications and we have a clear quality policy that works across the organization.\" \/>\n<meta property=\"og:url\" content=\"https:\/\/rdtestsystems.com\/de\/quality-assurance\/\" \/>\n<meta property=\"og:site_name\" content=\"R&amp;D Test Systems\" \/>\n<meta property=\"article:modified_time\" content=\"2025-08-18T12:07:19+00:00\" \/>\n<meta name=\"twitter:card\" content=\"summary_large_image\" \/>\n<meta name=\"twitter:label1\" content=\"Est. reading time\" \/>\n\t<meta name=\"twitter:data1\" content=\"2 minutes\" \/>\n<script type=\"application\/ld+json\" class=\"yoast-schema-graph\">{\"@context\":\"https:\/\/schema.org\",\"@graph\":[{\"@type\":\"WebPage\",\"@id\":\"https:\/\/rdtestsystems.com\/de\/quality-assurance\/\",\"url\":\"https:\/\/rdtestsystems.com\/de\/quality-assurance\/\",\"name\":\"Qualit\u00e4tssicherung | R&amp;D Test Systems Test Systems\",\"isPartOf\":{\"@id\":\"https:\/\/rdtestsystems.com\/#website\"},\"datePublished\":\"2021-01-29T10:57:42+00:00\",\"dateModified\":\"2025-08-18T12:07:19+00:00\",\"description\":\"R&D Test Systems is certified according to several certifications and we have a clear quality policy that works across the organization.\",\"breadcrumb\":{\"@id\":\"https:\/\/rdtestsystems.com\/de\/quality-assurance\/#breadcrumb\"},\"inLanguage\":\"de-DE\",\"potentialAction\":[{\"@type\":\"ReadAction\",\"target\":[\"https:\/\/rdtestsystems.com\/de\/quality-assurance\/\"]}]},{\"@type\":\"BreadcrumbList\",\"@id\":\"https:\/\/rdtestsystems.com\/de\/quality-assurance\/#breadcrumb\",\"itemListElement\":[{\"@type\":\"ListItem\",\"position\":1,\"name\":\"Home\",\"item\":\"https:\/\/rdtestsystems.com\/de\/\"},{\"@type\":\"ListItem\",\"position\":2,\"name\":\"Qualit\u00e4tssicherung\"}]},{\"@type\":\"WebSite\",\"@id\":\"https:\/\/rdtestsystems.com\/#website\",\"url\":\"https:\/\/rdtestsystems.com\/\",\"name\":\"R&amp;D Test Systems\",\"description\":\"Creating Value Through World-Class Engineering\",\"potentialAction\":[{\"@type\":\"SearchAction\",\"target\":{\"@type\":\"EntryPoint\",\"urlTemplate\":\"https:\/\/rdtestsystems.com\/?s={search_term_string}\"},\"query-input\":{\"@type\":\"PropertyValueSpecification\",\"valueRequired\":true,\"valueName\":\"search_term_string\"}}],\"inLanguage\":\"de-DE\"}]}<\/script>\n<!-- \/ Yoast SEO plugin. -->","yoast_head_json":{"title":"Qualit\u00e4tssicherung | R&amp;D Test Systems Test Systems","description":"R&D Test Systems is certified according to several certifications and we have a clear quality policy that works across the organization.","robots":{"index":"index","follow":"follow","max-snippet":"max-snippet:-1","max-image-preview":"max-image-preview:large","max-video-preview":"max-video-preview:-1"},"canonical":"https:\/\/rdtestsystems.com\/de\/quality-assurance\/","og_locale":"de_DE","og_type":"article","og_title":"Qualit\u00e4tssicherung | R&amp;D Test Systems Test Systems","og_description":"R&D Test Systems is certified according to several certifications and we have a clear quality policy that works across the organization.","og_url":"https:\/\/rdtestsystems.com\/de\/quality-assurance\/","og_site_name":"R&amp;D Test Systems","article_modified_time":"2025-08-18T12:07:19+00:00","twitter_card":"summary_large_image","twitter_misc":{"Est. reading time":"2 minutes"},"schema":{"@context":"https:\/\/schema.org","@graph":[{"@type":"WebPage","@id":"https:\/\/rdtestsystems.com\/de\/quality-assurance\/","url":"https:\/\/rdtestsystems.com\/de\/quality-assurance\/","name":"Qualit\u00e4tssicherung | R&amp;D Test Systems Test Systems","isPartOf":{"@id":"https:\/\/rdtestsystems.com\/#website"},"datePublished":"2021-01-29T10:57:42+00:00","dateModified":"2025-08-18T12:07:19+00:00","description":"R&D Test Systems is certified according to several certifications and we have a clear quality policy that works across the organization.","breadcrumb":{"@id":"https:\/\/rdtestsystems.com\/de\/quality-assurance\/#breadcrumb"},"inLanguage":"de-DE","potentialAction":[{"@type":"ReadAction","target":["https:\/\/rdtestsystems.com\/de\/quality-assurance\/"]}]},{"@type":"BreadcrumbList","@id":"https:\/\/rdtestsystems.com\/de\/quality-assurance\/#breadcrumb","itemListElement":[{"@type":"ListItem","position":1,"name":"Home","item":"https:\/\/rdtestsystems.com\/de\/"},{"@type":"ListItem","position":2,"name":"Qualit\u00e4tssicherung"}]},{"@type":"WebSite","@id":"https:\/\/rdtestsystems.com\/#website","url":"https:\/\/rdtestsystems.com\/","name":"R&amp;D Test Systems","description":"Creating Value Through World-Class Engineering","potentialAction":[{"@type":"SearchAction","target":{"@type":"EntryPoint","urlTemplate":"https:\/\/rdtestsystems.com\/?s={search_term_string}"},"query-input":{"@type":"PropertyValueSpecification","valueRequired":true,"valueName":"search_term_string"}}],"inLanguage":"de-DE"}]}},"app_templates_about_top_banner_image":"","app_templates_about_top_banner_video":"","app_templates_about_top_banner_subtitle":"","app_templates_about_top_banner_title":"","app_templates_about_modules_sections":[],"app_templates_about_clients_bg_color":"transparent","app_templates_about_clients_title":"","app_templates_about_clients_logos":[],"app_templates_about_clients_button":{"value":"","url":"","anchor":"","blank":0},"app_templates_contact_top_banner_image":"","app_templates_contact_top_banner_video":"","app_templates_contact_top_banner_subtitle":"","app_templates_contact_top_banner_title":"","app_templates_contact_legal_company_name":"","app_templates_contact_legal_street":"","app_templates_contact_legal_zip":"","app_templates_contact_legal_city":"","app_templates_contact_offices_title":"","app_templates_contact_offices_description":"","app_templates_contact_form_subjects":[],"app_templates_contact_modules_sections":[],"app_templates_homepage_top_slider_slides":[],"app_templates_homepage_modules_sections":[],"app_templates_modules_top_banner_image":"14634","app_templates_modules_top_banner_video":"","app_templates_modules_top_banner_subtitle":"","app_templates_modules_top_banner_title":"Qualit\u00e4tssicherung","app_templates_modules_modules_sections":[{"_type":"text_image","nav_title":"","bg_color":"transparent","title":"Qualit\u00e4tspolitik","preface":"","image":"17133","video":"","autoplay":false,"position":"right","content":"<p data-start=\"45\" data-end=\"171\">Unser Qualit\u00e4tsbewusstsein ist in unseren Werten verankert und unterst\u00fctzt unsere Mission und Vision.<\/p>\r\n<p data-start=\"173\" data-end=\"388\">Wir m\u00f6chten unser Qualit\u00e4tsbewusstsein in der gesamten Organisation verankern und ein gemeinsames Ziel etablieren, das die Zusammenarbeit st\u00e4rkt, Fehler reduziert und die Kosteneffizienz der Gesamtl\u00f6sungen erh\u00f6ht.<\/p>\r\n<p data-start=\"390\" data-end=\"516\">Unsere Werte und unsere Qualit\u00e4tspolitik sind identisch und spiegeln die Bedeutung von Interaktion und offenem Dialog wider.<\/p>\r\n<p data-start=\"518\" data-end=\"676\">Wir leben \u201eIntegrit\u00e4t\u201c, \u201eRespekt\u201c, \u201eVertrauen\u201c, \u201eGeteiltes Risiko\u201c und \u201eEinfachheit\u201c, um Wissen und Chancen f\u00fcr eine kontinuierliche Verbesserung zu nutzen.<\/p>","button":{"value":"","url":"","anchor":"","blank":"0"},"button_color":"btn-primary","services":[]},{"_type":"content","nav_title":"","bg_color":"light","title":"Unser Qualit\u00e4tsanspruch basiert auf unseren Werten und st\u00fctzt unsere Mission und Vision","body":"Wir wollen unseren Qualit\u00e4tsanspruch entlang unserer gesamten Wertsch\u00f6pfungskette zum Einsatz bringen und ein gemeinsames Ziel verfolgen, das Kooperation f\u00f6rdert, Fehler reduziert und die Kosteneffizienz der L\u00f6sung steigert. Wir kommunizieren unsere Qualit\u00e4tsrichtlinien an unsere Kunden, Angestellten, Lieferanten und Partner und holen uns ihr Feedback ein, um unsere Produkte und Dienstleistungen anzupassen. Diese Richtlinien setzen wir aktiv auf allen Ebenen um und ermutigen unsere Angestellten dazu, Qualit\u00e4t als pers\u00f6nliche Verpflichtung zu betrachten. Wir legen Wert darauf, aus Erfahrungen zu lernen, bei Fehlern nicht nach Schuldigen zu suchen und immer ein offenes Ohr zu haben, um Ideen und M\u00f6glichkeiten zu entdecken, wie wir uns immer weiter verbessern k\u00f6nnen.","text_align":"center"},{"_type":"content","nav_title":"","bg_color":"transparent","title":"Unsere Zertifikate","body":"R&amp;D Test Systems verf\u00fcgt \u00fcber verschiedene Zertifikate.\r\nHier sehen Sie einige unserer Zertifikate.","text_align":"left"},{"_type":"text_image_boxes","nav_title":"","bg_color":"transparent","boxes":[{"_type":"_","title":"ISO 9001","image":"16179","body":"Unser ISO 9001:2015 Zertifikat von DNV, das sicherstellt, dass wir in der Qualit\u00e4tssicherung die Anforderungen und Anspr\u00fcche unserer Kunden erf\u00fcllen. Gem\u00e4\u00df den hohen Standards dieses Zertifikats achten wir in unserem Prozess auf Wert, Performance und Effizienz.","link":{"value":"","url":"","anchor":"","blank":"0"}},{"_type":"_","title":"SE 0441 06142","image":"18577","body":"Bolt-Check hat ein Komponenten-Zertifikat von DNV erhalten, mit dem es als Methode zur Messung der Schraubenspannung anerkannt ist. Bolt-Check steht daher auf einer Stufe mit Drehmoment- und Spannwerkzeugen f\u00fcr Wartungsinspektionen von Windturbinen.","link":{"value":"","url":"","anchor":"","blank":"0"}},{"_type":"_","title":"ISO 3834","image":"16187","body":"Das DNV-Zertifikat bescheinigt unseren Schwei\u00dfarbeiten und damit zusammenh\u00e4ngenden Aktivit\u00e4ten, den Qualit\u00e4tsstandards zum Schmelzschwei\u00dfen von metallischen Materialien zu entsprechen, die in der Norm ISO 3834-2:2005 aufgef\u00fchrt werden.","link":{"value":"","url":"","anchor":"","blank":"0"}},{"_type":"_","title":"EN 1090-1","image":"9122","body":"Qualit\u00e4t und Sicherheit sind wichtig f\u00fcr R&D Test Systems. Daher haben wir unsere Fertigung von Intertek gem\u00e4\u00df der Qualit\u00e4ts- und Leistungsstandards in EN 1090-1 zertifizieren lassen. Qualit\u00e4tsmanagement stellt sicher, dass unsere Konstruktionsbasis Design-Standards und Kundenanforderungen erf\u00fcllt.","link":{"value":"","url":"","anchor":"","blank":"0"}}]}],"app_templates_modules_custom_backlink_link":{"value":"","url":"","anchor":"","blank":"0"},"app_templates_privacy_policy_top_banner_image":"","app_templates_privacy_policy_top_banner_video":"","app_templates_privacy_policy_top_banner_subtitle":"","app_templates_privacy_policy_top_banner_title":"","_links":{"self":[{"href":"https:\/\/rdtestsystems.com\/de\/wp-json\/wp\/v2\/pages\/12811","targetHints":{"allow":["GET"]}}],"collection":[{"href":"https:\/\/rdtestsystems.com\/de\/wp-json\/wp\/v2\/pages"}],"about":[{"href":"https:\/\/rdtestsystems.com\/de\/wp-json\/wp\/v2\/types\/page"}],"author":[{"embeddable":true,"href":"https:\/\/rdtestsystems.com\/de\/wp-json\/wp\/v2\/users\/23"}],"replies":[{"embeddable":true,"href":"https:\/\/rdtestsystems.com\/de\/wp-json\/wp\/v2\/comments?post=12811"}],"version-history":[{"count":10,"href":"https:\/\/rdtestsystems.com\/de\/wp-json\/wp\/v2\/pages\/12811\/revisions"}],"predecessor-version":[{"id":18581,"href":"https:\/\/rdtestsystems.com\/de\/wp-json\/wp\/v2\/pages\/12811\/revisions\/18581"}],"wp:attachment":[{"href":"https:\/\/rdtestsystems.com\/de\/wp-json\/wp\/v2\/media?parent=12811"}],"curies":[{"name":"wp","href":"https:\/\/api.w.org\/{rel}","templated":true}]}}