{"id":12798,"date":"2021-11-03T10:28:28","date_gmt":"2021-11-03T09:28:28","guid":{"rendered":"https:\/\/www.rd-as.com\/aerospace-gearbox-test-rig\/"},"modified":"2022-03-16T17:24:37","modified_gmt":"2022-03-16T16:24:37","slug":"pruefstand-fuer-luftfahrtgetriebe","status":"publish","type":"page","link":"https:\/\/rdtestsystems.com\/de\/pruefstand-fuer-luftfahrtgetriebe\/","title":{"rendered":"Pr\u00fcfstand f\u00fcr Luftfahrtgetriebe"},"content":{"rendered":"","protected":false},"excerpt":{"rendered":"","protected":false},"author":23,"featured_media":11472,"parent":0,"menu_order":3,"comment_status":"closed","ping_status":"closed","template":"views\/template-modules.blade.php","meta":{"footnotes":""},"class_list":["post-12798","page","type-page","status-publish","has-post-thumbnail","hentry"],"yoast_head":"<!-- This site is optimized with the Yoast SEO plugin v25.7 - https:\/\/yoast.com\/wordpress\/plugins\/seo\/ -->\n<title>Pr\u00fcfstand f\u00fcr Luftfahrtgetriebe - R&amp;D Test Systems<\/title>\n<meta name=\"robots\" content=\"index, follow, max-snippet:-1, max-image-preview:large, max-video-preview:-1\" \/>\n<link rel=\"canonical\" href=\"https:\/\/rdtestsystems.com\/de\/pruefstand-fuer-luftfahrtgetriebe\/\" \/>\n<meta property=\"og:locale\" content=\"de_DE\" \/>\n<meta property=\"og:type\" content=\"article\" \/>\n<meta property=\"og:title\" content=\"Pr\u00fcfstand f\u00fcr Luftfahrtgetriebe - R&amp;D Test Systems\" \/>\n<meta property=\"og:url\" content=\"https:\/\/rdtestsystems.com\/de\/pruefstand-fuer-luftfahrtgetriebe\/\" \/>\n<meta property=\"og:site_name\" content=\"R&amp;D Test Systems\" \/>\n<meta property=\"article:modified_time\" content=\"2022-03-16T16:24:37+00:00\" \/>\n<meta property=\"og:image\" content=\"https:\/\/rdtestsystems.com\/app\/uploads\/2021\/11\/shutterstock_1065944750_small.jpg\" \/>\n\t<meta property=\"og:image:width\" content=\"2000\" \/>\n\t<meta property=\"og:image:height\" content=\"1335\" \/>\n\t<meta property=\"og:image:type\" content=\"image\/jpeg\" \/>\n<meta name=\"twitter:card\" content=\"summary_large_image\" \/>\n<script type=\"application\/ld+json\" class=\"yoast-schema-graph\">{\"@context\":\"https:\/\/schema.org\",\"@graph\":[{\"@type\":\"WebPage\",\"@id\":\"https:\/\/rdtestsystems.com\/de\/pruefstand-fuer-luftfahrtgetriebe\/\",\"url\":\"https:\/\/rdtestsystems.com\/de\/pruefstand-fuer-luftfahrtgetriebe\/\",\"name\":\"Pr\u00fcfstand f\u00fcr Luftfahrtgetriebe - R&amp;D Test Systems\",\"isPartOf\":{\"@id\":\"https:\/\/rdtestsystems.com\/#website\"},\"primaryImageOfPage\":{\"@id\":\"https:\/\/rdtestsystems.com\/de\/pruefstand-fuer-luftfahrtgetriebe\/#primaryimage\"},\"image\":{\"@id\":\"https:\/\/rdtestsystems.com\/de\/pruefstand-fuer-luftfahrtgetriebe\/#primaryimage\"},\"thumbnailUrl\":\"https:\/\/rdtestsystems.com\/app\/uploads\/2021\/11\/shutterstock_1065944750_small.jpg\",\"datePublished\":\"2021-11-03T09:28:28+00:00\",\"dateModified\":\"2022-03-16T16:24:37+00:00\",\"breadcrumb\":{\"@id\":\"https:\/\/rdtestsystems.com\/de\/pruefstand-fuer-luftfahrtgetriebe\/#breadcrumb\"},\"inLanguage\":\"de-DE\",\"potentialAction\":[{\"@type\":\"ReadAction\",\"target\":[\"https:\/\/rdtestsystems.com\/de\/pruefstand-fuer-luftfahrtgetriebe\/\"]}]},{\"@type\":\"ImageObject\",\"inLanguage\":\"de-DE\",\"@id\":\"https:\/\/rdtestsystems.com\/de\/pruefstand-fuer-luftfahrtgetriebe\/#primaryimage\",\"url\":\"https:\/\/rdtestsystems.com\/app\/uploads\/2021\/11\/shutterstock_1065944750_small.jpg\",\"contentUrl\":\"https:\/\/rdtestsystems.com\/app\/uploads\/2021\/11\/shutterstock_1065944750_small.jpg\",\"width\":2000,\"height\":1335,\"caption\":\"Aerospace engine\"},{\"@type\":\"BreadcrumbList\",\"@id\":\"https:\/\/rdtestsystems.com\/de\/pruefstand-fuer-luftfahrtgetriebe\/#breadcrumb\",\"itemListElement\":[{\"@type\":\"ListItem\",\"position\":1,\"name\":\"Home\",\"item\":\"https:\/\/rdtestsystems.com\/de\/\"},{\"@type\":\"ListItem\",\"position\":2,\"name\":\"Pr\u00fcfstand f\u00fcr Luftfahrtgetriebe\"}]},{\"@type\":\"WebSite\",\"@id\":\"https:\/\/rdtestsystems.com\/#website\",\"url\":\"https:\/\/rdtestsystems.com\/\",\"name\":\"R&amp;D Test Systems\",\"description\":\"Creating Value Through World-Class Engineering\",\"potentialAction\":[{\"@type\":\"SearchAction\",\"target\":{\"@type\":\"EntryPoint\",\"urlTemplate\":\"https:\/\/rdtestsystems.com\/?s={search_term_string}\"},\"query-input\":{\"@type\":\"PropertyValueSpecification\",\"valueRequired\":true,\"valueName\":\"search_term_string\"}}],\"inLanguage\":\"de-DE\"}]}<\/script>\n<!-- \/ Yoast SEO plugin. -->","yoast_head_json":{"title":"Pr\u00fcfstand f\u00fcr Luftfahrtgetriebe - R&amp;D Test Systems","robots":{"index":"index","follow":"follow","max-snippet":"max-snippet:-1","max-image-preview":"max-image-preview:large","max-video-preview":"max-video-preview:-1"},"canonical":"https:\/\/rdtestsystems.com\/de\/pruefstand-fuer-luftfahrtgetriebe\/","og_locale":"de_DE","og_type":"article","og_title":"Pr\u00fcfstand f\u00fcr Luftfahrtgetriebe - R&amp;D Test Systems","og_url":"https:\/\/rdtestsystems.com\/de\/pruefstand-fuer-luftfahrtgetriebe\/","og_site_name":"R&amp;D Test Systems","article_modified_time":"2022-03-16T16:24:37+00:00","og_image":[{"width":2000,"height":1335,"url":"https:\/\/rdtestsystems.com\/app\/uploads\/2021\/11\/shutterstock_1065944750_small.jpg","type":"image\/jpeg"}],"twitter_card":"summary_large_image","schema":{"@context":"https:\/\/schema.org","@graph":[{"@type":"WebPage","@id":"https:\/\/rdtestsystems.com\/de\/pruefstand-fuer-luftfahrtgetriebe\/","url":"https:\/\/rdtestsystems.com\/de\/pruefstand-fuer-luftfahrtgetriebe\/","name":"Pr\u00fcfstand f\u00fcr Luftfahrtgetriebe - R&amp;D Test Systems","isPartOf":{"@id":"https:\/\/rdtestsystems.com\/#website"},"primaryImageOfPage":{"@id":"https:\/\/rdtestsystems.com\/de\/pruefstand-fuer-luftfahrtgetriebe\/#primaryimage"},"image":{"@id":"https:\/\/rdtestsystems.com\/de\/pruefstand-fuer-luftfahrtgetriebe\/#primaryimage"},"thumbnailUrl":"https:\/\/rdtestsystems.com\/app\/uploads\/2021\/11\/shutterstock_1065944750_small.jpg","datePublished":"2021-11-03T09:28:28+00:00","dateModified":"2022-03-16T16:24:37+00:00","breadcrumb":{"@id":"https:\/\/rdtestsystems.com\/de\/pruefstand-fuer-luftfahrtgetriebe\/#breadcrumb"},"inLanguage":"de-DE","potentialAction":[{"@type":"ReadAction","target":["https:\/\/rdtestsystems.com\/de\/pruefstand-fuer-luftfahrtgetriebe\/"]}]},{"@type":"ImageObject","inLanguage":"de-DE","@id":"https:\/\/rdtestsystems.com\/de\/pruefstand-fuer-luftfahrtgetriebe\/#primaryimage","url":"https:\/\/rdtestsystems.com\/app\/uploads\/2021\/11\/shutterstock_1065944750_small.jpg","contentUrl":"https:\/\/rdtestsystems.com\/app\/uploads\/2021\/11\/shutterstock_1065944750_small.jpg","width":2000,"height":1335,"caption":"Aerospace engine"},{"@type":"BreadcrumbList","@id":"https:\/\/rdtestsystems.com\/de\/pruefstand-fuer-luftfahrtgetriebe\/#breadcrumb","itemListElement":[{"@type":"ListItem","position":1,"name":"Home","item":"https:\/\/rdtestsystems.com\/de\/"},{"@type":"ListItem","position":2,"name":"Pr\u00fcfstand f\u00fcr Luftfahrtgetriebe"}]},{"@type":"WebSite","@id":"https:\/\/rdtestsystems.com\/#website","url":"https:\/\/rdtestsystems.com\/","name":"R&amp;D Test Systems","description":"Creating Value Through World-Class Engineering","potentialAction":[{"@type":"SearchAction","target":{"@type":"EntryPoint","urlTemplate":"https:\/\/rdtestsystems.com\/?s={search_term_string}"},"query-input":{"@type":"PropertyValueSpecification","valueRequired":true,"valueName":"search_term_string"}}],"inLanguage":"de-DE"}]}},"app_templates_about_top_banner_image":"","app_templates_about_top_banner_video":"","app_templates_about_top_banner_subtitle":"","app_templates_about_top_banner_title":"","app_templates_about_modules_sections":[],"app_templates_about_clients_bg_color":"transparent","app_templates_about_clients_title":"","app_templates_about_clients_logos":[],"app_templates_about_clients_button":{"value":"","url":"","anchor":"","blank":0},"app_templates_contact_top_banner_image":"","app_templates_contact_top_banner_video":"","app_templates_contact_top_banner_subtitle":"","app_templates_contact_top_banner_title":"","app_templates_contact_legal_company_name":"","app_templates_contact_legal_street":"","app_templates_contact_legal_zip":"","app_templates_contact_legal_city":"","app_templates_contact_offices_title":"","app_templates_contact_offices_description":"","app_templates_contact_form_subjects":[],"app_templates_contact_modules_sections":[],"app_templates_homepage_top_slider_slides":[],"app_templates_homepage_modules_sections":[],"app_templates_modules_top_banner_image":"11469","app_templates_modules_top_banner_video":"","app_templates_modules_top_banner_subtitle":"Test Systems","app_templates_modules_top_banner_title":"Pr\u00fcfstand f\u00fcr Luftfahrtgetriebe","app_templates_modules_modules_sections":[{"_type":"text_image","nav_title":"","bg_color":"transparent","title":"Flugzeugmotoren werden immer gr\u00f6\u00dfer und leistungsst\u00e4rker","preface":"","image":"11481","video":"","autoplay":true,"position":"left","content":"In den letzten drei Jahrzehnten haben sich die Grenzen der Machbarkeit in der Luft- und Raumfahrt dank der umfangreichen technologischen Fortschritte in der Luftfahrtbranche immer wieder verschoben. Flugzeugmotoren werden immer gr\u00f6\u00dfer und leistungsst\u00e4rker, was optimierte und verbesserte Pr\u00fcfsysteme erfordert.\r\n\r\nUnsere Abteilung \u201eTest Systems\u201c verf\u00fcgt \u00fcber umfangreiche hausinterne Erfahrung und Expertise in puncto Projektmanagement, mechanischem Design, Antriebssteuerungssysteme, Konstruktion, Dokumentation und Installation. Das hilft R&amp;D dabei, Pr\u00fcfst\u00e4nde f\u00fcr unsere marktf\u00fchrenden Kunden zu entwickeln.\r\n\r\nIm Laufe des gesamten Entwicklungsprozesses optimieren wir das Design und stellen sicher, dass unsere Pr\u00fcfst\u00e4nde robust genug sind, um den Testszenarien unserer Kunden standzuhalten.","button":{"value":"","url":"","anchor":"","blank":"0"},"button_color":"btn-primary","services":[]},{"_type":"text_image","nav_title":"","bg_color":"transparent","title":"Pr\u00fcfst\u00e4nde f\u00fcr Flugzeugmotorengetriebe","preface":"","image":"11489","video":"","autoplay":true,"position":"right","content":"R&amp;D Test Systems verf\u00fcgt \u00fcber Experten in der Entwicklung von Pr\u00fcfst\u00e4nden f\u00fcr Flugzeugmotorengetriebe.\r\n\r\nAls Teil unseres US-Gesch\u00e4ftspartners <a href=\"https:\/\/www.mts.com\/home\/\">MTS Systems Corporation<\/a> haben wir unter anderem f\u00fcr <a href=\"https:\/\/rdtestsystems.com\/de\/cases\/systemlieferung-von-pruefstand-fuer-rolls-royce\/\">Rolls-Royce<\/a> einen Pr\u00fcfstand f\u00fcr Flugzeugmotoren-Leistungsgetriebe entwickelt, gebaut, installiert und in Betrieb genommen. MTS und R&amp;D verf\u00fcgen \u00fcber umfangreiche Erfahrung in der Entwicklung von Pr\u00fcfsystemen. Die Zusammenarbeit zwischen den Unternehmen und unsere jeweiligen Kompetenzen geh\u00f6ren zu den Gr\u00fcnden, weshalb R&amp;D als Lieferant ausgew\u00e4hlt wurde.\r\n\r\nMit diesem Auftrag konnte R&amp;D Test Systems die Position als f\u00fchrender Anbieter von Schwerlast-Pr\u00fcfsystemen festigen.","button":{"value":"","url":"","anchor":"","blank":"0"},"button_color":"btn-primary","services":[]},{"_type":"content","nav_title":"","bg_color":"light","title":"Dokumentationsanforderungen","body":"<p style=\"text-align: center;\">Zur Entwicklung eines Pr\u00fcfstands f\u00fcr Luftfahrtgetriebe zum Pr\u00fcfen neuer oder bestehender Getriebe geh\u00f6rt f\u00fcr uns dazu, regelm\u00e4\u00dfig mit unseren Kunden \u00fcber das Konzeptdesign, die Entwicklung sowie die Dokumentationsanforderungen zu sprechen. So stellen wir sicher, dass unsere einsatzbereite L\u00f6sung Ihren W\u00fcnschen und Anforderungen entspricht. Erfahren Sie hier mehr \u00fcber unsere <a href=\"https:\/\/rdtestsystems.com\/quality-assurance\/\">Qualit\u00e4tssicherung und Zertifikate<\/a>.<\/p>","text_align":"center"},{"_type":"info_banner","nav_title":"","bg_color":"transparent","image":"11497","video":"","pretitle":"","title":"R&D als Ihr agiler Gesch\u00e4ftspartner","preface":"","content":"Luftfahrtmotoren erfordern viele verschiedene Pr\u00fcfverfahren, sowohl auf System- als auch Komponentenebene. Daher arbeiten wir in sorgf\u00e4ltig zusammengestellten Projektteams, um auf die richtigen Kompetenzen und das richtige Wissen zur\u00fcckgreifen k\u00f6nnen, um Ihr Pr\u00fcfsystem zu entwickeln.\r\n\r\nBei der Auslieferung des Pr\u00fcfstands an Rolls-Royce war dies auch der Fall. \u201eRolls-Royce war auf der Suche nach einem agilen, kompetenten, flexiblen und l\u00f6sungsorientierten Gesch\u00e4ftspartner mit umfangreicher Erfahrung in der Entwicklung von Pr\u00fcfsystemen. Das war einer der Hauptgr\u00fcnde, weshalb sie R&amp;D Test Systems ausgew\u00e4hlt haben\u201c, sagt Peter Kattai Ulrikkeholm, CEO at R&amp;D.\r\n\r\n\u201eWir haben bei diesem Projekt eng mit Rolls-Royce zusammengearbeitet und uns regelm\u00e4\u00dfig getroffen, um uns zu besprechen und koordinieren.\u201c","button":{"value":"","url":"\/de\/cases\/hinter-der-kooperation-mit-rolls-royce\/","anchor":"Hinter der Rolls-Royce case","blank":"0"},"button_color":"btn-wh","services":[{"value":"term:services:11","type":"term","subtype":"services","id":"11"}],"position":"right","background_color":"semi-secondary"},{"_type":"related_insights","nav_title":"","bg_color":"light","title":"Resultate, die f\u00fcr sich selbst sprechen","description":"Entdecken Sie unser Universum an tollen L\u00f6sungen, die wir unseren Kunden zur Verf\u00fcgung gestellt haben \u2013 Technik und Maschinenbau auf Top-Niveau","post_types":"insights","insights":[{"value":"post:cases:4468","type":"post","subtype":"cases","id":"4468"},{"value":"post:cases:4466","type":"post","subtype":"cases","id":"4466"},{"value":"post:cases:12327","type":"post","subtype":"cases","id":"12327"},{"value":"post:insights:11389","type":"post","subtype":"insights","id":"11389"},{"value":"post:insights:12226","type":"post","subtype":"insights","id":"12226"}],"insights_posttype":[],"cases":[]},{"_type":"contact","nav_title":"","bg_color":"transparent","title":"Wie k\u00f6nnen wir Ihnen helfen?","description":"","show_categories":false,"form_text":"","subjects":[],"employees":[{"value":"post:employees:138","type":"post","subtype":"employees","id":"138"},{"value":"post:employees:132","type":"post","subtype":"employees","id":"132"}],"hide_responsibilities":false}],"app_templates_modules_custom_backlink_link":{"value":"","url":"","anchor":"","blank":"0"},"app_templates_privacy_policy_top_banner_image":"","app_templates_privacy_policy_top_banner_video":"","app_templates_privacy_policy_top_banner_subtitle":"","app_templates_privacy_policy_top_banner_title":"","_links":{"self":[{"href":"https:\/\/rdtestsystems.com\/de\/wp-json\/wp\/v2\/pages\/12798","targetHints":{"allow":["GET"]}}],"collection":[{"href":"https:\/\/rdtestsystems.com\/de\/wp-json\/wp\/v2\/pages"}],"about":[{"href":"https:\/\/rdtestsystems.com\/de\/wp-json\/wp\/v2\/types\/page"}],"author":[{"embeddable":true,"href":"https:\/\/rdtestsystems.com\/de\/wp-json\/wp\/v2\/users\/23"}],"replies":[{"embeddable":true,"href":"https:\/\/rdtestsystems.com\/de\/wp-json\/wp\/v2\/comments?post=12798"}],"version-history":[{"count":4,"href":"https:\/\/rdtestsystems.com\/de\/wp-json\/wp\/v2\/pages\/12798\/revisions"}],"predecessor-version":[{"id":12802,"href":"https:\/\/rdtestsystems.com\/de\/wp-json\/wp\/v2\/pages\/12798\/revisions\/12802"}],"wp:featuredmedia":[{"embeddable":true,"href":"https:\/\/rdtestsystems.com\/de\/wp-json\/wp\/v2\/media\/11472"}],"wp:attachment":[{"href":"https:\/\/rdtestsystems.com\/de\/wp-json\/wp\/v2\/media?parent=12798"}],"curies":[{"name":"wp","href":"https:\/\/api.w.org\/{rel}","templated":true}]}}