{"id":3238,"date":"2019-06-12T14:47:58","date_gmt":"2019-06-12T12:47:58","guid":{"rendered":"https:\/\/www.rd-as.com\/?page_id=3238"},"modified":"2025-05-08T08:24:20","modified_gmt":"2025-05-08T06:24:20","slug":"regnerosion-tester","status":"publish","type":"page","link":"https:\/\/rdtestsystems.com\/da\/regnerosion-tester\/","title":{"rendered":"Rain Erosion Tester"},"content":{"rendered":"","protected":false},"excerpt":{"rendered":"","protected":false},"author":14,"featured_media":11272,"parent":0,"menu_order":12,"comment_status":"closed","ping_status":"closed","template":"views\/template-modules.blade.php","meta":{"footnotes":""},"class_list":["post-3238","page","type-page","status-publish","has-post-thumbnail","hentry"],"yoast_head":"<!-- This site is optimized with the Yoast SEO plugin v25.7 - https:\/\/yoast.com\/wordpress\/plugins\/seo\/ -->\n<title>R&amp;D Test Systems Rain Erosion Tester - \u00d8g levetiden af vindm\u00f8llevingerne<\/title>\n<meta name=\"description\" content=\"Rain Erosion Tester fra R&amp;D Test Systems er en DNV GL godkendt test af erosion p\u00e5 forkanten af vindm\u00f8llevingerne.\" \/>\n<meta name=\"robots\" content=\"index, follow, max-snippet:-1, max-image-preview:large, max-video-preview:-1\" \/>\n<link rel=\"canonical\" href=\"https:\/\/rdtestsystems.com\/da\/regnerosion-tester\/\" \/>\n<meta property=\"og:locale\" content=\"da_DK\" \/>\n<meta property=\"og:type\" content=\"article\" \/>\n<meta property=\"og:title\" content=\"R&amp;D Test Systems Rain Erosion Tester - \u00d8g levetiden af vindm\u00f8llevingerne\" \/>\n<meta property=\"og:description\" content=\"Rain Erosion Tester fra R&amp;D Test Systems er en DNV GL godkendt test af erosion p\u00e5 forkanten af vindm\u00f8llevingerne.\" \/>\n<meta property=\"og:url\" content=\"https:\/\/rdtestsystems.com\/da\/regnerosion-tester\/\" \/>\n<meta property=\"og:site_name\" content=\"R&amp;D Test Systems\" \/>\n<meta property=\"article:modified_time\" content=\"2025-05-08T06:24:20+00:00\" \/>\n<meta property=\"og:image\" content=\"https:\/\/rdtestsystems.com\/app\/uploads\/2021\/10\/DSC_7637-scaled.jpg\" \/>\n\t<meta property=\"og:image:width\" content=\"2560\" \/>\n\t<meta property=\"og:image:height\" content=\"1703\" \/>\n\t<meta property=\"og:image:type\" content=\"image\/jpeg\" \/>\n<meta name=\"twitter:card\" content=\"summary_large_image\" \/>\n<meta name=\"twitter:label1\" content=\"Est. reading time\" \/>\n\t<meta name=\"twitter:data1\" content=\"4 minutes\" \/>\n<script type=\"application\/ld+json\" class=\"yoast-schema-graph\">{\"@context\":\"https:\/\/schema.org\",\"@graph\":[{\"@type\":\"WebPage\",\"@id\":\"https:\/\/rdtestsystems.com\/da\/regnerosion-tester\/\",\"url\":\"https:\/\/rdtestsystems.com\/da\/regnerosion-tester\/\",\"name\":\"R&amp;D Test Systems Rain Erosion Tester - \u00d8g levetiden af vindm\u00f8llevingerne\",\"isPartOf\":{\"@id\":\"https:\/\/rdtestsystems.com\/#website\"},\"primaryImageOfPage\":{\"@id\":\"https:\/\/rdtestsystems.com\/da\/regnerosion-tester\/#primaryimage\"},\"image\":{\"@id\":\"https:\/\/rdtestsystems.com\/da\/regnerosion-tester\/#primaryimage\"},\"thumbnailUrl\":\"https:\/\/rdtestsystems.com\/app\/uploads\/2021\/10\/DSC_7637-scaled.jpg\",\"datePublished\":\"2019-06-12T12:47:58+00:00\",\"dateModified\":\"2025-05-08T06:24:20+00:00\",\"description\":\"Rain Erosion Tester fra R&D Test Systems er en DNV GL godkendt test af erosion p\u00e5 forkanten af vindm\u00f8llevingerne.\",\"breadcrumb\":{\"@id\":\"https:\/\/rdtestsystems.com\/da\/regnerosion-tester\/#breadcrumb\"},\"inLanguage\":\"da-DK\",\"potentialAction\":[{\"@type\":\"ReadAction\",\"target\":[\"https:\/\/rdtestsystems.com\/da\/regnerosion-tester\/\"]}]},{\"@type\":\"ImageObject\",\"inLanguage\":\"da-DK\",\"@id\":\"https:\/\/rdtestsystems.com\/da\/regnerosion-tester\/#primaryimage\",\"url\":\"https:\/\/rdtestsystems.com\/app\/uploads\/2021\/10\/DSC_7637-scaled.jpg\",\"contentUrl\":\"https:\/\/rdtestsystems.com\/app\/uploads\/2021\/10\/DSC_7637-scaled.jpg\",\"width\":2560,\"height\":1703,\"caption\":\"Rain Erosion Tester\"},{\"@type\":\"BreadcrumbList\",\"@id\":\"https:\/\/rdtestsystems.com\/da\/regnerosion-tester\/#breadcrumb\",\"itemListElement\":[{\"@type\":\"ListItem\",\"position\":1,\"name\":\"Home\",\"item\":\"https:\/\/rdtestsystems.com\/da\/\"},{\"@type\":\"ListItem\",\"position\":2,\"name\":\"Rain Erosion Tester\"}]},{\"@type\":\"WebSite\",\"@id\":\"https:\/\/rdtestsystems.com\/#website\",\"url\":\"https:\/\/rdtestsystems.com\/\",\"name\":\"R&amp;D Test Systems\",\"description\":\"Creating Value Through World-Class Engineering\",\"potentialAction\":[{\"@type\":\"SearchAction\",\"target\":{\"@type\":\"EntryPoint\",\"urlTemplate\":\"https:\/\/rdtestsystems.com\/?s={search_term_string}\"},\"query-input\":{\"@type\":\"PropertyValueSpecification\",\"valueRequired\":true,\"valueName\":\"search_term_string\"}}],\"inLanguage\":\"da-DK\"}]}<\/script>\n<!-- \/ Yoast SEO plugin. -->","yoast_head_json":{"title":"R&amp;D Test Systems Rain Erosion Tester - \u00d8g levetiden af vindm\u00f8llevingerne","description":"Rain Erosion Tester fra R&D Test Systems er en DNV GL godkendt test af erosion p\u00e5 forkanten af vindm\u00f8llevingerne.","robots":{"index":"index","follow":"follow","max-snippet":"max-snippet:-1","max-image-preview":"max-image-preview:large","max-video-preview":"max-video-preview:-1"},"canonical":"https:\/\/rdtestsystems.com\/da\/regnerosion-tester\/","og_locale":"da_DK","og_type":"article","og_title":"R&amp;D Test Systems Rain Erosion Tester - \u00d8g levetiden af vindm\u00f8llevingerne","og_description":"Rain Erosion Tester fra R&D Test Systems er en DNV GL godkendt test af erosion p\u00e5 forkanten af vindm\u00f8llevingerne.","og_url":"https:\/\/rdtestsystems.com\/da\/regnerosion-tester\/","og_site_name":"R&amp;D Test Systems","article_modified_time":"2025-05-08T06:24:20+00:00","og_image":[{"width":2560,"height":1703,"url":"https:\/\/rdtestsystems.com\/app\/uploads\/2021\/10\/DSC_7637-scaled.jpg","type":"image\/jpeg"}],"twitter_card":"summary_large_image","twitter_misc":{"Est. reading time":"4 minutes"},"schema":{"@context":"https:\/\/schema.org","@graph":[{"@type":"WebPage","@id":"https:\/\/rdtestsystems.com\/da\/regnerosion-tester\/","url":"https:\/\/rdtestsystems.com\/da\/regnerosion-tester\/","name":"R&amp;D Test Systems Rain Erosion Tester - \u00d8g levetiden af vindm\u00f8llevingerne","isPartOf":{"@id":"https:\/\/rdtestsystems.com\/#website"},"primaryImageOfPage":{"@id":"https:\/\/rdtestsystems.com\/da\/regnerosion-tester\/#primaryimage"},"image":{"@id":"https:\/\/rdtestsystems.com\/da\/regnerosion-tester\/#primaryimage"},"thumbnailUrl":"https:\/\/rdtestsystems.com\/app\/uploads\/2021\/10\/DSC_7637-scaled.jpg","datePublished":"2019-06-12T12:47:58+00:00","dateModified":"2025-05-08T06:24:20+00:00","description":"Rain Erosion Tester fra R&D Test Systems er en DNV GL godkendt test af erosion p\u00e5 forkanten af vindm\u00f8llevingerne.","breadcrumb":{"@id":"https:\/\/rdtestsystems.com\/da\/regnerosion-tester\/#breadcrumb"},"inLanguage":"da-DK","potentialAction":[{"@type":"ReadAction","target":["https:\/\/rdtestsystems.com\/da\/regnerosion-tester\/"]}]},{"@type":"ImageObject","inLanguage":"da-DK","@id":"https:\/\/rdtestsystems.com\/da\/regnerosion-tester\/#primaryimage","url":"https:\/\/rdtestsystems.com\/app\/uploads\/2021\/10\/DSC_7637-scaled.jpg","contentUrl":"https:\/\/rdtestsystems.com\/app\/uploads\/2021\/10\/DSC_7637-scaled.jpg","width":2560,"height":1703,"caption":"Rain Erosion Tester"},{"@type":"BreadcrumbList","@id":"https:\/\/rdtestsystems.com\/da\/regnerosion-tester\/#breadcrumb","itemListElement":[{"@type":"ListItem","position":1,"name":"Home","item":"https:\/\/rdtestsystems.com\/da\/"},{"@type":"ListItem","position":2,"name":"Rain Erosion Tester"}]},{"@type":"WebSite","@id":"https:\/\/rdtestsystems.com\/#website","url":"https:\/\/rdtestsystems.com\/","name":"R&amp;D Test Systems","description":"Creating Value Through World-Class Engineering","potentialAction":[{"@type":"SearchAction","target":{"@type":"EntryPoint","urlTemplate":"https:\/\/rdtestsystems.com\/?s={search_term_string}"},"query-input":{"@type":"PropertyValueSpecification","valueRequired":true,"valueName":"search_term_string"}}],"inLanguage":"da-DK"}]}},"app_templates_about_top_banner_image":"","app_templates_about_top_banner_video":"","app_templates_about_top_banner_subtitle":"","app_templates_about_top_banner_title":"","app_templates_about_modules_sections":[],"app_templates_about_clients_bg_color":"transparent","app_templates_about_clients_title":"","app_templates_about_clients_logos":[],"app_templates_about_clients_button":{"value":"","url":"","anchor":"","blank":0},"app_templates_contact_top_banner_image":"","app_templates_contact_top_banner_video":"","app_templates_contact_top_banner_subtitle":"","app_templates_contact_top_banner_title":"","app_templates_contact_legal_company_name":"","app_templates_contact_legal_street":"","app_templates_contact_legal_zip":"","app_templates_contact_legal_city":"","app_templates_contact_offices_title":"","app_templates_contact_offices_description":"","app_templates_contact_form_subjects":[],"app_templates_contact_modules_sections":[],"app_templates_homepage_top_slider_slides":[],"app_templates_homepage_modules_sections":[],"app_templates_modules_top_banner_image":"2446","app_templates_modules_top_banner_video":"14891","app_templates_modules_top_banner_subtitle":"Test Systems","app_templates_modules_top_banner_title":"Rain Erosion Tester","app_templates_modules_modules_sections":[{"_type":"text_image","nav_title":"Introduktion","bg_color":"transparent","title":"Forbedrer levetiden","preface":"Erosion p\u00e5 forkanter er et stigende problem inden for vindindustrien p\u00e5 grund af barske vejrforhold eller \u00f8gede rotorhastigheder, og flyindustrien oplever lignende erosion p\u00e5 deres vingespidser p\u00e5 grund af regn ved h\u00f8j hastighed.","image":"11319","video":"","autoplay":false,"position":"right","content":"I \u00f8jeblikket er 16 Rain Erosion Testere blevet solgt over hele verden til overfladebehandlingsvirksomheder og testcentre, herunder Hempel, Polytech, ORE Catapult, LM Wind Power og Danmarks Tekniske Universitet - DTU.\r\n\r\nRain Erosion Tester fra R&amp;D Test Systems tilbyder den mest pr\u00e6cise og standardiserede m\u00e5de at teste nye produkter og kontrollere partier af forkants beskyttelsessystemer. Testsystemet er baseret p\u00e5 et 3-bladet helikopterprincip med testemner formet som forkantspidsen af en standard vindm\u00f8llevinge eller flyvemaskinevinge. Dette test-setup simulerer p\u00e5 en accelereret m\u00e5de effekten af mange \u00e5rs slid fra regnvejr og regndr\u00e5ber.","button":{"value":"","url":"","anchor":"","blank":"0"},"button_color":"btn-primary","services":[]},{"_type":"text_image","nav_title":"","bg_color":"transparent","title":"Fordele og funktioner","preface":"","image":"5056","video":"","autoplay":false,"position":"right","content":"<ul>\r\n \t<li>Omfangsrigt turnkey testsystem leveret i et hus af 20-fods containere<\/li>\r\n \t<li>Dokumenteret niveau af repeterbarhed og driftssikkerhed (COV &lt; 20%)<\/li>\r\n \t<li>Brugervenlig brugerflade<\/li>\r\n \t<li>H\u00f8j oppetid, fordi testene kan foretages automatisk efter den indledende indk\u00f8ring<\/li>\r\n \t<li>Automatisk erosions dokumentation (foto) og fremstillling af testrapport<\/li>\r\n \t<li>Designet af pr\u00f8vestykkerne tillader testning af adskillige overflader og materialer s\u00e5som FRP, aluminium og titanium<\/li>\r\n \t<li>Fremstilling af testrapport inklusiv sporing af testparametre<\/li>\r\n \t<li>Temperaturreguleret testkammer<\/li>\r\n \t<li>Fuldautomatisk drift<\/li>\r\n \t<li>CE m\u00e6rkning<\/li>\r\n<\/ul>","button":{"value":"","url":"","anchor":"","blank":"0"},"button_color":"btn-primary","services":[]},{"_type":"content","nav_title":"Standarder","bg_color":"light","title":"Standarder","body":"<div data-v-d7e463b2=\"\"><span data-v-d7e463b2=\"\">Rain Erosion Tester overholder ASTM G73-10 Standard Test Method for Liquid Impingement Erosion Using Rotating Apparate, og har et dokumenteret niveau af repeterbarhed og opfylder DNVs anbefalede praksis (DNV-RP-01171) til afpr\u00f8vning af rotorblade erosion beskyttelsessystemer.<\/span><\/div>\r\n<div data-v-d7e463b2=\"\"><\/div>\r\n<div data-v-d7e463b2=\"\"><span data-v-d7e463b2=\"\">Desuden er testsystemet i overensstemmelse med SAE AMS-C-83231A Aerospace Material Specification for Coatings, Polyuretan, Rain Erosion Resistent for Exterior Aircraft og Missil Plastic Parts.<\/span><\/div>","text_align":"center"},{"_type":"stats","nav_title":"Testparametre","bg_color":"transparent","title":"Justerbare testparametre","description":"","stats":[{"_type":"_","metric":"2,0-3,5","unit":"mm","title":"Drypst\u00f8rrelse (diameter)"},{"_type":"_","metric":"200-400","unit":"mm","title":"Dr\u00e5beh\u00f8jde"},{"_type":"_","metric":"29-174","unit":"mm\/t","title":"Regnintensitet "}]},{"_type":"stats","nav_title":"","bg_color":"transparent","title":"","description":"","stats":[{"_type":"_","metric":"4-30","unit":"grader ","title":"Vandtemperatur"},{"_type":"_","metric":"63-224","unit":"m\/s","title":"Tip hastighed"},{"_type":"_","metric":"15","unit":"min","title":"Mellem testbilleder"}]},{"_type":"text_image","nav_title":"Ny Compact Rain Erosion Tester","bg_color":"light","title":"Vores nye Compact Rain Erosion Tester","preface":"Nogle kunder har brug for komplekse, skr\u00e6ddersyede l\u00f8sninger til test af regnerosion, mens andre har behov for enkle l\u00f8sninger.","image":"17098","video":"","autoplay":false,"position":"left","content":"Nu kan vi pr\u00e6sentere en ny l\u00f8sning til dem, der har behov for et simpelt og kompakt testsetup til at udf\u00f8re test af regnerosion. Ved at komprimere designet kan vi reducere materialeforbruget, samle og idrifts\u00e6tte den p\u00e5 vores fabrik og sikre, at du kan f\u00e5 en Rain Erosion Tester til en br\u00f8kdel af prisen.","button":{"value":"","url":"","anchor":"","blank":"0"},"button_color":"btn-primary","services":[]},{"_type":"expanding_info","nav_title":"Compact RET","bg_color":"transparent","title":"N\u00e5 jeres testpotentiale enklere og hurtigere","description":"Den nye Compact Rain Erosion Tester giver jer muligheden for at opn\u00e5 et enklere og mere kompakt testsetup til en br\u00f8kdel af prisen.","image":"17111","items":[{"_type":"_","title":"Opfylder de fleste testbehov","description":"Det nye kompakte design tilbyder nogle af de v\u00e6sentligste fordele ved vores standard Rain Erosion Tester. Den nye kompakte regnerosionstester opfylder de fleste af industriens testbehov og overholder stadig DNVs anbefalede praksis for test af rotorblade erosion beskyttelsessystemer.","video":"","button":{"value":"","url":"","anchor":"","blank":"0"},"button_color":"btn-primary","services":[]},{"_type":"_","title":"RET Compact fordele","description":"<ul>\r\n \t<li>Prisoptimeret l\u00f8sning, der opfylder de fleste testbehov<\/li>\r\n \t<li>Leveres fuldt samlet og klargjort<\/li>\r\n \t<li>Plug-and-play-l\u00f8sning, der kan placeres hvor som helst<\/li>\r\n \t<li>Overholder relevante DNV-anbefalinger<\/li>\r\n \t<li>Automatisk dokumentation og rapportering af erosion med 16 Mpx kamera<\/li>\r\n \t<li>Intuitiv HMI og kontrolsystem<\/li>\r\n \t<li>Fuldautomatisk drift<\/li>\r\n<\/ul>","video":"","button":{"value":"","url":"","anchor":"","blank":"0"},"button_color":"btn-primary","services":[]},{"_type":"_","title":"Ydeevne og funktioner","description":"<ul>\r\n \t<li>Drypst\u00f8rrelse 2,0 \u2013 3,5 mm<\/li>\r\n \t<li>Test repeterbarhed COV &lt; 20%<\/li>\r\n \t<li>Regnintensitet 60 - 120 l\/t (29 - 58 mm\/t) *<\/li>\r\n \t<li>Automatiske test og rapportering<\/li>\r\n \t<li>Spidshastighed op til 160 m\/s *<\/li>\r\n \t<li>Temperaturreguleret testkammer<\/li>\r\n \t<li>390 mm eksponeret pr\u00f8vel\u00e6ngde<\/li>\r\n \t<li>Hurtigtskiftende pr\u00f8veholder<\/li>\r\n<\/ul>","video":"","button":{"value":"","url":"\/app\/uploads\/2025\/02\/Rain-Erosion-Tester-Compact-2024_Onepager_np.pdf","anchor":"Se onepager for mere information","blank":"1"},"button_color":"btn-primary","services":[]}]},{"_type":"accordion","nav_title":"","bg_color":"light","title":"Vores tilbud","description":"","items":[{"_type":"_","industries":[],"title":"Turnkey l\u00f8sning","image":"","preface":"","text":"R&amp;D Test Systems tilbyder en turnkey l\u00f8sning, som inkluderer regnsystemet, en rotor med pr\u00f8vestykke-holdere, dr\u00e6ning, ventilation of kontrolsystem leveret i et hus af 20-fods containere.\r\n\r\nSystemsikkerhed er en vigtig parameter, idet det forsikrer sikker drift under test ved ekstreme roterende bev\u00e6gelseshastigheder. Systemsikkerhed er garanteret b\u00e5de af R&amp;D Test Systems og af eksterne maskinsikkerhedseksperter.","button":{"value":"","url":"","anchor":"","blank":"0"}},{"_type":"_","industries":[],"title":"Test af regnerosion","image":"","preface":"","text":"Vi tilbyder test af erosion til udvikling af funktioner og teknologier p\u00e5 vores egen Rain Erosion Tester i Hinnerup, Aarhus. Maskinen er udstyret med et dobbelt dr\u00e5besystem og kan k\u00f8re test til b\u00e5de vind- og rumfart.\r\n\r\nEr du interesseret i teste regnerosion, er du velkommen til at kigge forbi og se maskinen.\r\n\r\nKontakt Key Account Manager Niels Pedersen for mere information p\u00e5 npe@rdas.dk eller +45 63 25 20 51.","button":{"value":"","url":"","anchor":"","blank":"0"}}]},{"_type":"video-module","nav_title":"Video","bg_color":"transparent","title":"Rain Erosion Tester","description":"","video":"","embed":"https:\/\/www.youtube.com\/watch?v=DT-w1rihJjI","video_size":"sm"},{"_type":"related_insights","nav_title":"","bg_color":"light","title":"14 virksomheder p\u00e5 verdensplan benytter testsystemet ","description":"F\u00e5 indblik i, hvorfor de valgte Rain Erosion Testeren fra R&D Test Systems","post_types":"insights","insights":[{"value":"post:insights:17953","type":"post","subtype":"insights","id":"17953"},{"value":"post:insights:16377","type":"post","subtype":"insights","id":"16377"},{"value":"post:insights:15720","type":"post","subtype":"insights","id":"15720"},{"value":"post:insights:15162","type":"post","subtype":"insights","id":"15162"},{"value":"post:cases:13821","type":"post","subtype":"cases","id":"13821"},{"value":"post:insights:12520","type":"post","subtype":"insights","id":"12520"},{"value":"post:insights:9634","type":"post","subtype":"insights","id":"9634"},{"value":"post:insights:12480","type":"post","subtype":"insights","id":"12480"},{"value":"post:insights:3279","type":"post","subtype":"insights","id":"3279"},{"value":"post:cases:9693","type":"post","subtype":"cases","id":"9693"},{"value":"post:insights:3265","type":"post","subtype":"insights","id":"3265"}],"insights_posttype":[],"cases":[]},{"_type":"contact","nav_title":"","bg_color":"transparent","title":"Hvordan kan vi hj\u00e6lpe dig?","description":"Kontakt os for mere information om vores Rain Erosion Tester.","show_categories":false,"form_text":"N\u00e5r du indsender kontaktformularen, bekr\u00e6fter du samtidig, at du har l\u00e6st og accepteret vores privatlivspolitik.","subjects":[],"employees":[{"value":"post:employees:13783","type":"post","subtype":"employees","id":"13783"}],"hide_responsibilities":false}],"app_templates_modules_custom_backlink_link":{"value":"","url":"","anchor":"","blank":"0"},"app_templates_privacy_policy_top_banner_image":"","app_templates_privacy_policy_top_banner_video":"","app_templates_privacy_policy_top_banner_subtitle":"","app_templates_privacy_policy_top_banner_title":"","_links":{"self":[{"href":"https:\/\/rdtestsystems.com\/da\/wp-json\/wp\/v2\/pages\/3238","targetHints":{"allow":["GET"]}}],"collection":[{"href":"https:\/\/rdtestsystems.com\/da\/wp-json\/wp\/v2\/pages"}],"about":[{"href":"https:\/\/rdtestsystems.com\/da\/wp-json\/wp\/v2\/types\/page"}],"author":[{"embeddable":true,"href":"https:\/\/rdtestsystems.com\/da\/wp-json\/wp\/v2\/users\/14"}],"replies":[{"embeddable":true,"href":"https:\/\/rdtestsystems.com\/da\/wp-json\/wp\/v2\/comments?post=3238"}],"version-history":[{"count":30,"href":"https:\/\/rdtestsystems.com\/da\/wp-json\/wp\/v2\/pages\/3238\/revisions"}],"predecessor-version":[{"id":17962,"href":"https:\/\/rdtestsystems.com\/da\/wp-json\/wp\/v2\/pages\/3238\/revisions\/17962"}],"wp:featuredmedia":[{"embeddable":true,"href":"https:\/\/rdtestsystems.com\/da\/wp-json\/wp\/v2\/media\/11272"}],"wp:attachment":[{"href":"https:\/\/rdtestsystems.com\/da\/wp-json\/wp\/v2\/media?parent=3238"}],"curies":[{"name":"wp","href":"https:\/\/api.w.org\/{rel}","templated":true}]}}