{"id":3101,"date":"2019-05-21T14:37:53","date_gmt":"2019-05-21T12:37:53","guid":{"rendered":"https:\/\/www.rd-as.com\/?page_id=3101"},"modified":"2020-04-21T09:33:59","modified_gmt":"2020-04-21T07:33:59","slug":"cookiepolitik","status":"publish","type":"page","link":"https:\/\/rdtestsystems.com\/da\/cookiepolitik\/","title":{"rendered":"Cookiepolitik"},"content":{"rendered":"","protected":false},"excerpt":{"rendered":"","protected":false},"author":14,"featured_media":0,"parent":0,"menu_order":19,"comment_status":"closed","ping_status":"closed","template":"views\/template-privacy-policy.blade.php","meta":{"footnotes":""},"class_list":["post-3101","page","type-page","status-publish","hentry"],"yoast_head":"<!-- This site is optimized with the Yoast SEO plugin v25.7 - https:\/\/yoast.com\/wordpress\/plugins\/seo\/ -->\n<title>R&amp;D - Privatlivspolitik<\/title>\n<meta name=\"description\" content=\"Her finder du oplysninger om vores privatlivspolitik samt hvad du skal g\u00f8re, hvis du \u00f8nsker at f\u00e5 oplyst vi behandler om dig.\" \/>\n<meta name=\"robots\" content=\"index, follow, max-snippet:-1, max-image-preview:large, max-video-preview:-1\" \/>\n<link rel=\"canonical\" href=\"https:\/\/rdtestsystems.com\/da\/cookiepolitik\/\" \/>\n<meta property=\"og:locale\" content=\"da_DK\" \/>\n<meta property=\"og:type\" content=\"article\" \/>\n<meta property=\"og:title\" content=\"R&amp;D - Privatlivspolitik\" \/>\n<meta property=\"og:description\" content=\"Her finder du oplysninger om vores privatlivspolitik samt hvad du skal g\u00f8re, hvis du \u00f8nsker at f\u00e5 oplyst vi behandler om dig.\" \/>\n<meta property=\"og:url\" content=\"https:\/\/rdtestsystems.com\/da\/cookiepolitik\/\" \/>\n<meta property=\"og:site_name\" content=\"R&amp;D Test Systems\" \/>\n<meta property=\"article:modified_time\" content=\"2020-04-21T07:33:59+00:00\" \/>\n<meta name=\"twitter:card\" content=\"summary_large_image\" \/>\n<script type=\"application\/ld+json\" class=\"yoast-schema-graph\">{\"@context\":\"https:\/\/schema.org\",\"@graph\":[{\"@type\":\"WebPage\",\"@id\":\"https:\/\/rdtestsystems.com\/da\/cookiepolitik\/\",\"url\":\"https:\/\/rdtestsystems.com\/da\/cookiepolitik\/\",\"name\":\"R&D - Privatlivspolitik\",\"isPartOf\":{\"@id\":\"https:\/\/rdtestsystems.com\/#website\"},\"datePublished\":\"2019-05-21T12:37:53+00:00\",\"dateModified\":\"2020-04-21T07:33:59+00:00\",\"description\":\"Her finder du oplysninger om vores privatlivspolitik samt hvad du skal g\u00f8re, hvis du \u00f8nsker at f\u00e5 oplyst vi behandler om dig.\",\"breadcrumb\":{\"@id\":\"https:\/\/rdtestsystems.com\/da\/cookiepolitik\/#breadcrumb\"},\"inLanguage\":\"da-DK\",\"potentialAction\":[{\"@type\":\"ReadAction\",\"target\":[\"https:\/\/rdtestsystems.com\/da\/cookiepolitik\/\"]}]},{\"@type\":\"BreadcrumbList\",\"@id\":\"https:\/\/rdtestsystems.com\/da\/cookiepolitik\/#breadcrumb\",\"itemListElement\":[{\"@type\":\"ListItem\",\"position\":1,\"name\":\"Home\",\"item\":\"https:\/\/rdtestsystems.com\/da\/\"},{\"@type\":\"ListItem\",\"position\":2,\"name\":\"Cookiepolitik\"}]},{\"@type\":\"WebSite\",\"@id\":\"https:\/\/rdtestsystems.com\/#website\",\"url\":\"https:\/\/rdtestsystems.com\/\",\"name\":\"R&amp;D Test Systems\",\"description\":\"Creating Value Through World-Class Engineering\",\"potentialAction\":[{\"@type\":\"SearchAction\",\"target\":{\"@type\":\"EntryPoint\",\"urlTemplate\":\"https:\/\/rdtestsystems.com\/?s={search_term_string}\"},\"query-input\":{\"@type\":\"PropertyValueSpecification\",\"valueRequired\":true,\"valueName\":\"search_term_string\"}}],\"inLanguage\":\"da-DK\"}]}<\/script>\n<!-- \/ Yoast SEO plugin. -->","yoast_head_json":{"title":"R&D - Privatlivspolitik","description":"Her finder du oplysninger om vores privatlivspolitik samt hvad du skal g\u00f8re, hvis du \u00f8nsker at f\u00e5 oplyst vi behandler om dig.","robots":{"index":"index","follow":"follow","max-snippet":"max-snippet:-1","max-image-preview":"max-image-preview:large","max-video-preview":"max-video-preview:-1"},"canonical":"https:\/\/rdtestsystems.com\/da\/cookiepolitik\/","og_locale":"da_DK","og_type":"article","og_title":"R&D - Privatlivspolitik","og_description":"Her finder du oplysninger om vores privatlivspolitik samt hvad du skal g\u00f8re, hvis du \u00f8nsker at f\u00e5 oplyst vi behandler om dig.","og_url":"https:\/\/rdtestsystems.com\/da\/cookiepolitik\/","og_site_name":"R&amp;D Test Systems","article_modified_time":"2020-04-21T07:33:59+00:00","twitter_card":"summary_large_image","schema":{"@context":"https:\/\/schema.org","@graph":[{"@type":"WebPage","@id":"https:\/\/rdtestsystems.com\/da\/cookiepolitik\/","url":"https:\/\/rdtestsystems.com\/da\/cookiepolitik\/","name":"R&D - Privatlivspolitik","isPartOf":{"@id":"https:\/\/rdtestsystems.com\/#website"},"datePublished":"2019-05-21T12:37:53+00:00","dateModified":"2020-04-21T07:33:59+00:00","description":"Her finder du oplysninger om vores privatlivspolitik samt hvad du skal g\u00f8re, hvis du \u00f8nsker at f\u00e5 oplyst vi behandler om dig.","breadcrumb":{"@id":"https:\/\/rdtestsystems.com\/da\/cookiepolitik\/#breadcrumb"},"inLanguage":"da-DK","potentialAction":[{"@type":"ReadAction","target":["https:\/\/rdtestsystems.com\/da\/cookiepolitik\/"]}]},{"@type":"BreadcrumbList","@id":"https:\/\/rdtestsystems.com\/da\/cookiepolitik\/#breadcrumb","itemListElement":[{"@type":"ListItem","position":1,"name":"Home","item":"https:\/\/rdtestsystems.com\/da\/"},{"@type":"ListItem","position":2,"name":"Cookiepolitik"}]},{"@type":"WebSite","@id":"https:\/\/rdtestsystems.com\/#website","url":"https:\/\/rdtestsystems.com\/","name":"R&amp;D Test Systems","description":"Creating Value Through World-Class Engineering","potentialAction":[{"@type":"SearchAction","target":{"@type":"EntryPoint","urlTemplate":"https:\/\/rdtestsystems.com\/?s={search_term_string}"},"query-input":{"@type":"PropertyValueSpecification","valueRequired":true,"valueName":"search_term_string"}}],"inLanguage":"da-DK"}]}},"app_templates_about_top_banner_image":"","app_templates_about_top_banner_video":"","app_templates_about_top_banner_subtitle":"","app_templates_about_top_banner_title":"","app_templates_about_modules_sections":[],"app_templates_about_clients_bg_color":"transparent","app_templates_about_clients_title":"","app_templates_about_clients_logos":[],"app_templates_about_clients_button":{"value":"","url":"","anchor":"","blank":0},"app_templates_contact_top_banner_image":"","app_templates_contact_top_banner_video":"","app_templates_contact_top_banner_subtitle":"","app_templates_contact_top_banner_title":"","app_templates_contact_legal_company_name":"","app_templates_contact_legal_street":"","app_templates_contact_legal_zip":"","app_templates_contact_legal_city":"","app_templates_contact_offices_title":"","app_templates_contact_offices_description":"","app_templates_contact_form_subjects":[],"app_templates_contact_modules_sections":[],"app_templates_homepage_top_slider_slides":[],"app_templates_homepage_modules_sections":[],"app_templates_modules_top_banner_image":"2814","app_templates_modules_top_banner_video":"","app_templates_modules_top_banner_subtitle":"","app_templates_modules_top_banner_title":"R&D's privatpolitik","app_templates_modules_modules_sections":[{"_type":"text_columns","nav_title":"","bg_color":"transparent","title":"","text":"Vi behandler data omkring din brug af vores hjemmeside. Data kan omfatte din IP-adresse, geografisk placering, s\u00f8getype og version, operativsystem, henvisningskilde, bes\u00f8gsl\u00e6ngde, sidevisninger og netstedets navigationsstier samt information om tid, hyppighed og m\u00f8nster for din brug af tjenester. Kilden til brugsdata er Google Analytics og Evolution 360. Disse data kan behandles med henblik p\u00e5 analyse af anvendelsen af hjemmesiden.\r\n\r\nVi kan behandle dine kontodata. Kontooplysningerne kan omfatte din e-mail-adresse. Kontooplysningerne kan behandles med henblik p\u00e5 at levere vores tjenester og kommunikere med dig.\r\n\r\n<strong>Opbevaring og sletning af personoplysninger<\/strong>\r\n\r\nI dette afsnit beskrives vores politikker og procedurer for opbevaring af data, som skal bidrage til at sikre, at vi overholder vores retlige forpligtelser med hensyn til opbevaring og sletning af personoplysninger.\r\n\r\nPersonoplysninger, som vi behandler til et eller flere form\u00e5l, m\u00e5 ikke opbevares l\u00e6ngere end n\u00f8dvendigt til dette eller disse form\u00e5l.\r\n\r\n<strong>\u00c6ndringer <\/strong>\r\n\r\nVi kan opdatere denne politik fra tid til anden ved at offentligg\u00f8re en ny version p\u00e5 vores hjemmeside. Du b\u00f8r af og til tjekke denne side for at sikre, at du er tilfreds med eventuelle \u00e6ndringer af denne politik.\r\n\r\n<strong>Dine rettigheder<\/strong>\r\n\r\nDu har ret til at vide, hvilke personoplysninger vi behandler om dig. Du kan ogs\u00e5 til enhver tid g\u00f8re indsigelse mod brugen af oplysninger. Du kan ogs\u00e5 tilbagekalde dit samtykke til at behandle oplysninger om dig. Kontakt venligst mail@rdas.dk hvis informationen om dig er forkerte.\r\n\r\n<strong>Udgiver<\/strong>\r\n\r\nHjemmesiden er ejet og drevet af\r\nR&amp;D A\/S\r\nSigma 3\r\n8382 Hinnerup\r\nTelefon: 81 10 32 00\r\nMail: mail@rdas.dk"}],"app_templates_modules_custom_backlink_link":{"value":"","url":"","anchor":"","blank":"0"},"app_templates_privacy_policy_top_banner_image":"5461","app_templates_privacy_policy_top_banner_video":"","app_templates_privacy_policy_top_banner_subtitle":"","app_templates_privacy_policy_top_banner_title":"Cookiepolitik","_links":{"self":[{"href":"https:\/\/rdtestsystems.com\/da\/wp-json\/wp\/v2\/pages\/3101","targetHints":{"allow":["GET"]}}],"collection":[{"href":"https:\/\/rdtestsystems.com\/da\/wp-json\/wp\/v2\/pages"}],"about":[{"href":"https:\/\/rdtestsystems.com\/da\/wp-json\/wp\/v2\/types\/page"}],"author":[{"embeddable":true,"href":"https:\/\/rdtestsystems.com\/da\/wp-json\/wp\/v2\/users\/14"}],"replies":[{"embeddable":true,"href":"https:\/\/rdtestsystems.com\/da\/wp-json\/wp\/v2\/comments?post=3101"}],"version-history":[{"count":5,"href":"https:\/\/rdtestsystems.com\/da\/wp-json\/wp\/v2\/pages\/3101\/revisions"}],"predecessor-version":[{"id":9200,"href":"https:\/\/rdtestsystems.com\/da\/wp-json\/wp\/v2\/pages\/3101\/revisions\/9200"}],"wp:attachment":[{"href":"https:\/\/rdtestsystems.com\/da\/wp-json\/wp\/v2\/media?parent=3101"}],"curies":[{"name":"wp","href":"https:\/\/api.w.org\/{rel}","templated":true}]}}