{"id":17056,"date":"2024-07-11T10:13:41","date_gmt":"2024-07-11T08:13:41","guid":{"rendered":"https:\/\/rdtestsystems.com\/floating-wind\/"},"modified":"2024-10-11T14:31:00","modified_gmt":"2024-10-11T12:31:00","slug":"flydende-vind","status":"publish","type":"page","link":"https:\/\/rdtestsystems.com\/da\/flydende-vind\/","title":{"rendered":"Floating Wind"},"content":{"rendered":"","protected":false},"excerpt":{"rendered":"","protected":false},"author":23,"featured_media":14131,"parent":0,"menu_order":7,"comment_status":"closed","ping_status":"closed","template":"views\/template-modules.blade.php","meta":{"footnotes":""},"class_list":["post-17056","page","type-page","status-publish","has-post-thumbnail","hentry"],"yoast_head":"<!-- This site is optimized with the Yoast SEO plugin v25.7 - https:\/\/yoast.com\/wordpress\/plugins\/seo\/ -->\n<title>Floating Wind | R&amp;D Test Systems Test Systems<\/title>\n<meta name=\"description\" content=\"Udnyt potentialet i floating wind med R&amp;D Test Systems. Kontakt os for at h\u00f8re om mulighederne i et feasibility study og forst\u00e5 jeres testbehov.\" \/>\n<meta name=\"robots\" content=\"index, follow, max-snippet:-1, max-image-preview:large, max-video-preview:-1\" \/>\n<link rel=\"canonical\" href=\"https:\/\/rdtestsystems.com\/da\/flydende-vind\/\" \/>\n<meta property=\"og:locale\" content=\"da_DK\" \/>\n<meta property=\"og:type\" content=\"article\" \/>\n<meta property=\"og:title\" content=\"Floating Wind | R&amp;D Test Systems Test Systems\" \/>\n<meta property=\"og:description\" content=\"Udnyt potentialet i floating wind med R&amp;D Test Systems. Kontakt os for at h\u00f8re om mulighederne i et feasibility study og forst\u00e5 jeres testbehov.\" \/>\n<meta property=\"og:url\" content=\"https:\/\/rdtestsystems.com\/da\/flydende-vind\/\" \/>\n<meta property=\"og:site_name\" content=\"R&amp;D Test Systems\" \/>\n<meta property=\"article:modified_time\" content=\"2024-10-11T12:31:00+00:00\" \/>\n<meta property=\"og:image\" content=\"https:\/\/rdtestsystems.com\/app\/uploads\/2022\/11\/AdobeStock_366262717-Converted.jpg\" \/>\n\t<meta property=\"og:image:width\" content=\"2292\" \/>\n\t<meta property=\"og:image:height\" content=\"834\" \/>\n\t<meta property=\"og:image:type\" content=\"image\/jpeg\" \/>\n<meta name=\"twitter:card\" content=\"summary_large_image\" \/>\n<meta name=\"twitter:label1\" content=\"Est. reading time\" \/>\n\t<meta name=\"twitter:data1\" content=\"3 minutes\" \/>\n<script type=\"application\/ld+json\" class=\"yoast-schema-graph\">{\"@context\":\"https:\/\/schema.org\",\"@graph\":[{\"@type\":\"WebPage\",\"@id\":\"https:\/\/rdtestsystems.com\/da\/flydende-vind\/\",\"url\":\"https:\/\/rdtestsystems.com\/da\/flydende-vind\/\",\"name\":\"Floating Wind | R&amp;D Test Systems Test Systems\",\"isPartOf\":{\"@id\":\"https:\/\/rdtestsystems.com\/#website\"},\"primaryImageOfPage\":{\"@id\":\"https:\/\/rdtestsystems.com\/da\/flydende-vind\/#primaryimage\"},\"image\":{\"@id\":\"https:\/\/rdtestsystems.com\/da\/flydende-vind\/#primaryimage\"},\"thumbnailUrl\":\"https:\/\/rdtestsystems.com\/app\/uploads\/2022\/11\/AdobeStock_366262717-Converted.jpg\",\"datePublished\":\"2024-07-11T08:13:41+00:00\",\"dateModified\":\"2024-10-11T12:31:00+00:00\",\"description\":\"Udnyt potentialet i floating wind med R&D Test Systems. Kontakt os for at h\u00f8re om mulighederne i et feasibility study og forst\u00e5 jeres testbehov.\",\"breadcrumb\":{\"@id\":\"https:\/\/rdtestsystems.com\/da\/flydende-vind\/#breadcrumb\"},\"inLanguage\":\"da-DK\",\"potentialAction\":[{\"@type\":\"ReadAction\",\"target\":[\"https:\/\/rdtestsystems.com\/da\/flydende-vind\/\"]}]},{\"@type\":\"ImageObject\",\"inLanguage\":\"da-DK\",\"@id\":\"https:\/\/rdtestsystems.com\/da\/flydende-vind\/#primaryimage\",\"url\":\"https:\/\/rdtestsystems.com\/app\/uploads\/2022\/11\/AdobeStock_366262717-Converted.jpg\",\"contentUrl\":\"https:\/\/rdtestsystems.com\/app\/uploads\/2022\/11\/AdobeStock_366262717-Converted.jpg\",\"width\":2292,\"height\":834,\"caption\":\"Digital\"},{\"@type\":\"BreadcrumbList\",\"@id\":\"https:\/\/rdtestsystems.com\/da\/flydende-vind\/#breadcrumb\",\"itemListElement\":[{\"@type\":\"ListItem\",\"position\":1,\"name\":\"Home\",\"item\":\"https:\/\/rdtestsystems.com\/da\/\"},{\"@type\":\"ListItem\",\"position\":2,\"name\":\"Floating Wind\"}]},{\"@type\":\"WebSite\",\"@id\":\"https:\/\/rdtestsystems.com\/#website\",\"url\":\"https:\/\/rdtestsystems.com\/\",\"name\":\"R&amp;D Test Systems\",\"description\":\"Creating Value Through World-Class Engineering\",\"potentialAction\":[{\"@type\":\"SearchAction\",\"target\":{\"@type\":\"EntryPoint\",\"urlTemplate\":\"https:\/\/rdtestsystems.com\/?s={search_term_string}\"},\"query-input\":{\"@type\":\"PropertyValueSpecification\",\"valueRequired\":true,\"valueName\":\"search_term_string\"}}],\"inLanguage\":\"da-DK\"}]}<\/script>\n<!-- \/ Yoast SEO plugin. -->","yoast_head_json":{"title":"Floating Wind | R&amp;D Test Systems Test Systems","description":"Udnyt potentialet i floating wind med R&D Test Systems. Kontakt os for at h\u00f8re om mulighederne i et feasibility study og forst\u00e5 jeres testbehov.","robots":{"index":"index","follow":"follow","max-snippet":"max-snippet:-1","max-image-preview":"max-image-preview:large","max-video-preview":"max-video-preview:-1"},"canonical":"https:\/\/rdtestsystems.com\/da\/flydende-vind\/","og_locale":"da_DK","og_type":"article","og_title":"Floating Wind | R&amp;D Test Systems Test Systems","og_description":"Udnyt potentialet i floating wind med R&D Test Systems. Kontakt os for at h\u00f8re om mulighederne i et feasibility study og forst\u00e5 jeres testbehov.","og_url":"https:\/\/rdtestsystems.com\/da\/flydende-vind\/","og_site_name":"R&amp;D Test Systems","article_modified_time":"2024-10-11T12:31:00+00:00","og_image":[{"width":2292,"height":834,"url":"https:\/\/rdtestsystems.com\/app\/uploads\/2022\/11\/AdobeStock_366262717-Converted.jpg","type":"image\/jpeg"}],"twitter_card":"summary_large_image","twitter_misc":{"Est. reading time":"3 minutes"},"schema":{"@context":"https:\/\/schema.org","@graph":[{"@type":"WebPage","@id":"https:\/\/rdtestsystems.com\/da\/flydende-vind\/","url":"https:\/\/rdtestsystems.com\/da\/flydende-vind\/","name":"Floating Wind | R&amp;D Test Systems Test Systems","isPartOf":{"@id":"https:\/\/rdtestsystems.com\/#website"},"primaryImageOfPage":{"@id":"https:\/\/rdtestsystems.com\/da\/flydende-vind\/#primaryimage"},"image":{"@id":"https:\/\/rdtestsystems.com\/da\/flydende-vind\/#primaryimage"},"thumbnailUrl":"https:\/\/rdtestsystems.com\/app\/uploads\/2022\/11\/AdobeStock_366262717-Converted.jpg","datePublished":"2024-07-11T08:13:41+00:00","dateModified":"2024-10-11T12:31:00+00:00","description":"Udnyt potentialet i floating wind med R&D Test Systems. Kontakt os for at h\u00f8re om mulighederne i et feasibility study og forst\u00e5 jeres testbehov.","breadcrumb":{"@id":"https:\/\/rdtestsystems.com\/da\/flydende-vind\/#breadcrumb"},"inLanguage":"da-DK","potentialAction":[{"@type":"ReadAction","target":["https:\/\/rdtestsystems.com\/da\/flydende-vind\/"]}]},{"@type":"ImageObject","inLanguage":"da-DK","@id":"https:\/\/rdtestsystems.com\/da\/flydende-vind\/#primaryimage","url":"https:\/\/rdtestsystems.com\/app\/uploads\/2022\/11\/AdobeStock_366262717-Converted.jpg","contentUrl":"https:\/\/rdtestsystems.com\/app\/uploads\/2022\/11\/AdobeStock_366262717-Converted.jpg","width":2292,"height":834,"caption":"Digital"},{"@type":"BreadcrumbList","@id":"https:\/\/rdtestsystems.com\/da\/flydende-vind\/#breadcrumb","itemListElement":[{"@type":"ListItem","position":1,"name":"Home","item":"https:\/\/rdtestsystems.com\/da\/"},{"@type":"ListItem","position":2,"name":"Floating Wind"}]},{"@type":"WebSite","@id":"https:\/\/rdtestsystems.com\/#website","url":"https:\/\/rdtestsystems.com\/","name":"R&amp;D Test Systems","description":"Creating Value Through World-Class Engineering","potentialAction":[{"@type":"SearchAction","target":{"@type":"EntryPoint","urlTemplate":"https:\/\/rdtestsystems.com\/?s={search_term_string}"},"query-input":{"@type":"PropertyValueSpecification","valueRequired":true,"valueName":"search_term_string"}}],"inLanguage":"da-DK"}]}},"app_templates_about_top_banner_image":"","app_templates_about_top_banner_video":"","app_templates_about_top_banner_subtitle":"","app_templates_about_top_banner_title":"","app_templates_about_modules_sections":[],"app_templates_about_clients_bg_color":"transparent","app_templates_about_clients_title":"","app_templates_about_clients_logos":[],"app_templates_about_clients_button":{"value":"","url":"","anchor":"","blank":0},"app_templates_contact_top_banner_image":"","app_templates_contact_top_banner_video":"","app_templates_contact_top_banner_subtitle":"","app_templates_contact_top_banner_title":"","app_templates_contact_legal_company_name":"","app_templates_contact_legal_street":"","app_templates_contact_legal_zip":"","app_templates_contact_legal_city":"","app_templates_contact_offices_title":"","app_templates_contact_offices_description":"","app_templates_contact_form_subjects":[],"app_templates_contact_modules_sections":[],"app_templates_homepage_top_slider_slides":[],"app_templates_homepage_modules_sections":[],"app_templates_modules_top_banner_image":"16916","app_templates_modules_top_banner_video":"","app_templates_modules_top_banner_subtitle":"Floating Wind","app_templates_modules_top_banner_title":"Test af flydende vindm\u00f8ller","app_templates_modules_modules_sections":[{"_type":"text_image","nav_title":"About","bg_color":"transparent","title":"Floating Wind","preface":"","image":"16945","video":"","autoplay":false,"position":"right","content":"Havvindm\u00f8lleparker udnytter vindressourcer, der er st\u00e6rkere og mere konsistente end dem p\u00e5 land. Offshore-vindenergi er dog begr\u00e6nset af vanddybden. Det er her, flydende vindteknologi g\u00f8r det muligt at placere vindm\u00f8ller p\u00e5 dybt vand, hvor traditionelle fundamenter med fast bund ikke er mulige. Dette udvider de omr\u00e5der, hvor vindkraft kan udnyttes, og drager fordel af st\u00e6rkere vindforhold til havs.\r\n\r\nNye forhold betyder ogs\u00e5 nye testkrav\u2014\u00f8get acceleration, belastning, bev\u00e6gelser og uforudsete udfordringer for komponenter, delsystemer og serviceopgaver Vi kender udfordringerne, forst\u00e5r teknologien og har erfaring med fejltilstande og testning.","button":{"value":"","url":"","anchor":"","blank":"0"},"button_color":"btn-primary","services":[]},{"_type":"content","nav_title":"","bg_color":"transparent","title":"Testl\u00f8sninger","body":"L\u00f8sningen kr\u00e6ver nye testtopologier og metoder. Is\u00e6r nacellen og dens underkomponenter p\u00e5 de nye flydende platforme vil opleve v\u00e6sentlige \u00e6ndringer i belastningsprofilerne gennem deres levetid. Disse nye belastningsprofiler kan ikke verificeres gennem tidligere testmetoder, men kan afhj\u00e6lpes med nyligt udviklede testl\u00f8sninger. Hos R&amp;D Test Systems kender vi b\u00e5de udfordringen og l\u00f8sningen. Vi er her for at vejlede, r\u00e5dgive, udvikle og implementere nye testl\u00f8sninger specifikt til flydende vindm\u00f8ller og deres underkomponenter.","text_align":"center"},{"_type":"expanding_info","nav_title":"Competences","bg_color":"light","title":"Oplev testmulighederne","description":"","image":"16927","items":[{"_type":"_","title":"Ekstrem belastningsverifikation","description":"Flydende vindm\u00f8ller skal testes for ekstreme bev\u00e6gelser og accelerationer af nacellen. Vindm\u00f8llens flydende platform vil skabe helt nye belastningsscenarier, som aldrig f\u00f8r er blevet testet p\u00e5 en prototype-testb\u00e6nk i fuld skala.","video":"","button":{"value":"","url":"","anchor":"","blank":"0"},"button_color":"btn-primary","services":[]},{"_type":"_","title":"Planl\u00e6gning af service","description":"Planl\u00e6gningen af service for vindm\u00f8ller, der er installeret p\u00e5 flydende platforme, p\u00e5virkes i h\u00f8j grad af nye accelerationer og bev\u00e6gelser i form af rul, forskydning, kr\u00e6ngning, slingring, h\u00e6vning og drejning. Alle disse accelerationer p\u00e5virker, hvordan vindm\u00f8llen skal serviceres og indflydelsen af accelerationerne skal verificeres for at kunne planl\u00e6gge serviceinspektioner.","video":"","button":{"value":"","url":"","anchor":"","blank":"0"},"button_color":"btn-primary","services":[]},{"_type":"_","title":"Verifikation af v\u00e6skesystemers funktionalitet","description":"P\u00e5 grund af den flydende platforms lavfrekvente svingende bev\u00e6gelser kan is\u00e6r systemerne i nacellen fungere anderledes end forventet. For eksempel vil v\u00e6skesystemet v\u00e6re mere udsat for skvulp, hvilket kan f\u00f8re til fejl eller nedsat ydeevne i fx pitch-hydraulik, leje- og gearsm\u00f8resystemer. I sidste ende kan dette kompromittere endnu mere kritiske systemer som gearkassen.","video":"","button":{"value":"","url":"","anchor":"","blank":"0"},"button_color":"btn-primary","services":[]},{"_type":"_","title":"Frequency sweep","description":"P\u00e5 grund af det langt st\u00f8rre spektrum af p\u00e5f\u00f8rte belastninger ved forskellige frekvenser p\u00e5 flydende platforme er det vigtigt at forst\u00e5 komponenternes adf\u00e6rd og egenfrekvenser i nacellen. Frequency sweep er afg\u00f8rende for at forst\u00e5 potentielle resonanser i nacellens systemer og underkomponenter.","video":"","button":{"value":"","url":"","anchor":"","blank":"0"},"button_color":"btn-primary","services":[]},{"_type":"_","title":"Service- og vedligeholdelsesmuligheder ","description":"Service p\u00e5 over 100 meters h\u00f8jde p\u00e5 en flydende struktur p\u00e5virket af b\u00f8lger er en helt anden situation end for ikke-flydende m\u00f8ller. En tidligere mulig operation kan blive farlig for teknikere eller medf\u00f8re alvorlige restriktioner p\u00e5 mulige tidspunkter for service. Dette kr\u00e6ver nye metoder til udvikling og verifikation af serviceoperationer. Dette s\u00f8rger for sikre procedurer og kan potentielt \u00f8ge servicevinduets st\u00f8rrelse, hvilket dermed reducerer de samlede serviceomkostninger.","video":"","button":{"value":"","url":"","anchor":"","blank":"0"},"button_color":"btn-primary","services":[]}]},{"_type":"content","nav_title":"Feasibility Study","bg_color":"transparent","title":"Oplev mulighederne med feasibility study","body":"Oplev, hvordan R&amp;D Test Systems kan h\u00e6ve potentialet i dine flydende vindprojekter. Kontakt vores eksperter for at h\u00f8re mere om mulighederne for at samarbejde om et fremtidigt projekt, eller start med et <a href=\"https:\/\/rdtestsystems.com\/app\/uploads\/2024\/07\/Feasibility-Study-2024_Brochure_v1.pdf\">feasibility study<\/a> for bedre at forst\u00e5 dine testbehov og den bedste testl\u00f8sning til dette.","text_align":"center"},{"_type":"related_insights","nav_title":"News & Insights","bg_color":"light","title":"Nyheder og indsigter","description":"F\u00e5 de seneste nyheder fra R&D Test Systems og f\u00e5 et indblik i vores verden og de l\u00f8sninger, vi har leveret til vores kunder.","post_types":"insights","insights":[{"value":"post:insights:16523","type":"post","subtype":"insights","id":"16523"},{"value":"post:insights:16196","type":"post","subtype":"insights","id":"16196"},{"value":"post:insights:13896","type":"post","subtype":"insights","id":"13896"},{"value":"post:insights:14038","type":"post","subtype":"insights","id":"14038"}],"insights_posttype":[],"cases":[]},{"_type":"contact","nav_title":"Contact","bg_color":"transparent","title":"Hvordan kan vi hj\u00e6lpe dig?","description":"","show_categories":false,"form_text":"Kontakt vores eksperter for at h\u00f8re mere om mulighederne for at samarbejde med os om et fremtidigt projekt.","subjects":[],"employees":[{"value":"post:employees:13776","type":"post","subtype":"employees","id":"13776"},{"value":"post:employees:274","type":"post","subtype":"employees","id":"274"},{"value":"post:employees:14528","type":"post","subtype":"employees","id":"14528"}],"hide_responsibilities":false}],"app_templates_modules_custom_backlink_link":{"value":"","url":"","anchor":"","blank":"0"},"app_templates_privacy_policy_top_banner_image":"","app_templates_privacy_policy_top_banner_video":"","app_templates_privacy_policy_top_banner_subtitle":"","app_templates_privacy_policy_top_banner_title":"","_links":{"self":[{"href":"https:\/\/rdtestsystems.com\/da\/wp-json\/wp\/v2\/pages\/17056","targetHints":{"allow":["GET"]}}],"collection":[{"href":"https:\/\/rdtestsystems.com\/da\/wp-json\/wp\/v2\/pages"}],"about":[{"href":"https:\/\/rdtestsystems.com\/da\/wp-json\/wp\/v2\/types\/page"}],"author":[{"embeddable":true,"href":"https:\/\/rdtestsystems.com\/da\/wp-json\/wp\/v2\/users\/23"}],"replies":[{"embeddable":true,"href":"https:\/\/rdtestsystems.com\/da\/wp-json\/wp\/v2\/comments?post=17056"}],"version-history":[{"count":3,"href":"https:\/\/rdtestsystems.com\/da\/wp-json\/wp\/v2\/pages\/17056\/revisions"}],"predecessor-version":[{"id":17063,"href":"https:\/\/rdtestsystems.com\/da\/wp-json\/wp\/v2\/pages\/17056\/revisions\/17063"}],"wp:featuredmedia":[{"embeddable":true,"href":"https:\/\/rdtestsystems.com\/da\/wp-json\/wp\/v2\/media\/14131"}],"wp:attachment":[{"href":"https:\/\/rdtestsystems.com\/da\/wp-json\/wp\/v2\/media?parent=17056"}],"curies":[{"name":"wp","href":"https:\/\/api.w.org\/{rel}","templated":true}]}}