{"id":16152,"date":"2023-09-28T14:24:04","date_gmt":"2023-09-28T12:24:04","guid":{"rendered":"https:\/\/www.rd-as.com\/digital-solutions-2\/"},"modified":"2025-09-22T13:09:38","modified_gmt":"2025-09-22T11:09:38","slug":"elektriske-testsystemer","status":"publish","type":"page","link":"https:\/\/rdtestsystems.com\/da\/elektriske-testsystemer\/","title":{"rendered":"Elektriske Testsystemer"},"content":{"rendered":"","protected":false},"excerpt":{"rendered":"","protected":false},"author":23,"featured_media":16150,"parent":0,"menu_order":3,"comment_status":"closed","ping_status":"closed","template":"views\/template-modules.blade.php","meta":{"footnotes":""},"class_list":["post-16152","page","type-page","status-publish","has-post-thumbnail","hentry"],"yoast_head":"<!-- This site is optimized with the Yoast SEO plugin v25.7 - https:\/\/yoast.com\/wordpress\/plugins\/seo\/ -->\n<title>Elektriske Testsystemer | R&amp;D Test Systems Test Systems<\/title>\n<meta name=\"description\" content=\"R&amp;D A\/S is certified according to several certifications and we have a clear quality policy that works across the organization.\" \/>\n<meta name=\"robots\" content=\"index, follow, max-snippet:-1, max-image-preview:large, max-video-preview:-1\" \/>\n<link rel=\"canonical\" href=\"https:\/\/rdtestsystems.com\/da\/elektriske-testsystemer\/\" \/>\n<meta property=\"og:locale\" content=\"da_DK\" \/>\n<meta property=\"og:type\" content=\"article\" \/>\n<meta property=\"og:title\" content=\"Elektriske Testsystemer | R&amp;D Test Systems Test Systems\" \/>\n<meta property=\"og:description\" content=\"R&amp;D A\/S is certified according to several certifications and we have a clear quality policy that works across the organization.\" \/>\n<meta property=\"og:url\" content=\"https:\/\/rdtestsystems.com\/da\/elektriske-testsystemer\/\" \/>\n<meta property=\"og:site_name\" content=\"R&amp;D Test Systems\" \/>\n<meta property=\"article:modified_time\" content=\"2025-09-22T11:09:38+00:00\" \/>\n<meta property=\"og:image\" content=\"https:\/\/rdtestsystems.com\/app\/uploads\/2023\/09\/20210708_095950.jpg\" \/>\n\t<meta property=\"og:image:width\" content=\"2560\" \/>\n\t<meta property=\"og:image:height\" content=\"1440\" \/>\n\t<meta property=\"og:image:type\" content=\"image\/jpeg\" \/>\n<meta name=\"twitter:card\" content=\"summary_large_image\" \/>\n<meta name=\"twitter:label1\" content=\"Est. reading time\" \/>\n\t<meta name=\"twitter:data1\" content=\"1 minute\" \/>\n<script type=\"application\/ld+json\" class=\"yoast-schema-graph\">{\"@context\":\"https:\/\/schema.org\",\"@graph\":[{\"@type\":\"WebPage\",\"@id\":\"https:\/\/rdtestsystems.com\/da\/elektriske-testsystemer\/\",\"url\":\"https:\/\/rdtestsystems.com\/da\/elektriske-testsystemer\/\",\"name\":\"Elektriske Testsystemer | R&amp;D Test Systems Test Systems\",\"isPartOf\":{\"@id\":\"https:\/\/rdtestsystems.com\/#website\"},\"primaryImageOfPage\":{\"@id\":\"https:\/\/rdtestsystems.com\/da\/elektriske-testsystemer\/#primaryimage\"},\"image\":{\"@id\":\"https:\/\/rdtestsystems.com\/da\/elektriske-testsystemer\/#primaryimage\"},\"thumbnailUrl\":\"https:\/\/rdtestsystems.com\/app\/uploads\/2023\/09\/20210708_095950.jpg\",\"datePublished\":\"2023-09-28T12:24:04+00:00\",\"dateModified\":\"2025-09-22T11:09:38+00:00\",\"description\":\"R&D A\/S is certified according to several certifications and we have a clear quality policy that works across the organization.\",\"breadcrumb\":{\"@id\":\"https:\/\/rdtestsystems.com\/da\/elektriske-testsystemer\/#breadcrumb\"},\"inLanguage\":\"da-DK\",\"potentialAction\":[{\"@type\":\"ReadAction\",\"target\":[\"https:\/\/rdtestsystems.com\/da\/elektriske-testsystemer\/\"]}]},{\"@type\":\"ImageObject\",\"inLanguage\":\"da-DK\",\"@id\":\"https:\/\/rdtestsystems.com\/da\/elektriske-testsystemer\/#primaryimage\",\"url\":\"https:\/\/rdtestsystems.com\/app\/uploads\/2023\/09\/20210708_095950.jpg\",\"contentUrl\":\"https:\/\/rdtestsystems.com\/app\/uploads\/2023\/09\/20210708_095950.jpg\",\"width\":2560,\"height\":1440},{\"@type\":\"BreadcrumbList\",\"@id\":\"https:\/\/rdtestsystems.com\/da\/elektriske-testsystemer\/#breadcrumb\",\"itemListElement\":[{\"@type\":\"ListItem\",\"position\":1,\"name\":\"Home\",\"item\":\"https:\/\/rdtestsystems.com\/da\/\"},{\"@type\":\"ListItem\",\"position\":2,\"name\":\"Elektriske Testsystemer\"}]},{\"@type\":\"WebSite\",\"@id\":\"https:\/\/rdtestsystems.com\/#website\",\"url\":\"https:\/\/rdtestsystems.com\/\",\"name\":\"R&amp;D Test Systems\",\"description\":\"Creating Value Through World-Class Engineering\",\"potentialAction\":[{\"@type\":\"SearchAction\",\"target\":{\"@type\":\"EntryPoint\",\"urlTemplate\":\"https:\/\/rdtestsystems.com\/?s={search_term_string}\"},\"query-input\":{\"@type\":\"PropertyValueSpecification\",\"valueRequired\":true,\"valueName\":\"search_term_string\"}}],\"inLanguage\":\"da-DK\"}]}<\/script>\n<!-- \/ Yoast SEO plugin. -->","yoast_head_json":{"title":"Elektriske Testsystemer | R&amp;D Test Systems Test Systems","description":"R&D A\/S is certified according to several certifications and we have a clear quality policy that works across the organization.","robots":{"index":"index","follow":"follow","max-snippet":"max-snippet:-1","max-image-preview":"max-image-preview:large","max-video-preview":"max-video-preview:-1"},"canonical":"https:\/\/rdtestsystems.com\/da\/elektriske-testsystemer\/","og_locale":"da_DK","og_type":"article","og_title":"Elektriske Testsystemer | R&amp;D Test Systems Test Systems","og_description":"R&D A\/S is certified according to several certifications and we have a clear quality policy that works across the organization.","og_url":"https:\/\/rdtestsystems.com\/da\/elektriske-testsystemer\/","og_site_name":"R&amp;D Test Systems","article_modified_time":"2025-09-22T11:09:38+00:00","og_image":[{"width":2560,"height":1440,"url":"https:\/\/rdtestsystems.com\/app\/uploads\/2023\/09\/20210708_095950.jpg","type":"image\/jpeg"}],"twitter_card":"summary_large_image","twitter_misc":{"Est. reading time":"1 minute"},"schema":{"@context":"https:\/\/schema.org","@graph":[{"@type":"WebPage","@id":"https:\/\/rdtestsystems.com\/da\/elektriske-testsystemer\/","url":"https:\/\/rdtestsystems.com\/da\/elektriske-testsystemer\/","name":"Elektriske Testsystemer | R&amp;D Test Systems Test Systems","isPartOf":{"@id":"https:\/\/rdtestsystems.com\/#website"},"primaryImageOfPage":{"@id":"https:\/\/rdtestsystems.com\/da\/elektriske-testsystemer\/#primaryimage"},"image":{"@id":"https:\/\/rdtestsystems.com\/da\/elektriske-testsystemer\/#primaryimage"},"thumbnailUrl":"https:\/\/rdtestsystems.com\/app\/uploads\/2023\/09\/20210708_095950.jpg","datePublished":"2023-09-28T12:24:04+00:00","dateModified":"2025-09-22T11:09:38+00:00","description":"R&D A\/S is certified according to several certifications and we have a clear quality policy that works across the organization.","breadcrumb":{"@id":"https:\/\/rdtestsystems.com\/da\/elektriske-testsystemer\/#breadcrumb"},"inLanguage":"da-DK","potentialAction":[{"@type":"ReadAction","target":["https:\/\/rdtestsystems.com\/da\/elektriske-testsystemer\/"]}]},{"@type":"ImageObject","inLanguage":"da-DK","@id":"https:\/\/rdtestsystems.com\/da\/elektriske-testsystemer\/#primaryimage","url":"https:\/\/rdtestsystems.com\/app\/uploads\/2023\/09\/20210708_095950.jpg","contentUrl":"https:\/\/rdtestsystems.com\/app\/uploads\/2023\/09\/20210708_095950.jpg","width":2560,"height":1440},{"@type":"BreadcrumbList","@id":"https:\/\/rdtestsystems.com\/da\/elektriske-testsystemer\/#breadcrumb","itemListElement":[{"@type":"ListItem","position":1,"name":"Home","item":"https:\/\/rdtestsystems.com\/da\/"},{"@type":"ListItem","position":2,"name":"Elektriske Testsystemer"}]},{"@type":"WebSite","@id":"https:\/\/rdtestsystems.com\/#website","url":"https:\/\/rdtestsystems.com\/","name":"R&amp;D Test Systems","description":"Creating Value Through World-Class Engineering","potentialAction":[{"@type":"SearchAction","target":{"@type":"EntryPoint","urlTemplate":"https:\/\/rdtestsystems.com\/?s={search_term_string}"},"query-input":{"@type":"PropertyValueSpecification","valueRequired":true,"valueName":"search_term_string"}}],"inLanguage":"da-DK"}]}},"app_templates_about_top_banner_image":"","app_templates_about_top_banner_video":"","app_templates_about_top_banner_subtitle":"","app_templates_about_top_banner_title":"","app_templates_about_modules_sections":[],"app_templates_about_clients_bg_color":"transparent","app_templates_about_clients_title":"","app_templates_about_clients_logos":[],"app_templates_about_clients_button":{"value":"","url":"","anchor":"","blank":0},"app_templates_contact_top_banner_image":"","app_templates_contact_top_banner_video":"","app_templates_contact_top_banner_subtitle":"","app_templates_contact_top_banner_title":"","app_templates_contact_legal_company_name":"","app_templates_contact_legal_street":"","app_templates_contact_legal_zip":"","app_templates_contact_legal_city":"","app_templates_contact_offices_title":"","app_templates_contact_offices_description":"","app_templates_contact_form_subjects":[],"app_templates_contact_modules_sections":[],"app_templates_homepage_top_slider_slides":[],"app_templates_homepage_modules_sections":[],"app_templates_modules_top_banner_image":"16723","app_templates_modules_top_banner_video":"","app_templates_modules_top_banner_subtitle":"","app_templates_modules_top_banner_title":"Elektriske Testsystemer","app_templates_modules_modules_sections":[{"_type":"text_image","nav_title":"Om os","bg_color":"transparent","title":"Tag kontrol over dine elektriske tests","preface":"","image":"16740","video":"","autoplay":false,"position":"left","content":"R&amp;D Test Systems er ekspert i at levere skr\u00e6ddersyede testl\u00f8sninger til dine testbehov. Dette d\u00e6kker ogs\u00e5 en bred vifte af elektriske testl\u00f8sninger, der sp\u00e6nder fra lav- til mellemsp\u00e6nding, og komplette grid compliance test.\r\n\r\nVindm\u00f8lleindustrien bev\u00e6ger sig fra felttest til kontrollerede grid compliance tests og certificering. Denne overgang sker hovedsageligt for at undg\u00e5 de uforudsigelige vind- og testforhold, der kan forekomme i marken. Desuden reducerer laboratorietestning testtider og time-to-market for nye produkter og giver fordelen ved reproducerbare testbetingelser.\r\n\r\nVed at emulere grid-forhold, der f\u00f8lger alle globale grid-koder, kan vi tage et kvantespring indenfor test af grid compliance i et kontrolleret milj\u00f8. For yderligere at \u00f8ge fordelene ved disse tests tilbyder vi at kombinere grid-emuleringsteknologi med mekanisk hardware in loop (mHiL) systemer, som simulerer de dele af turbinen, der ikke er testet fysisk. Med denne kombination af grid-emulering og mHiL er det muligt at v\u00e6re fuldt ud kompatibel med IEC 61400-21-4.\r\n\r\nUdover de \u00e5benlyse kommercielle fordele ved at reducere tidsforbruget p\u00e5 feltfors\u00f8g, \u00f8ger et laboratoriemilj\u00f8 ogs\u00e5 muligheden for at forbedre produktet. Ved at \u00f8ge antallet af tests og gentage testene f\u00e5r producenterne meget mere viden om deres produkt.","button":{"value":"","url":"","anchor":"","blank":"0"},"button_color":"btn-primary","services":[]},{"_type":"text_image","nav_title":"Vores tilbud","bg_color":"light","title":"Vores tilbud","preface":"","image":"16141","video":"","autoplay":false,"position":"right","content":"<strong>Grid-emulatorsystemer<\/strong> <strong>er<\/strong> integreret i en ny eller eksisterende konverter, generator, nacelle eller HALT testb\u00e6nk.\r\n\r\n<strong>Design\/r\u00e5dgivning <\/strong>til dimensionering af elektriske komponenter, fx filtre, transformere, roterende maskiner, inverter system og koblingsudstyr.\r\n\r\n<strong>Softwarel\u00f8sninger<\/strong> til alle former for elektriske tests. Vi har bred knowhow og viden inden for fremstilling af automationssystemer til elektriske testsystemer.\r\n\r\n<strong>mHiL-systemer<\/strong> kombinerer en test af fysisk hardware med simuleringer af den resterende del af vindm\u00f8llen.\r\n\r\n<strong>Tilpassede elektriske testsystemer<\/strong>: Uanset dit behov for elektriske testl\u00f8sninger, tilbyder vi skr\u00e6ddersyede l\u00f8sninger, der passer til dine behov.","button":{"value":"","url":"","anchor":"","blank":"0"},"button_color":"btn-primary","services":[]},{"_type":"content","nav_title":"Forskning og udvikling","bg_color":"transparent","title":"Forskning og udvikling","body":"R&amp;D Test Systems samarbejder med forskellige kendte universiteter, s\u00e5som Aalborg Universitet, DTU og RWTH Aachen, Tyskland. Samarbejdet fokuserer p\u00e5 at forbedre test-ops\u00e6tninger samt udvikling af realistiske testscenarier (f.eks. HALT-tests). Vores seneste, offentligt finansierede samarbejde med AAU er MERGE-projektet, som fokuserer p\u00e5 et <a href=\"https:\/\/rdtestsystems.com\/da\/insights\/rd-praesenterer-vores-eudp-finansieret-merge-projekt\/\">multi-level grid emulator system.<\/a>","text_align":"center"},{"_type":"related_insights","nav_title":"Nyheder ","bg_color":"light","title":"Nyheder","description":"L\u00e6s de seneste nyheder fra R&D Test Systems, hvor du kan f\u00e5 et glimt af vores verden og de l\u00f8sninger, som vi har leveret til vores kunder.","post_types":"insights","insights":[{"value":"post:insights:15096","type":"post","subtype":"insights","id":"15096"},{"value":"post:insights:14412","type":"post","subtype":"insights","id":"14412"},{"value":"post:insights:13926","type":"post","subtype":"insights","id":"13926"},{"value":"post:insights:14073","type":"post","subtype":"insights","id":"14073"}],"insights_posttype":[],"cases":[]},{"_type":"contact","nav_title":"Kontakt ","bg_color":"transparent","title":"Hvordan kan vi hj\u00e6lpe dig?","description":"","show_categories":false,"form_text":"","subjects":[],"employees":[{"value":"post:employees:13783","type":"post","subtype":"employees","id":"13783"}],"hide_responsibilities":false}],"app_templates_modules_custom_backlink_link":{"value":"","url":"","anchor":"","blank":"0"},"app_templates_privacy_policy_top_banner_image":"","app_templates_privacy_policy_top_banner_video":"","app_templates_privacy_policy_top_banner_subtitle":"","app_templates_privacy_policy_top_banner_title":"","_links":{"self":[{"href":"https:\/\/rdtestsystems.com\/da\/wp-json\/wp\/v2\/pages\/16152","targetHints":{"allow":["GET"]}}],"collection":[{"href":"https:\/\/rdtestsystems.com\/da\/wp-json\/wp\/v2\/pages"}],"about":[{"href":"https:\/\/rdtestsystems.com\/da\/wp-json\/wp\/v2\/types\/page"}],"author":[{"embeddable":true,"href":"https:\/\/rdtestsystems.com\/da\/wp-json\/wp\/v2\/users\/23"}],"replies":[{"embeddable":true,"href":"https:\/\/rdtestsystems.com\/da\/wp-json\/wp\/v2\/comments?post=16152"}],"version-history":[{"count":6,"href":"https:\/\/rdtestsystems.com\/da\/wp-json\/wp\/v2\/pages\/16152\/revisions"}],"predecessor-version":[{"id":18853,"href":"https:\/\/rdtestsystems.com\/da\/wp-json\/wp\/v2\/pages\/16152\/revisions\/18853"}],"wp:featuredmedia":[{"embeddable":true,"href":"https:\/\/rdtestsystems.com\/da\/wp-json\/wp\/v2\/media\/16150"}],"wp:attachment":[{"href":"https:\/\/rdtestsystems.com\/da\/wp-json\/wp\/v2\/media?parent=16152"}],"curies":[{"name":"wp","href":"https:\/\/api.w.org\/{rel}","templated":true}]}}