{"id":13708,"date":"2022-07-15T11:03:49","date_gmt":"2022-07-15T09:03:49","guid":{"rendered":"https:\/\/www.rd-as.com\/?page_id=13708"},"modified":"2022-08-08T08:34:35","modified_gmt":"2022-08-08T06:34:35","slug":"senior-project-manager","status":"publish","type":"page","link":"https:\/\/rdtestsystems.com\/da\/ledige-stillinger\/senior-project-manager\/","title":{"rendered":"Ledig stilling: Senior Project Manager"},"content":{"rendered":"","protected":false},"excerpt":{"rendered":"","protected":false},"author":23,"featured_media":0,"parent":3195,"menu_order":9,"comment_status":"closed","ping_status":"closed","template":"views\/template-modules.blade.php","meta":{"footnotes":""},"class_list":["post-13708","page","type-page","status-publish","hentry"],"yoast_head":"<!-- This site is optimized with the Yoast SEO plugin v25.7 - https:\/\/yoast.com\/wordpress\/plugins\/seo\/ -->\n<title>Ledig stilling: Senior Project Manager - R&amp;D Test Systems<\/title>\n<meta name=\"robots\" content=\"index, follow, max-snippet:-1, max-image-preview:large, max-video-preview:-1\" \/>\n<link rel=\"canonical\" href=\"https:\/\/rdtestsystems.com\/da\/ledige-stillinger\/senior-project-manager\/\" \/>\n<meta property=\"og:locale\" content=\"da_DK\" \/>\n<meta property=\"og:type\" content=\"article\" \/>\n<meta property=\"og:title\" content=\"Ledig stilling: Senior Project Manager - R&amp;D Test Systems\" \/>\n<meta property=\"og:url\" content=\"https:\/\/rdtestsystems.com\/da\/ledige-stillinger\/senior-project-manager\/\" \/>\n<meta property=\"og:site_name\" content=\"R&amp;D Test Systems\" \/>\n<meta property=\"article:modified_time\" content=\"2022-08-08T06:34:35+00:00\" \/>\n<meta name=\"twitter:card\" content=\"summary_large_image\" \/>\n<script type=\"application\/ld+json\" class=\"yoast-schema-graph\">{\"@context\":\"https:\/\/schema.org\",\"@graph\":[{\"@type\":\"WebPage\",\"@id\":\"https:\/\/rdtestsystems.com\/da\/ledige-stillinger\/senior-project-manager\/\",\"url\":\"https:\/\/rdtestsystems.com\/da\/ledige-stillinger\/senior-project-manager\/\",\"name\":\"Ledig stilling: Senior Project Manager - R&amp;D Test Systems\",\"isPartOf\":{\"@id\":\"https:\/\/rdtestsystems.com\/#website\"},\"datePublished\":\"2022-07-15T09:03:49+00:00\",\"dateModified\":\"2022-08-08T06:34:35+00:00\",\"breadcrumb\":{\"@id\":\"https:\/\/rdtestsystems.com\/da\/ledige-stillinger\/senior-project-manager\/#breadcrumb\"},\"inLanguage\":\"da-DK\",\"potentialAction\":[{\"@type\":\"ReadAction\",\"target\":[\"https:\/\/rdtestsystems.com\/da\/ledige-stillinger\/senior-project-manager\/\"]}]},{\"@type\":\"BreadcrumbList\",\"@id\":\"https:\/\/rdtestsystems.com\/da\/ledige-stillinger\/senior-project-manager\/#breadcrumb\",\"itemListElement\":[{\"@type\":\"ListItem\",\"position\":1,\"name\":\"Home\",\"item\":\"https:\/\/rdtestsystems.com\/da\/\"},{\"@type\":\"ListItem\",\"position\":2,\"name\":\"Ledige stillinger\",\"item\":\"https:\/\/rdtestsystems.com\/da\/ledige-stillinger\/\"},{\"@type\":\"ListItem\",\"position\":3,\"name\":\"Ledig stilling: Senior Project Manager\"}]},{\"@type\":\"WebSite\",\"@id\":\"https:\/\/rdtestsystems.com\/#website\",\"url\":\"https:\/\/rdtestsystems.com\/\",\"name\":\"R&amp;D Test Systems\",\"description\":\"Creating Value Through World-Class Engineering\",\"potentialAction\":[{\"@type\":\"SearchAction\",\"target\":{\"@type\":\"EntryPoint\",\"urlTemplate\":\"https:\/\/rdtestsystems.com\/?s={search_term_string}\"},\"query-input\":{\"@type\":\"PropertyValueSpecification\",\"valueRequired\":true,\"valueName\":\"search_term_string\"}}],\"inLanguage\":\"da-DK\"}]}<\/script>\n<!-- \/ Yoast SEO plugin. -->","yoast_head_json":{"title":"Ledig stilling: Senior Project Manager - R&amp;D Test Systems","robots":{"index":"index","follow":"follow","max-snippet":"max-snippet:-1","max-image-preview":"max-image-preview:large","max-video-preview":"max-video-preview:-1"},"canonical":"https:\/\/rdtestsystems.com\/da\/ledige-stillinger\/senior-project-manager\/","og_locale":"da_DK","og_type":"article","og_title":"Ledig stilling: Senior Project Manager - R&amp;D Test Systems","og_url":"https:\/\/rdtestsystems.com\/da\/ledige-stillinger\/senior-project-manager\/","og_site_name":"R&amp;D Test Systems","article_modified_time":"2022-08-08T06:34:35+00:00","twitter_card":"summary_large_image","schema":{"@context":"https:\/\/schema.org","@graph":[{"@type":"WebPage","@id":"https:\/\/rdtestsystems.com\/da\/ledige-stillinger\/senior-project-manager\/","url":"https:\/\/rdtestsystems.com\/da\/ledige-stillinger\/senior-project-manager\/","name":"Ledig stilling: Senior Project Manager - R&amp;D Test Systems","isPartOf":{"@id":"https:\/\/rdtestsystems.com\/#website"},"datePublished":"2022-07-15T09:03:49+00:00","dateModified":"2022-08-08T06:34:35+00:00","breadcrumb":{"@id":"https:\/\/rdtestsystems.com\/da\/ledige-stillinger\/senior-project-manager\/#breadcrumb"},"inLanguage":"da-DK","potentialAction":[{"@type":"ReadAction","target":["https:\/\/rdtestsystems.com\/da\/ledige-stillinger\/senior-project-manager\/"]}]},{"@type":"BreadcrumbList","@id":"https:\/\/rdtestsystems.com\/da\/ledige-stillinger\/senior-project-manager\/#breadcrumb","itemListElement":[{"@type":"ListItem","position":1,"name":"Home","item":"https:\/\/rdtestsystems.com\/da\/"},{"@type":"ListItem","position":2,"name":"Ledige stillinger","item":"https:\/\/rdtestsystems.com\/da\/ledige-stillinger\/"},{"@type":"ListItem","position":3,"name":"Ledig stilling: Senior Project Manager"}]},{"@type":"WebSite","@id":"https:\/\/rdtestsystems.com\/#website","url":"https:\/\/rdtestsystems.com\/","name":"R&amp;D Test Systems","description":"Creating Value Through World-Class Engineering","potentialAction":[{"@type":"SearchAction","target":{"@type":"EntryPoint","urlTemplate":"https:\/\/rdtestsystems.com\/?s={search_term_string}"},"query-input":{"@type":"PropertyValueSpecification","valueRequired":true,"valueName":"search_term_string"}}],"inLanguage":"da-DK"}]}},"app_templates_about_top_banner_image":"","app_templates_about_top_banner_video":"","app_templates_about_top_banner_subtitle":"","app_templates_about_top_banner_title":"","app_templates_about_modules_sections":[],"app_templates_about_clients_bg_color":"transparent","app_templates_about_clients_title":"","app_templates_about_clients_logos":[],"app_templates_about_clients_button":{"value":"","url":"","anchor":"","blank":0},"app_templates_contact_top_banner_image":"","app_templates_contact_top_banner_video":"","app_templates_contact_top_banner_subtitle":"","app_templates_contact_top_banner_title":"","app_templates_contact_legal_company_name":"","app_templates_contact_legal_street":"","app_templates_contact_legal_zip":"","app_templates_contact_legal_city":"","app_templates_contact_offices_title":"","app_templates_contact_offices_description":"","app_templates_contact_form_subjects":[],"app_templates_contact_modules_sections":[],"app_templates_homepage_top_slider_slides":[],"app_templates_homepage_modules_sections":[],"app_templates_modules_top_banner_image":"13184","app_templates_modules_top_banner_video":"","app_templates_modules_top_banner_subtitle":"Karriere","app_templates_modules_top_banner_title":"Senior Project Manager","app_templates_modules_modules_sections":[{"_type":"text_image","nav_title":"","bg_color":"transparent","title":"Vi s\u00f8ger en Senior Project Manager med flair for teknik, \u00f8konomi og tv\u00e6rfaglighed","preface":"","image":"13486","video":"","autoplay":true,"position":"right","content":"R&amp;D Test Systems er en af verdens f\u00f8rende leverand\u00f8rer af store turnkey testsystemer og r\u00e5dgivning til vindm\u00f8lle- og flybranchen. Med 15 \u00e5rs erfaring fra industrien hj\u00e6lper vi vores kunder med at bringe ny state-of-the-art teknologi til markedet. Vi har tradition for et h\u00f8jt fagligt niveau og en flad organisationsstruktur, hvilket g\u00f8r faglig sparring til en naturlig del af vores hverdag. Du tr\u00e6der ind i en virksomhed, hvor du finder\u00a0150 engagerede ingeni\u00f8rkolleger, som er specialister indenfor bl.a. mekanik, elektronik, hydraulik og softwareudvikling.\r\n\r\nDa vi l\u00f8ser \u201done-off\u201d projekter, som udvikles specifikt til et projekt, har vi ikke en stor administration. Det er igennem projektteamet koncepter og l\u00f8sninger besluttes i samarbejde med dig. Som Senior Project Manager hos R&amp;D Test Systems har du derfor stor frihed til at ud\u00f8ve world-class projektledelse, hvor du og teamet baner vejen for et succesfuldt projekt.\r\n\r\nVi arbejder i dedikerede projektteams, og vi tror p\u00e5, at vi kan mere gennem god kommunikation og stor interaktion \u2013 derfor sidder teamet fysisk sammen. Vi forventer, at du stives i et milj\u00f8 pr\u00e6get af en stor tv\u00e6rfaglighed, da vores projekter er kendetegnet ved, at alle vores ingeni\u00f8rdiscipliner kommer i spil i l\u00f8bet af projektet.\r\n\r\nVores DNA lever aktivt i virksomheden, hvor bl.a. entrepren\u00f8rskab, ejerskab, fleksibilitet, transparens og partnerskab er b\u00e6rende elementer i m\u00e5den, hvorp\u00e5 vi arbejder med vores projekter og er overfor vores kunder.","button":{"value":"","url":"","anchor":"","blank":"0"},"button_color":"btn-primary","services":[]},{"_type":"image_banner","nav_title":"","bg_color":"transparent","image":"11311","pretitle":"","title":"Rollen som Senior Project Manager indeb\u00e6rer blandt andet:","description":"<ul>\r\n \t<li>Ansvar i hele projektets levetid og involvering i alle processer fra underskrevet kontrakt fra salg til overdragelse til service.<\/li>\r\n \t<li>Udarbejdelse af projektplaner<\/li>\r\n \t<li>Kontakt med kunder. Vi tror p\u00e5 partnerskaber og s\u00f8ger at g\u00f8re det let for kunden.<\/li>\r\n \t<li>Leverand\u00f8rforhandlinger. Vi forventer, at du motiveres af at lave den gode handel og g\u00e5r til opgaven med samme indstilling, som hvis det var dine egne penge.<\/li>\r\n \t<li>One-off-projekter bevirker, at vi ikke har en stor organisation bagved og ingen indk\u00f8bsafdeling, s\u00e5 vi arbejder t\u00e6t sammen i projekterne og l\u00f8ser opgaverne sammen i teamet.<\/li>\r\n \t<li>Sikre fremdriften i projektet, herunder sparring med ingeni\u00f8rerne.<\/li>\r\n \t<li>L\u00f8bende vedligehold af budgettet, herunder opf\u00f8lgning p\u00e5 indk\u00f8bsbudget og timeforbrug ifht. fremdrift.<\/li>\r\n<\/ul>\r\nDin baggrund er ingeni\u00f8r, maskinmester el. ligende.","button":{"value":"","url":"https:\/\/e-recruitment-tool.myhrsol.com\/RD\/Jobs\/TemplatePreview\/11476","anchor":"Ans\u00f8g her","blank":"0"},"button_color":"btn-primary","services":[],"height":"short"},{"_type":"content","nav_title":"","bg_color":"transparent","title":"Vi tror p\u00e5 godt kollegaskab og fleksibilitet","body":"<p class=\"IndexCxSpFirst\"><span lang=\"DA\">Hos R&amp;D Test Systems er der gode muligheder for l\u00f8bende udvikling igennem projekterne, samt sparring mellem vores ca. 20 projektledere. Vi underst\u00f8tter den gr\u00f8nne omstilling, n\u00e5r vore anl\u00e6g tester fremtidens gr\u00f8nne l\u00f8sninger.<\/span><span lang=\"DA\">\u00a0<\/span><\/p>\r\n<p class=\"IndexCxSpMiddle\"><span lang=\"DA\">Noget af det, der g\u00f8r R&amp;D Test Systems unik som arbejdsplads, er vores m\u00e5de at v\u00e6re overfor hinanden p\u00e5. Du vil hurtigt opleve, at du er en del af en virksomhed, hvor vi s\u00e6tter pris p\u00e5 kollegaskabet - og som vi alle ved, g\u00f8r det ogs\u00e5 arbejdet nemmere, n\u00e5r man kender hinanden. <\/span><\/p>\r\n<p class=\"IndexCxSpLast\"><span lang=\"DA\">Vi mener det, n\u00e5r vi siger, at fleksibilitet skal g\u00e5 begge veje, og vi forst\u00e5r, at der skal v\u00e6re plads til b\u00e5de karriere, fritid og familietid. Vi tilbyder flekstid samt frugt- og frokostordning i vores kantine, som hver dag serverer l\u00e6kre varme og kolde retter.<\/span><\/p>","text_align":"center"},{"_type":"video-module","nav_title":"","bg_color":"light","title":"Hvordan er det at arbejde som Project Manager?","description":"M\u00f8d en af vores Project Manager og h\u00f8r mere om hvad arbejdet byder p\u00e5. ","video":"","embed":"https:\/\/www.youtube.com\/watch?v=BdC7g0RJ-5Y","video_size":"sm"},{"_type":"info_banner","nav_title":"","bg_color":"transparent","image":"10857","video":"","pretitle":"","title":"Er du vores n\u00e6ste Senior Project Manager?","preface":"","content":"<p class=\"Index\"><span lang=\"DA\">S\u00e5 s\u00f8g jobbet via vores hjemmeside, har du sp\u00f8rgsm\u00e5l til stillingen kontaktes Nicolas Gjerlev Andersen p\u00e5 +45 29822871 eller mail NGA@rdas.dk.<\/span><\/p>\r\nLokation for stillingen: Hinnerup, Odense eller Aalborg.","button":{"value":"","url":"https:\/\/e-recruitment-tool.myhrsol.com\/RD\/Jobs\/TemplatePreview\/11476","anchor":"Ans\u00f8g her","blank":"0"},"button_color":"btn-wh","services":[],"position":"left","background_color":"semi-white"},{"_type":"contact","nav_title":"","bg_color":"light","title":"Hvordan kan vi hj\u00e6lpe dig?","description":"Hvis du har nogle sp\u00f8rgsm\u00e5l til stillingen, er du mere end velkommen til at kontakte os.","show_categories":false,"form_text":"N\u00e5r du udfylder kontaktformularen, bekr\u00e6fter du at du l\u00e6st og accepteret vores privatlivspolitik. ","subjects":[],"employees":[{"value":"post:employees:140","type":"post","subtype":"employees","id":"140"}],"hide_responsibilities":false}],"app_templates_modules_custom_backlink_link":{"value":"","url":"","anchor":"","blank":"0"},"app_templates_privacy_policy_top_banner_image":"","app_templates_privacy_policy_top_banner_video":"","app_templates_privacy_policy_top_banner_subtitle":"","app_templates_privacy_policy_top_banner_title":"","_links":{"self":[{"href":"https:\/\/rdtestsystems.com\/da\/wp-json\/wp\/v2\/pages\/13708","targetHints":{"allow":["GET"]}}],"collection":[{"href":"https:\/\/rdtestsystems.com\/da\/wp-json\/wp\/v2\/pages"}],"about":[{"href":"https:\/\/rdtestsystems.com\/da\/wp-json\/wp\/v2\/types\/page"}],"author":[{"embeddable":true,"href":"https:\/\/rdtestsystems.com\/da\/wp-json\/wp\/v2\/users\/23"}],"replies":[{"embeddable":true,"href":"https:\/\/rdtestsystems.com\/da\/wp-json\/wp\/v2\/comments?post=13708"}],"version-history":[{"count":28,"href":"https:\/\/rdtestsystems.com\/da\/wp-json\/wp\/v2\/pages\/13708\/revisions"}],"predecessor-version":[{"id":13739,"href":"https:\/\/rdtestsystems.com\/da\/wp-json\/wp\/v2\/pages\/13708\/revisions\/13739"}],"up":[{"embeddable":true,"href":"https:\/\/rdtestsystems.com\/da\/wp-json\/wp\/v2\/pages\/3195"}],"wp:attachment":[{"href":"https:\/\/rdtestsystems.com\/da\/wp-json\/wp\/v2\/media?parent=13708"}],"curies":[{"name":"wp","href":"https:\/\/api.w.org\/{rel}","templated":true}]}}