{"id":11156,"date":"2018-09-18T08:30:41","date_gmt":"2018-09-18T06:30:41","guid":{"rendered":"https:\/\/www.rd-as.com\/about\/"},"modified":"2025-08-18T14:12:21","modified_gmt":"2025-08-18T12:12:21","slug":"om-rd","status":"publish","type":"page","link":"https:\/\/rdtestsystems.com\/da\/om-rd\/","title":{"rendered":"Om os"},"content":{"rendered":"","protected":false},"excerpt":{"rendered":"","protected":false},"author":2,"featured_media":0,"parent":0,"menu_order":14,"comment_status":"closed","ping_status":"closed","template":"views\/template-about.blade.php","meta":{"footnotes":""},"class_list":["post-11156","page","type-page","status-publish","hentry"],"yoast_head":"<!-- This site is optimized with the Yoast SEO plugin v25.7 - https:\/\/yoast.com\/wordpress\/plugins\/seo\/ -->\n<title>Om os | R&amp;D Test Systems Test Systems<\/title>\n<meta name=\"description\" content=\"R&amp;D Test Systems er en af verdens f\u00f8rende leverand\u00f8rer af store turnkey testsystemer og r\u00e5dgivning til vindm\u00f8lle- og flybranchen.\" \/>\n<meta name=\"robots\" content=\"index, follow, max-snippet:-1, max-image-preview:large, max-video-preview:-1\" \/>\n<link rel=\"canonical\" href=\"https:\/\/rdtestsystems.com\/da\/om-rd\/\" \/>\n<meta property=\"og:locale\" content=\"da_DK\" \/>\n<meta property=\"og:type\" content=\"article\" \/>\n<meta property=\"og:title\" content=\"Om os | R&amp;D Test Systems Test Systems\" \/>\n<meta property=\"og:description\" content=\"R&amp;D Test Systems er en af verdens f\u00f8rende leverand\u00f8rer af store turnkey testsystemer og r\u00e5dgivning til vindm\u00f8lle- og flybranchen.\" \/>\n<meta property=\"og:url\" content=\"https:\/\/rdtestsystems.com\/da\/om-rd\/\" \/>\n<meta property=\"og:site_name\" content=\"R&amp;D Test Systems\" \/>\n<meta property=\"article:modified_time\" content=\"2025-08-18T12:12:21+00:00\" \/>\n<meta name=\"twitter:card\" content=\"summary_large_image\" \/>\n<meta name=\"twitter:label1\" content=\"Est. reading time\" \/>\n\t<meta name=\"twitter:data1\" content=\"3 minutes\" \/>\n<script type=\"application\/ld+json\" class=\"yoast-schema-graph\">{\"@context\":\"https:\/\/schema.org\",\"@graph\":[{\"@type\":\"WebPage\",\"@id\":\"https:\/\/rdtestsystems.com\/da\/om-rd\/\",\"url\":\"https:\/\/rdtestsystems.com\/da\/om-rd\/\",\"name\":\"Om os | R&amp;D Test Systems Test Systems\",\"isPartOf\":{\"@id\":\"https:\/\/rdtestsystems.com\/#website\"},\"datePublished\":\"2018-09-18T06:30:41+00:00\",\"dateModified\":\"2025-08-18T12:12:21+00:00\",\"description\":\"R&D Test Systems er en af verdens f\u00f8rende leverand\u00f8rer af store turnkey testsystemer og r\u00e5dgivning til vindm\u00f8lle- og flybranchen.\",\"breadcrumb\":{\"@id\":\"https:\/\/rdtestsystems.com\/da\/om-rd\/#breadcrumb\"},\"inLanguage\":\"da-DK\",\"potentialAction\":[{\"@type\":\"ReadAction\",\"target\":[\"https:\/\/rdtestsystems.com\/da\/om-rd\/\"]}]},{\"@type\":\"BreadcrumbList\",\"@id\":\"https:\/\/rdtestsystems.com\/da\/om-rd\/#breadcrumb\",\"itemListElement\":[{\"@type\":\"ListItem\",\"position\":1,\"name\":\"Home\",\"item\":\"https:\/\/rdtestsystems.com\/da\/\"},{\"@type\":\"ListItem\",\"position\":2,\"name\":\"Om os\"}]},{\"@type\":\"WebSite\",\"@id\":\"https:\/\/rdtestsystems.com\/#website\",\"url\":\"https:\/\/rdtestsystems.com\/\",\"name\":\"R&amp;D Test Systems\",\"description\":\"Creating Value Through World-Class Engineering\",\"potentialAction\":[{\"@type\":\"SearchAction\",\"target\":{\"@type\":\"EntryPoint\",\"urlTemplate\":\"https:\/\/rdtestsystems.com\/?s={search_term_string}\"},\"query-input\":{\"@type\":\"PropertyValueSpecification\",\"valueRequired\":true,\"valueName\":\"search_term_string\"}}],\"inLanguage\":\"da-DK\"}]}<\/script>\n<!-- \/ Yoast SEO plugin. -->","yoast_head_json":{"title":"Om os | R&amp;D Test Systems Test Systems","description":"R&D Test Systems er en af verdens f\u00f8rende leverand\u00f8rer af store turnkey testsystemer og r\u00e5dgivning til vindm\u00f8lle- og flybranchen.","robots":{"index":"index","follow":"follow","max-snippet":"max-snippet:-1","max-image-preview":"max-image-preview:large","max-video-preview":"max-video-preview:-1"},"canonical":"https:\/\/rdtestsystems.com\/da\/om-rd\/","og_locale":"da_DK","og_type":"article","og_title":"Om os | R&amp;D Test Systems Test Systems","og_description":"R&D Test Systems er en af verdens f\u00f8rende leverand\u00f8rer af store turnkey testsystemer og r\u00e5dgivning til vindm\u00f8lle- og flybranchen.","og_url":"https:\/\/rdtestsystems.com\/da\/om-rd\/","og_site_name":"R&amp;D Test Systems","article_modified_time":"2025-08-18T12:12:21+00:00","twitter_card":"summary_large_image","twitter_misc":{"Est. reading time":"3 minutes"},"schema":{"@context":"https:\/\/schema.org","@graph":[{"@type":"WebPage","@id":"https:\/\/rdtestsystems.com\/da\/om-rd\/","url":"https:\/\/rdtestsystems.com\/da\/om-rd\/","name":"Om os | R&amp;D Test Systems Test Systems","isPartOf":{"@id":"https:\/\/rdtestsystems.com\/#website"},"datePublished":"2018-09-18T06:30:41+00:00","dateModified":"2025-08-18T12:12:21+00:00","description":"R&D Test Systems er en af verdens f\u00f8rende leverand\u00f8rer af store turnkey testsystemer og r\u00e5dgivning til vindm\u00f8lle- og flybranchen.","breadcrumb":{"@id":"https:\/\/rdtestsystems.com\/da\/om-rd\/#breadcrumb"},"inLanguage":"da-DK","potentialAction":[{"@type":"ReadAction","target":["https:\/\/rdtestsystems.com\/da\/om-rd\/"]}]},{"@type":"BreadcrumbList","@id":"https:\/\/rdtestsystems.com\/da\/om-rd\/#breadcrumb","itemListElement":[{"@type":"ListItem","position":1,"name":"Home","item":"https:\/\/rdtestsystems.com\/da\/"},{"@type":"ListItem","position":2,"name":"Om os"}]},{"@type":"WebSite","@id":"https:\/\/rdtestsystems.com\/#website","url":"https:\/\/rdtestsystems.com\/","name":"R&amp;D Test Systems","description":"Creating Value Through World-Class Engineering","potentialAction":[{"@type":"SearchAction","target":{"@type":"EntryPoint","urlTemplate":"https:\/\/rdtestsystems.com\/?s={search_term_string}"},"query-input":{"@type":"PropertyValueSpecification","valueRequired":true,"valueName":"search_term_string"}}],"inLanguage":"da-DK"}]}},"app_templates_about_top_banner_image":"15958","app_templates_about_top_banner_video":"","app_templates_about_top_banner_subtitle":"Om R&D","app_templates_about_top_banner_title":"En virksomhed med specialiserede ingeni\u00f8rer","app_templates_about_modules_sections":[{"_type":"content","nav_title":"","bg_color":"transparent","title":"Passion for world-class engineering","body":"Vi hj\u00e6lper vores kunder med at bringe ny state-of-the-art teknologi til markedet. Med en bred industrividen og h\u00f8jspecialiserede ingeni\u00f8rer har vi den rigtige ekspertise til at hj\u00e6lpe vores kunder med b\u00e5de med <a href=\"https:\/\/rdtestsystems.com\/da\/services-products\/technology-solutions\/\">udviklingsprojekter<\/a> og validering af ny teknologi med turnkey <a href=\"https:\/\/rdtestsystems.com\/da\/services-products\/test-systems\/\">testsystemer<\/a>.\r\n\r\nR&amp;D Test Systems er en del af\u00a0<a href=\"https:\/\/www.itw.com\/\">ITW<\/a>.","text_align":"center"},{"_type":"timeline","nav_title":"","bg_color":"light","title":"Tidslinje","description":"Virksomheden blev grundlagt i 2005 med ambitionen om at g\u00f8re udfordringer til ingeni\u00f8rarbejde i verdensklasse. Det, der startede som en passion, er nu en banebrydende virksomhed med specialiserede ingeni\u00f8rer, der udvikler innovative l\u00f8sninger til en lang r\u00e6kke indflydelsesrige virksomheder fra vind- og flybranchen. Vores ambition er at udvikle innovative l\u00f8sninger, der tilf\u00f8jer betydelig v\u00e6rdi til vores kunders virksomheder.","items":[{"_type":"_","label":"2005","title":"","description":"<span class=\"TextRun SCXO132300285 BCX9\" lang=\"DA-DK\" xml:lang=\"DA-DK\" data-contrast=\"auto\"><span class=\"NormalTextRun SCXO132300285 BCX9\">R&amp;D Test Systems er grundlagt i Hinnerup, Danmark, med speciale i design og fremstilling af store maskiner.<\/span><\/span><span class=\"EOP SCXO132300285 BCX9\">\u00a0<\/span>"},{"_type":"_","label":"2009-2013","title":"","description":"<ul>\r\n \t<li><span data-contrast=\"auto\">For f\u00f8rste gang er R&amp;D Test Systems n\u00f8gleleverand\u00f8r p\u00e5 en testb\u00e6nk.<\/span><\/li>\r\n \t<li>Udvikling af den f\u00f8rste testb\u00e6nk til vindindustrien med betonfundament.<\/li>\r\n \t<li><span data-contrast=\"auto\">Udviklingen af den f\u00f8rste st\u00f8rre gearkassetestb\u00e6nk.<\/span><\/li>\r\n \t<li><span data-contrast=\"auto\">Den f\u00f8rste Rain Erosion Tester til vindindustrien leveres til en kunde i 2012.<\/span><\/li>\r\n \t<li>Gazelleprisen vindes fire \u00e5r i tr\u00e6k.<\/li>\r\n<\/ul>"},{"_type":"_","label":"2016","title":"","description":"<span class=\"TextRun SCXO46250232 BCX9\" lang=\"DA-DK\" xml:lang=\"DA-DK\" data-contrast=\"auto\"><span class=\"NormalTextRun SCXO46250232 BCX9\">R&amp;D Test Systems begynder at udvikle verdens st\u00f8rste HALT testb\u00e6nk til LORC, hvilket s\u00e6tter nye standarder for udvikling af testsystemer.<\/span><\/span><span class=\"EOP SCXO46250232 BCX9\">\u00a0<\/span>"},{"_type":"_","label":"2017","title":"","description":"<ul>\r\n \t<li><span data-contrast=\"auto\">R&amp;D Test Systems \u00e5bner et kontor i Tjekkiet.<\/span><\/li>\r\n \t<li><span data-contrast=\"auto\">R&amp;D Test Systems k\u00f8ber en svejsevirksomhed for at blive n\u00f8glef\u00e6rdig leverand\u00f8r af b\u00e5de ingeni\u00f8r- og st\u00e5lkonstruktioner.<\/span><\/li>\r\n \t<li><span data-contrast=\"auto\">R&amp;D Test Systems'\u00a0<\/span><span data-contrast=\"auto\">personaleforening\u00a0<\/span><span data-contrast=\"auto\">oprettes.<\/span><\/li>\r\n<\/ul>"},{"_type":"_","label":"2018","title":"","description":"<ul>\r\n \t<li><span data-contrast=\"auto\">R&amp;D Test Systems udvider sin internationale tilstedev\u00e6relse med nye kontorer i Berlin og Frankfurt am Main.<\/span><\/li>\r\n \t<li><span data-contrast=\"auto\">R&amp;D Test Systems flytter sit hovedkontor til en ny lokation i Hinnerup for at im\u00f8dekomme\u00a0<\/span><span data-contrast=\"auto\">den stigende eftersp\u00f8rgsel efter komplette systemleverancer p\u00e5 det danske og globale marked.<\/span><\/li>\r\n<\/ul>"},{"_type":"_","label":"2019","title":"","description":"<ul>\r\n \t<li><span data-contrast=\"auto\">MTS Systems Corporation opk\u00f8ber R&amp;D Test Systems.<\/span><\/li>\r\n \t<li><span data-contrast=\"auto\">LORC v\u00e6lger R&amp;D Test Systems som n\u00f8glef\u00e6rdig leverand\u00f8r til at udvikle en rekordstor HALT testb\u00e6nk, HALT XL, til den n\u00e6ste generation af havvindm\u00f8ller.<\/span><\/li>\r\n \t<li><span data-contrast=\"auto\">R&amp;D Test Systems projekt \"Green Grass Protein Factory &amp;\u00a0Concept\" er blandt de fem nominerede til hi\u00a0Sustainable\u00a0Development Award.<\/span><\/li>\r\n<\/ul>"},{"_type":"_","label":"2020","title":"","description":"<ul>\r\n \t<li>R&amp;D Test Systems tildeles tre EUDP-finansierede projekter.<\/li>\r\n \t<li>Bolt-Check-v\u00e6rkt\u00f8jet f\u00e5r tildelt patent.<\/li>\r\n<\/ul>"},{"_type":"_","label":"2021","title":"","description":"<ul>\r\n \t<li><span data-contrast=\"auto\">ITW opk\u00f8ber MTS Systems Corporations og R&amp;D Test Systems.<\/span><\/li>\r\n \t<li><span data-contrast=\"auto\">R&amp;D Test Systems leverer den f\u00f8rste\u00a0aerospace\u00a0Rain Erosion Tester designet til at teste flycoating.<\/span><span data-contrast=\"auto\">\u00a0<\/span><\/li>\r\n \t<li><span data-contrast=\"auto\">R&amp;D Test Systems udvikler den f\u00f8rste Dual Axis Exciter til at teste vindm\u00f8llevinger.<\/span><\/li>\r\n<\/ul>"},{"_type":"_","label":"2022","title":"","description":"<ul>\r\n \t<li><span data-contrast=\"auto\">R&amp;D Test Systems er udpeget som n\u00f8glef\u00e6rdig leverand\u00f8r af en 30MW valideringstestb\u00e6nk til vindm\u00f8ller og gearkasser til ZF Wind Power.<\/span><\/li>\r\n \t<li><span data-contrast=\"auto\">Indvielse af Vestas' nye testb\u00e6nk, som R&amp;D Test Systems har designet og udviklet.<\/span><\/li>\r\n \t<li><span data-contrast=\"auto\">R&amp;D Test Systems leverer to nye n\u00f8glef\u00e6rdige End-Of-Line testsystemer til\u00a0Flender\u00a0(Winergy).<\/span><\/li>\r\n<\/ul>"},{"_type":"_","label":"2023","title":"","description":"<ul>\r\n \t<li data-aria-posinset=\"1\" data-aria-level=\"2\"><span data-contrast=\"auto\">Tildeles EUDP-midler til DIGIT-BENCH-projektet, der har til form\u00e5l at udforske potentialet i digitalisering og digitale tvillinger til testb\u00e6nke i stor skala.<\/span><\/li>\r\n \t<li data-aria-posinset=\"1\" data-aria-level=\"2\">R&amp;D Test Systems vinder ordre p\u00e5 den kraftigste end-of-line-testb\u00e6nk til ZF Wind Power.<\/li>\r\n \t<li data-aria-posinset=\"1\" data-aria-level=\"2\">DTU k\u00f8ber regn erosions tester til mere forskning og udvikling p\u00e5 omr\u00e5det.<\/li>\r\n \t<li data-aria-posinset=\"1\" data-aria-level=\"2\">Ny blade exciter testb\u00e6nk til WTTC kan teste vindm\u00f8llevinger op til 130 meter lange.<\/li>\r\n<\/ul>"},{"_type":"_","label":"2024","title":"","description":"<ul>\r\n \t<li>Udpeges til at udvikle verdens st\u00f8rste hovedlejetestb\u00e6nk til LORC<\/li>\r\n<\/ul>"}]},{"_type":"text_image","nav_title":"","bg_color":"transparent","title":"Kvalitetssikring","preface":"","image":"15878","video":"","autoplay":false,"position":"left","content":"Vi \u00f8nsker at indarbejde vores kvalitetstankegang i hele vores v\u00e6rdik\u00e6de og etablere et f\u00e6lles m\u00e5l, der styrker samarbejdet, reducerer fejl og \u00f8ger omkostningseffektiviteten af samlede l\u00f8sninger. Vi f\u00f8lger internationale standarder for kvalitet og sikkerhed, og vi er certificeret efter flere certificeringer.","button":{"value":"","url":"\/quality-assurance\/","anchor":"Se vores certifikater og kvalitetspolitik her","blank":"0"},"button_color":"btn-primary","services":[]},{"_type":"image_banner","nav_title":"","bg_color":"transparent","image":"16645","pretitle":"","title":"Vores v\u00e6rdier","description":"Vores v\u00e6rdier beskriver, hvordan vi er overfor vores kunder, hvordan vi arbejder med vores projekter, og hvordan vi er som kollega og medarbejder.\r\n<ul>\r\n \t<li>Integritet<\/li>\r\n \t<li>Respekt<\/li>\r\n \t<li>Tillid<\/li>\r\n \t<li>Delt risiko<\/li>\r\n \t<li>Simplicitet<\/li>\r\n<\/ul>","button":{"value":"","url":"","anchor":"","blank":"0"},"button_color":"btn-primary","services":[],"height":"short"}],"app_templates_about_clients_bg_color":"transparent","app_templates_about_clients_title":"","app_templates_about_clients_logos":[],"app_templates_about_clients_button":{"value":"","url":"","anchor":"","blank":"0"},"app_templates_contact_top_banner_image":"","app_templates_contact_top_banner_video":"","app_templates_contact_top_banner_subtitle":"","app_templates_contact_top_banner_title":"","app_templates_contact_legal_company_name":"","app_templates_contact_legal_street":"","app_templates_contact_legal_zip":"","app_templates_contact_legal_city":"","app_templates_contact_offices_title":"","app_templates_contact_offices_description":"","app_templates_contact_form_subjects":[],"app_templates_contact_modules_sections":[],"app_templates_homepage_top_slider_slides":[],"app_templates_homepage_modules_sections":[],"app_templates_modules_top_banner_image":"","app_templates_modules_top_banner_video":"","app_templates_modules_top_banner_subtitle":"","app_templates_modules_top_banner_title":"","app_templates_modules_modules_sections":[],"app_templates_modules_custom_backlink_link":{"value":"","url":"","anchor":"","blank":0},"app_templates_privacy_policy_top_banner_image":"","app_templates_privacy_policy_top_banner_video":"","app_templates_privacy_policy_top_banner_subtitle":"","app_templates_privacy_policy_top_banner_title":"","_links":{"self":[{"href":"https:\/\/rdtestsystems.com\/da\/wp-json\/wp\/v2\/pages\/11156","targetHints":{"allow":["GET"]}}],"collection":[{"href":"https:\/\/rdtestsystems.com\/da\/wp-json\/wp\/v2\/pages"}],"about":[{"href":"https:\/\/rdtestsystems.com\/da\/wp-json\/wp\/v2\/types\/page"}],"author":[{"embeddable":true,"href":"https:\/\/rdtestsystems.com\/da\/wp-json\/wp\/v2\/users\/2"}],"replies":[{"embeddable":true,"href":"https:\/\/rdtestsystems.com\/da\/wp-json\/wp\/v2\/comments?post=11156"}],"version-history":[{"count":47,"href":"https:\/\/rdtestsystems.com\/da\/wp-json\/wp\/v2\/pages\/11156\/revisions"}],"predecessor-version":[{"id":18584,"href":"https:\/\/rdtestsystems.com\/da\/wp-json\/wp\/v2\/pages\/11156\/revisions\/18584"}],"wp:attachment":[{"href":"https:\/\/rdtestsystems.com\/da\/wp-json\/wp\/v2\/media?parent=11156"}],"curies":[{"name":"wp","href":"https:\/\/api.w.org\/{rel}","templated":true}]}}